{"id":11,"date":"2022-02-07T16:47:17","date_gmt":"2022-02-07T16:47:17","guid":{"rendered":"https:\/\/mconnect-preprod.go-vip.net\/mconnect-lite\/?page_id=11"},"modified":"2022-10-20T14:01:28","modified_gmt":"2022-10-20T14:01:28","slug":"home","status":"publish","type":"page","link":"https:\/\/msdconecta.co.cr\/es\/","title":{"rendered":"Home"},"content":{"rendered":"\n<div         class=\"mhh-mcn-v1-banner mhh-mcn-v1-banner--d554b830ebe762536058dbffd013ad1d\"\n>\n    <figure class=\"mhh-mcn-v1-banner__image mhh-mcn-v1-image mhh-mcn-v1-image--bc75efd4e995f7fa9ffed4561c929d15\">\n                    <img loading=\"lazy\" decoding=\"async\"\n        class=\"mhh-mcn-image mhh-mcn-image--2048x2048 wp-image-11068\"\n        src=\"https:\/\/msdconecta.co.cr\/es\/wp-content\/uploads\/sites\/77\/2022\/08\/home_oficial.png?w=960&#038;quality=80&#038;lossy=1\"\n        width=\"960\"\n        height=\"540\"\n                alt=\"home_oficial\"\n            \/>\n            <\/figure>\n    <div class=\"mhh-mcn-v1-banner__content-container-wrap\">\n        \n\n<div class=\"mhh-mcn-v1-banner-content mhh-mcn-v1-banner-content--cf49d02d5f719f2e3e8ac4a6fc82e4c4\">\n    \n\n<h2 class=\"mhh-mcn-v1-banner-content__headline has-text-color wp-block-heading  mhh-mcn-v1-heading mhh-mcn-v1-heading--16f046a1e2c83ef1ed36ee08c5460bfb\" style=\"color:#ffffff\">Acceda a contenidos y recursos pensados para su pr\u00e1ctica profesional.<\/h2>\n\n\n\n<p class=\"mhh-mcn-v1-banner-content__summary has-text-color   mhh-mcn-v1-paragraph mhh-mcn-v1-paragraph--b803e50c37fd783dd46f5b1ac7cee5a6\" style=\"color:#ffffff\">Cientos de JOURNALS y materiales que hemos preparado para potenciar sus conocimientos cient\u00edficos.<\/p>\n\n\n<div class=\"mhh-mcn-v1-links mhh-mcn-v1-links--f2602878c083c8d880f27af549f5bf53\">\n    <a class=\"mhh-mcn-v1-link mhh-mcn-v1-link--14ccc4e956f717ae6abce6f40a093d99 mhh-mcn-v1-link--is-variation mhh-mcn-v1-link--button-custom\" href=\"https:\/\/msdconecta.co.cr\/es\/register\/\" target=\"_self\">\n                    <span class=\"mhh-mcn-v1-link__label\"> Registrese para acceder<\/span>\n                <\/a>\n\n\n\n    <a class=\"mhh-mcn-v1-link mhh-mcn-v1-link--2aa9d9ea2c6dc0c0229c7aabf9f95409 mhh-mcn-v1-link--is-variation mhh-mcn-v1-link--button-custom\" href=\"https:\/\/msdconecta.co.cr\/es\/login\/?screenToRender=signInFull&#038;redirect=https:\/\/msdconecta.co.cr\/es\/\" target=\"_self\">\n                    <span class=\"mhh-mcn-v1-link__label\">Ingrese a su cuenta<\/span>\n                <\/a><\/div>\n\n<\/div>\n\n    <\/div>\n<\/div>\n\n\n\n<div style=\"height:70px\" aria-hidden=\"true\" class=\"wp-block-spacer\"><\/div>\n\n\n\n<h2 class=\"has-teal-500-color has-text-color has-object-object-font-size wp-block-heading  mhh-mcn-v1-heading mhh-mcn-v1-heading--d993499897c05863193a09661ff3304f\"><strong>Seleccione su especialidad o \u00e1rea terape\u00fatica de inter\u00e9s<\/strong><br>y descubra los JOURNALS y recursos que podr\u00e1 encontrar al acceder:<\/h2>\n\n\n<div class=\"mhh-mcn-columns mhh-mcn-v1-columns--cf12d8e5481776074f85b0b6d55d314a mhh-mcn-v1-columns mhh-mcn-columns--gutter-m\">\n    <div class=\"mhh-mcn-columns-inner\">\n        \n<div class=\"mhh-mcn-v1-column mhh-mcn-v1-column--e43f36353ae2c31d366eb896168ab463 mhh-mcn-column mhh-mcn-column--12 mhh-mcn-column--m-6 mhh-mcn-column--l-4\">\n    \n<figure class=\"mhh-mcn-v1-image mhh-mcn-v1-image--align-full mhh-mcn-v1-image--f4f8581d2f31f02df4a19952e4c8c47f\">\n                <a\n        class=\"mhh-mcn-anchor-for-image\"\n        href=\"https:\/\/msdconecta.co.cr\/es\/therapeutic-areas\/oncologia\/\"\n        rel=\"\"\n        target=\"\"\n    >\n            <img decoding=\"async\"\n        class=\"mhh-mcn-image mhh-mcn-image--full wp-image-9100\"\n        src=\"https:\/\/msdconecta.co.cr\/es\/wp-content\/uploads\/sites\/77\/2022\/07\/areas-onco_tcm2359-1300080.png?quality=80&#038;lossy=1\"\n        width=\"268\"\n        height=\"165\"\n        loading=\"lazy\"        alt=\"areas-onco_tcm2359-1300080\"\n            \/>\n        <\/a>\n        <\/figure>\n\n\n\n<p class=\"has-white-color has-dark-blue-background-color has-text-color   mhh-mcn-v1-paragraph mhh-mcn-v1-paragraph--5ba605d7d7e7088d5f5676342f1b60c1\">ONCOLOG\u00cdA<\/p>\n\n\n<div class=\"mhh-mcn-v1-links mhh-mcn-v1-links--a54a80d96a54cb9d9144a32f4d9bb39b\">\n    <a class=\"mhh-mcn-v1-link mhh-mcn-v1-link--4f5ff05c20d3656f34ba61427c7e4bb6\" href=\"https:\/\/msdconecta.co.cr\/es\/therapeutic-areas\/oncologia\/\" target=\"_self\">\n                    <span class=\"mhh-mcn-v1-link__label\">Ver m\u00e1s<\/span>\n                <\/a><\/div>\n\n<\/div>\n\n\n<div class=\"mhh-mcn-v1-column mhh-mcn-v1-column--b0ff1557b35ed7e4ac4902781607ca26 mhh-mcn-column mhh-mcn-column--12 mhh-mcn-column--m-6 mhh-mcn-column--l-4\">\n    \n<figure class=\"mhh-mcn-v1-image mhh-mcn-v1-image--align-full mhh-mcn-v1-image--43bd84168fd3cc072cc372c11e3bce3d\">\n                <a\n        class=\"mhh-mcn-anchor-for-image\"\n        href=\"https:\/\/msdconecta.co.cr\/es\/therapeutic-areas\/antibioticos\/\"\n        rel=\"\"\n        target=\"\"\n    >\n            <img decoding=\"async\"\n        class=\"mhh-mcn-image mhh-mcn-image--full wp-image-9101\"\n        src=\"https:\/\/msdconecta.co.cr\/es\/wp-content\/uploads\/sites\/77\/2022\/07\/areas-antibioticos_tcm2359-1300081.png?quality=80&#038;lossy=1\"\n        width=\"268\"\n        height=\"165\"\n        loading=\"lazy\"        alt=\"areas-antibioticos_tcm2359-1300081\"\n            \/>\n        <\/a>\n        <\/figure>\n\n\n\n<p class=\"has-white-color has-dark-blue-background-color has-text-color   mhh-mcn-v1-paragraph mhh-mcn-v1-paragraph--730e08e76609310f656214cb5d84d330\">ANTIBI\u00d3TICOS<\/p>\n\n\n<div class=\"mhh-mcn-v1-links mhh-mcn-v1-links--abba31f21e25ccc70a34be603356c643\">\n    <a class=\"mhh-mcn-v1-link mhh-mcn-v1-link--8d5d509e703e095eecb30be84977f23f\" href=\"https:\/\/msdconecta.co.cr\/es\/therapeutic-areas\/antibioticos\/\" target=\"_self\">\n                    <span class=\"mhh-mcn-v1-link__label\">Ver m\u00e1s<\/span>\n                <\/a><\/div>\n\n<\/div>\n\n\n<div class=\"mhh-mcn-v1-column mhh-mcn-v1-column--25a9fdad1d66db605ba96576dc0ebd80 mhh-mcn-column mhh-mcn-column--12 mhh-mcn-column--m-6 mhh-mcn-column--l-4\">\n    \n<figure class=\"mhh-mcn-v1-image mhh-mcn-v1-image--align-full mhh-mcn-v1-image--7c1a5a702114c4959cd19c8abbb24466\">\n                <a\n        class=\"mhh-mcn-anchor-for-image\"\n        href=\"https:\/\/msdconecta.co.cr\/es\/therapeutic-areas\/virologia\/\"\n        rel=\"\"\n        target=\"\"\n    >\n            <img decoding=\"async\"\n        class=\"mhh-mcn-image mhh-mcn-image--full wp-image-9102\"\n        src=\"https:\/\/msdconecta.co.cr\/es\/wp-content\/uploads\/sites\/77\/2022\/07\/areas-virologia_tcm2359-1300079.png?quality=80&#038;lossy=1\"\n        width=\"268\"\n        height=\"165\"\n        loading=\"lazy\"        alt=\"areas-virologia_tcm2359-1300079\"\n            \/>\n        <\/a>\n        <\/figure>\n\n\n\n<p class=\"has-white-color has-dark-blue-background-color has-text-color   mhh-mcn-v1-paragraph mhh-mcn-v1-paragraph--9f43a8220dd8ad6cb5f6ab7c2eb10855\">VIROLOG\u00cdA<\/p>\n\n\n<div class=\"mhh-mcn-v1-links mhh-mcn-v1-links--f185f7d3bfed35ec66ac4917c425c210\">\n    <a class=\"mhh-mcn-v1-link mhh-mcn-v1-link--a8d87628ff10949b556aff70c8b2ebac\" href=\"https:\/\/msdconecta.co.cr\/es\/therapeutic-areas\/virologia\/\" target=\"_self\">\n                    <span class=\"mhh-mcn-v1-link__label\">Ver m\u00e1s<\/span>\n                <\/a><\/div>\n\n<\/div>\n\n\n<div class=\"mhh-mcn-v1-column mhh-mcn-v1-column--4c1eb4e70be92e139db32f0d83163445 mhh-mcn-column mhh-mcn-column--12 mhh-mcn-column--m-6 mhh-mcn-column--l-4\">\n    \n<figure class=\"mhh-mcn-v1-image mhh-mcn-v1-image--align-full mhh-mcn-v1-image--ad1e8ce97de06ea1d68d9e230f2dc7eb\">\n                <a\n        class=\"mhh-mcn-anchor-for-image\"\n        href=\"https:\/\/msdconecta.co.cr\/es\/therapeutic-areas\/diabetes\/\"\n        rel=\"\"\n        target=\"\"\n    >\n            <img decoding=\"async\"\n        class=\"mhh-mcn-image mhh-mcn-image--full wp-image-9111\"\n        src=\"https:\/\/msdconecta.co.cr\/es\/wp-content\/uploads\/sites\/77\/2022\/07\/areas-diabetes_tcm2359-1300078.png?quality=80&#038;lossy=1\"\n        width=\"268\"\n        height=\"165\"\n        loading=\"lazy\"        alt=\"areas-diabetes_tcm2359-1300078\"\n            \/>\n        <\/a>\n        <\/figure>\n\n\n\n<p class=\"has-white-color has-dark-blue-background-color has-text-color   mhh-mcn-v1-paragraph mhh-mcn-v1-paragraph--19be0a0f0123b16b001e28e66ee2dce3\">DIABETES<\/p>\n\n\n<div class=\"mhh-mcn-v1-links mhh-mcn-v1-links--7b112f150adee8d8ee47b648b8e39cbd\">\n    <a class=\"mhh-mcn-v1-link mhh-mcn-v1-link--8de76aed8b8149349d7d3f8a86ea9935\" href=\"https:\/\/msdconecta.co.cr\/es\/therapeutic-areas\/diabetes\/\" target=\"_self\">\n                    <span class=\"mhh-mcn-v1-link__label\">Ver m\u00e1s<\/span>\n                <\/a><\/div>\n\n<\/div>\n\n\n<div class=\"mhh-mcn-v1-column mhh-mcn-v1-column--81d57629e4fee12986f3c653a1c38ee6 mhh-mcn-column mhh-mcn-column--12 mhh-mcn-column--m-6 mhh-mcn-column--l-4\">\n    \n<figure class=\"mhh-mcn-v1-image mhh-mcn-v1-image--align-full mhh-mcn-v1-image--282534d1c934668c7aa274aa3eade4b7\">\n                <a\n        class=\"mhh-mcn-anchor-for-image\"\n        href=\"https:\/\/msdconecta.co.cr\/es\/therapeutic-areas\/anestesia\/\"\n        rel=\"\"\n        target=\"\"\n    >\n            <img decoding=\"async\"\n        class=\"mhh-mcn-image mhh-mcn-image--full wp-image-9112\"\n        src=\"https:\/\/msdconecta.co.cr\/es\/wp-content\/uploads\/sites\/77\/2022\/07\/areas-anestesia_tcm2359-1300077.png?quality=80&#038;lossy=1\"\n        width=\"268\"\n        height=\"165\"\n        loading=\"lazy\"        alt=\"areas-anestesia_tcm2359-1300077\"\n            \/>\n        <\/a>\n        <\/figure>\n\n\n\n<p class=\"has-white-color has-dark-blue-background-color has-text-color   mhh-mcn-v1-paragraph mhh-mcn-v1-paragraph--a0a60757891f04b4da0ca69499ad1fe0\">ANESTESIA<\/p>\n\n\n<div class=\"mhh-mcn-v1-links mhh-mcn-v1-links--6f4985f7d1a260cbe7052ab644cf93b9\">\n    <a class=\"mhh-mcn-v1-link mhh-mcn-v1-link--8d7d0a6ed8d34f6ae9aaa1554f2bd8f9\" href=\"https:\/\/msdconecta.co.cr\/es\/therapeutic-areas\/anestesia\/\" target=\"_self\">\n                    <span class=\"mhh-mcn-v1-link__label\">Ver m\u00e1s<\/span>\n                <\/a><\/div>\n\n<\/div>\n\n\n<div class=\"mhh-mcn-v1-column mhh-mcn-v1-column--09b15bd2b61fa26f5872b864a5037022 mhh-mcn-column mhh-mcn-column--12 mhh-mcn-column--m-6 mhh-mcn-column--l-4\">\n    \n<figure class=\"mhh-mcn-v1-image mhh-mcn-v1-image--align-full mhh-mcn-v1-image--4156e6e083f2139d23a7a24a10bc673f\">\n                <a\n        class=\"mhh-mcn-anchor-for-image\"\n        href=\"https:\/\/msdconecta.co.cr\/es\/therapeutic-areas\/vacunas\/\"\n        rel=\"\"\n        target=\"\"\n    >\n            <img decoding=\"async\"\n        class=\"mhh-mcn-image mhh-mcn-image--full wp-image-9114\"\n        src=\"https:\/\/msdconecta.co.cr\/es\/wp-content\/uploads\/sites\/77\/2022\/07\/areas-vacunas_tcm2359-1300076.png?quality=80&#038;lossy=1\"\n        width=\"268\"\n        height=\"165\"\n        loading=\"lazy\"        alt=\"areas-vacunas_tcm2359-1300076\"\n            \/>\n        <\/a>\n        <\/figure>\n\n\n\n<p class=\"has-white-color has-dark-blue-background-color has-text-color   mhh-mcn-v1-paragraph mhh-mcn-v1-paragraph--f94cb00ba4312d94a0df4a63cfbfa5b5\">VACUNAS<\/p>\n\n\n<div class=\"mhh-mcn-v1-links mhh-mcn-v1-links--89ea6763517cf1cf9682ea78be8af8d2\">\n    <a class=\"mhh-mcn-v1-link mhh-mcn-v1-link--591bd62fc86f5dbc9b075858426b74d3\" href=\"https:\/\/msdconecta.co.cr\/es\/therapeutic-areas\/vacunas\/\" target=\"_self\">\n                    <span class=\"mhh-mcn-v1-link__label\">Ver m\u00e1s<\/span>\n                <\/a><\/div>\n\n<\/div>\n\n    <\/div>\n\n    <\/div>\n\n\n<div class=\"mhh-mcn-v1-links mhh-mcn-v1-links--justified-center mhh-mcn-v1-links--e74001ee0b63d8b652d69e9f3c241996\">\n    <a class=\"mhh-mcn-v1-link mhh-mcn-v1-link--05347cf9725f2aa7e45551d5e682e21a mhh-mcn-v1-link--is-variation mhh-mcn-v1-link--button-custom\" href=\"https:\/\/msdconecta.co.cr\/es\/register\/\" target=\"_self\">\n                    <span class=\"mhh-mcn-v1-link__label\">REG\u00cdSTRESE PARA ACCEDER<\/span>\n                <\/a><\/div>\n\n\n\n<div style=\"height:40px\" aria-hidden=\"true\" class=\"wp-block-spacer\"><\/div>\n\n\n\n<section class=\"mhh-mcn-v1-section mhh-mcn-v1-section--b25d0a610e35f5b13d2d9b12316d17b6 mhh-mcn-section mhh-mcn-v1-section--align-full\">\n    <div class=\"mhh-mcn-container\">\n    \n\n<h2 class=\"has-teal-500-color has-text-color has-object-object-font-size wp-block-heading mhh-mcn-v1-heading--center mhh-mcn-v1-heading mhh-mcn-v1-heading--d86e75459f07ea90b83a47e01774be2f\"><strong>Estamos comprometidos con<br>la seguridad de nuestros pacientes<\/strong><\/h2>\n\n\n<div class=\"mhh-mcn-v1-links mhh-mcn-v1-links--align-center mhh-mcn-v1-links--justified-center mhh-mcn-v1-links--d6c71331121604dc26cc05720337a9e1\">\n    <a class=\"mhh-mcn-v1-link mhh-mcn-v1-link--cffc2af6779c0033e0ec3e1c36972b66 mhh-mcn-v1-link--is-variation mhh-mcn-v1-link--button-custom\" href=\"https:\/\/msdconecta.co.cr\/es\/servicios\/\" target=\"_self\">\n                    <span class=\"mhh-mcn-v1-link__label\">IR A FARMACOVIGILANCIA<\/span>\n                <\/a>\n\n\n\n    <a class=\"mhh-mcn-v1-link mhh-mcn-v1-link--477c0d0ca82bf32c85b5ed1392ee6f77 mhh-mcn-v1-link--is-variation mhh-mcn-v1-link--button-custom\" href=\"https:\/\/msdconecta.co.cr\/es\/contactenos\/\" target=\"_self\">\n                    <span class=\"mhh-mcn-v1-link__label\">CONT\u00c1CTENOS<\/span>\n                <\/a><\/div>\n\n\n\n<div style=\"height:30px\" aria-hidden=\"true\" class=\"wp-block-spacer\"><\/div>\n\n    <\/div>\n<\/section>\n","protected":false},"excerpt":{"rendered":"<p>Seleccione su especialidad o \u00e1rea terape\u00fatica de inter\u00e9sy descubra los JOURNALS y recursos que podr\u00e1 encontrar al acceder:<\/p>\n","protected":false},"author":1142,"featured_media":0,"parent":0,"menu_order":0,"comment_status":"closed","ping_status":"closed","template":"","meta":{"_mhh_mcn_text_direction":"","_mhh_mcn_language":"","_mhh_mcn_left_sidebar_settings":{"entityId":0},"_mhh_mcn_sidebar_settings":{"entityId":0},"mhh_mcn_side_navigation_style":{"fontSize":{"l":"","m":"","s":""},"lineHeight":{"l":1.5,"m":1.5,"s":1.5},"itemColor":"","hoverItemColor":"","currentItemColor":"","borderItemColor":"","backgroundItemHoverColor":"","themeColor":""},"_mhh_mcn_child_page_navigation":{"isActive":false,"isSticky":false},"hide_header":false,"show_top_bar":false,"hide_footer":false,"full_width_layout":false,"icon":null,"job_code":"","primary_tag":0,"editor_notices":[],"mconnectHideShareThis":false,"footnotes":"","mconnectIsArchiveTemplate":false,"mconnectArchiveFiltersDisabled":false,"mconnectArchiveLockAllPresetFilters":false,"mconnectArchiveHidePageSubmenu":false,"mconnectArchiveShowParentPageOnly":false,"mconnectArchiveDefaultOrder":"DESC","mconnectArchiveDefaultOrderBy":"date","mconnectArchivePostsPerPage":12,"mconnectArchivePostTypes":[],"mconnectArchiveAllowFilterBy":["category","tx-content-type","tx-product","tx-pathology","tx-active-ingredient","tx-therapeutic-area"],"mconnectArchiveTaxonomyOrder":[],"mconnectArchiveFilterSorting":["is_keyword"],"mconnectArchiveContentItemStyle":{"showExcerpt":true,"showImage":true,"showIcon":false,"showPrimaryTag":true,"showBorder":false,"showDates":false,"showCta":true,"isCard":false,"hasBackground":false,"showMetadata":true},"mconnectArchiveLayout":{"type":"list","hasFeatured":false},"mconnectDynamicTaxonomyEntities":[],"mconnectArchiveTerms_category":[],"mconnectArchiveAllowTerms_category":[],"mconnectArchiveTerms_tx-content-type":[],"mconnectArchiveAllowTerms_tx-content-type":[],"mconnectArchiveTerms_tx-product":[],"mconnectArchiveAllowTerms_tx-product":[],"mconnectArchiveTerms_tx-pathology":[],"mconnectArchiveAllowTerms_tx-pathology":[],"mconnectArchiveTerms_tx-active-ingredient":[],"mconnectArchiveAllowTerms_tx-active-ingredient":[],"mconnectArchiveTerms_tx-therapeutic-area":[],"mconnectArchiveAllowTerms_tx-therapeutic-area":[],"mconnectArchiveAllowTerms_dynamic-taxonomy":[],"mconnectArchiveLegacyDefaultTermsApplied":false,"mconnectContentUpdatesPerPage":10,"mconnectContentUpdatesViewMoreUrl":"","mconnectContentUpdatesTerms_tx-content-type":[],"mconnectContentUpdatesTerms_tx-product":[],"mconnectContentUpdatesTerms_tx-pathology":[],"mconnectContentUpdatesTerms_tx-active-ingredient":[],"mconnectContentUpdatesTerms_tx-therapeutic-area":[],"sidebar_toogle":0,"sidebar_toogle_notification_warning":true,"sidebar_toogle_notification_alert":true,"content_expiration_sidebar_date":"","content_expiration_sidebar_expired_post_status":"","content_expiration_sidebar_redirection":""},"categories":[],"tags":[],"ga4_page_audience":[1187],"ga4_page_birn_id":[],"ga4_page_branding":[],"ga4_page_businessunit":[],"ga4_page_campaign":[],"ga4_page_content_purpose":[440],"ga4_page_customer_journey_stage":[1020],"ga4_page_customer_specialty":[464],"ga4_page_experience":[],"ga4_page_indication":[],"ga4_page_material_intent":[],"ga4_page_product":[711],"ga4_page_region":[921],"ga4_page_therapeuticarea":[],"tx-therapeutic-area":[],"tx-product":[],"tx-pathology":[],"tx-content-type":[],"tx-active-ingredient":[],"mhh-area-of-interest":[],"access":[],"user_status":[],"user_role":[],"class_list":["post-11","page","type-page","status-publish","hentry"],"yoast_head":"<!-- This site is optimized with the Yoast SEO plugin v23.9 - https:\/\/yoast.com\/wordpress\/plugins\/seo\/ -->\n<title>Home - MConnect Cenca Spanish<\/title>\n<meta name=\"robots\" content=\"index, follow, max-snippet:-1, max-image-preview:large, max-video-preview:-1\" \/>\n<link rel=\"canonical\" href=\"https:\/\/msdconecta.co.cr\/es\/\" \/>\n<meta property=\"og:locale\" content=\"es_ES\" \/>\n<meta property=\"og:type\" content=\"article\" \/>\n<meta property=\"og:title\" content=\"Home - MConnect Cenca Spanish\" \/>\n<meta property=\"og:description\" content=\"Seleccione su especialidad o \u00e1rea terape\u00fatica de inter\u00e9sy descubra los JOURNALS y recursos que podr\u00e1 encontrar al acceder:\" \/>\n<meta property=\"og:url\" content=\"https:\/\/msdconecta.co.cr\/es\/\" \/>\n<meta property=\"og:site_name\" content=\"MConnect Cenca Spanish\" \/>\n<meta property=\"article:modified_time\" content=\"2022-10-20T14:01:28+00:00\" \/>\n<meta name=\"twitter:card\" content=\"summary_large_image\" \/>\n<meta name=\"twitter:label1\" content=\"Tiempo de lectura\" \/>\n\t<meta name=\"twitter:data1\" content=\"1 minuto\" \/>\n<script type=\"application\/ld+json\" class=\"yoast-schema-graph\">{\"@context\":\"https:\/\/schema.org\",\"@graph\":[{\"@type\":\"WebPage\",\"@id\":\"https:\/\/msdconecta.co.cr\/es\/\",\"url\":\"https:\/\/msdconecta.co.cr\/es\/\",\"name\":\"Home - MConnect Cenca Spanish\",\"isPartOf\":{\"@id\":\"https:\/\/msdconecta.co.cr\/es\/#website\"},\"datePublished\":\"2022-02-07T16:47:17+00:00\",\"dateModified\":\"2022-10-20T14:01:28+00:00\",\"breadcrumb\":{\"@id\":\"https:\/\/msdconecta.co.cr\/es\/#breadcrumb\"},\"inLanguage\":\"es-CO\",\"potentialAction\":[{\"@type\":\"ReadAction\",\"target\":[\"https:\/\/msdconecta.co.cr\/es\/\"]}]},{\"@type\":\"BreadcrumbList\",\"@id\":\"https:\/\/msdconecta.co.cr\/es\/#breadcrumb\",\"itemListElement\":[{\"@type\":\"ListItem\",\"position\":1,\"name\":\"Home\",\"item\":\"https:\/\/msdconecta.co.cr\/es\/\"},{\"@type\":\"ListItem\",\"position\":2,\"name\":\"Home\"}]},{\"@type\":\"WebSite\",\"@id\":\"https:\/\/msdconecta.co.cr\/es\/#website\",\"url\":\"https:\/\/msdconecta.co.cr\/es\/\",\"name\":\"MConnect Cenca Spanish\",\"description\":\"\",\"publisher\":{\"@id\":\"https:\/\/msdconecta.co.cr\/es\/#organization\"},\"potentialAction\":[{\"@type\":\"SearchAction\",\"target\":{\"@type\":\"EntryPoint\",\"urlTemplate\":\"https:\/\/msdconecta.co.cr\/es\/?s={search_term_string}\"},\"query-input\":{\"@type\":\"PropertyValueSpecification\",\"valueRequired\":true,\"valueName\":\"search_term_string\"}}],\"inLanguage\":\"es-CO\"},{\"@type\":\"Organization\",\"@id\":\"https:\/\/msdconecta.co.cr\/es\/#organization\",\"name\":\"MConnect Cenca Spanish\",\"url\":\"https:\/\/msdconecta.co.cr\/es\/\",\"logo\":{\"@type\":\"ImageObject\",\"inLanguage\":\"es-CO\",\"@id\":\"https:\/\/msdconecta.co.cr\/es\/#\/schema\/logo\/image\/\",\"url\":\"https:\/\/msdconecta.co.cr\/es\/wp-content\/uploads\/sites\/77\/2022\/07\/logo_tcm2359-1256911.png\",\"contentUrl\":\"https:\/\/msdconecta.co.cr\/es\/wp-content\/uploads\/sites\/77\/2022\/07\/logo_tcm2359-1256911.png\",\"width\":152,\"height\":48,\"caption\":\"MConnect Cenca Spanish\"},\"image\":{\"@id\":\"https:\/\/msdconecta.co.cr\/es\/#\/schema\/logo\/image\/\"}}]}<\/script>\n<!-- \/ Yoast SEO plugin. -->","yoast_head_json":{"title":"Home - MConnect Cenca Spanish","robots":{"index":"index","follow":"follow","max-snippet":"max-snippet:-1","max-image-preview":"max-image-preview:large","max-video-preview":"max-video-preview:-1"},"canonical":"https:\/\/msdconecta.co.cr\/es\/","og_locale":"es_ES","og_type":"article","og_title":"Home - MConnect Cenca Spanish","og_description":"Seleccione su especialidad o \u00e1rea terape\u00fatica de inter\u00e9sy descubra los JOURNALS y recursos que podr\u00e1 encontrar al acceder:","og_url":"https:\/\/msdconecta.co.cr\/es\/","og_site_name":"MConnect Cenca Spanish","article_modified_time":"2022-10-20T14:01:28+00:00","twitter_card":"summary_large_image","twitter_misc":{"Tiempo de lectura":"1 minuto"},"schema":{"@context":"https:\/\/schema.org","@graph":[{"@type":"WebPage","@id":"https:\/\/msdconecta.co.cr\/es\/","url":"https:\/\/msdconecta.co.cr\/es\/","name":"Home - MConnect Cenca Spanish","isPartOf":{"@id":"https:\/\/msdconecta.co.cr\/es\/#website"},"datePublished":"2022-02-07T16:47:17+00:00","dateModified":"2022-10-20T14:01:28+00:00","breadcrumb":{"@id":"https:\/\/msdconecta.co.cr\/es\/#breadcrumb"},"inLanguage":"es-CO","potentialAction":[{"@type":"ReadAction","target":["https:\/\/msdconecta.co.cr\/es\/"]}]},{"@type":"BreadcrumbList","@id":"https:\/\/msdconecta.co.cr\/es\/#breadcrumb","itemListElement":[{"@type":"ListItem","position":1,"name":"Home","item":"https:\/\/msdconecta.co.cr\/es\/"},{"@type":"ListItem","position":2,"name":"Home"}]},{"@type":"WebSite","@id":"https:\/\/msdconecta.co.cr\/es\/#website","url":"https:\/\/msdconecta.co.cr\/es\/","name":"MConnect Cenca Spanish","description":"","publisher":{"@id":"https:\/\/msdconecta.co.cr\/es\/#organization"},"potentialAction":[{"@type":"SearchAction","target":{"@type":"EntryPoint","urlTemplate":"https:\/\/msdconecta.co.cr\/es\/?s={search_term_string}"},"query-input":{"@type":"PropertyValueSpecification","valueRequired":true,"valueName":"search_term_string"}}],"inLanguage":"es-CO"},{"@type":"Organization","@id":"https:\/\/msdconecta.co.cr\/es\/#organization","name":"MConnect Cenca Spanish","url":"https:\/\/msdconecta.co.cr\/es\/","logo":{"@type":"ImageObject","inLanguage":"es-CO","@id":"https:\/\/msdconecta.co.cr\/es\/#\/schema\/logo\/image\/","url":"https:\/\/msdconecta.co.cr\/es\/wp-content\/uploads\/sites\/77\/2022\/07\/logo_tcm2359-1256911.png","contentUrl":"https:\/\/msdconecta.co.cr\/es\/wp-content\/uploads\/sites\/77\/2022\/07\/logo_tcm2359-1256911.png","width":152,"height":48,"caption":"MConnect Cenca Spanish"},"image":{"@id":"https:\/\/msdconecta.co.cr\/es\/#\/schema\/logo\/image\/"}}]}},"_links":{"self":[{"href":"https:\/\/msdconecta.co.cr\/es\/wp-json\/wp\/v2\/pages\/11","targetHints":{"allow":["GET"]}}],"collection":[{"href":"https:\/\/msdconecta.co.cr\/es\/wp-json\/wp\/v2\/pages"}],"about":[{"href":"https:\/\/msdconecta.co.cr\/es\/wp-json\/wp\/v2\/types\/page"}],"author":[{"embeddable":true,"href":"https:\/\/msdconecta.co.cr\/es\/wp-json\/wp\/v2\/users\/1142"}],"replies":[{"embeddable":true,"href":"https:\/\/msdconecta.co.cr\/es\/wp-json\/wp\/v2\/comments?post=11"}],"version-history":[{"count":105,"href":"https:\/\/msdconecta.co.cr\/es\/wp-json\/wp\/v2\/pages\/11\/revisions"}],"predecessor-version":[{"id":15406,"href":"https:\/\/msdconecta.co.cr\/es\/wp-json\/wp\/v2\/pages\/11\/revisions\/15406"}],"wp:attachment":[{"href":"https:\/\/msdconecta.co.cr\/es\/wp-json\/wp\/v2\/media?parent=11"}],"wp:term":[{"taxonomy":"category","embeddable":true,"href":"https:\/\/msdconecta.co.cr\/es\/wp-json\/wp\/v2\/categories?post=11"},{"taxonomy":"post_tag","embeddable":true,"href":"https:\/\/msdconecta.co.cr\/es\/wp-json\/wp\/v2\/tags?post=11"},{"taxonomy":"ga4_page_audience","embeddable":true,"href":"https:\/\/msdconecta.co.cr\/es\/wp-json\/wp\/v2\/ga4_page_audience?post=11"},{"taxonomy":"ga4_page_birn_id","embeddable":true,"href":"https:\/\/msdconecta.co.cr\/es\/wp-json\/wp\/v2\/ga4_page_birn_id?post=11"},{"taxonomy":"ga4_page_branding","embeddable":true,"href":"https:\/\/msdconecta.co.cr\/es\/wp-json\/wp\/v2\/ga4_page_branding?post=11"},{"taxonomy":"ga4_page_businessunit","embeddable":true,"href":"https:\/\/msdconecta.co.cr\/es\/wp-json\/wp\/v2\/ga4_page_businessunit?post=11"},{"taxonomy":"ga4_page_campaign","embeddable":true,"href":"https:\/\/msdconecta.co.cr\/es\/wp-json\/wp\/v2\/ga4_page_campaign?post=11"},{"taxonomy":"ga4_page_content_purpose","embeddable":true,"href":"https:\/\/msdconecta.co.cr\/es\/wp-json\/wp\/v2\/ga4_page_content_purpose?post=11"},{"taxonomy":"ga4_page_customer_journey_stage","embeddable":true,"href":"https:\/\/msdconecta.co.cr\/es\/wp-json\/wp\/v2\/ga4_page_customer_journey_stage?post=11"},{"taxonomy":"ga4_page_customer_specialty","embeddable":true,"href":"https:\/\/msdconecta.co.cr\/es\/wp-json\/wp\/v2\/ga4_page_customer_specialty?post=11"},{"taxonomy":"ga4_page_experience","embeddable":true,"href":"https:\/\/msdconecta.co.cr\/es\/wp-json\/wp\/v2\/ga4_page_experience?post=11"},{"taxonomy":"ga4_page_indication","embeddable":true,"href":"https:\/\/msdconecta.co.cr\/es\/wp-json\/wp\/v2\/ga4_page_indication?post=11"},{"taxonomy":"ga4_page_material_intent","embeddable":true,"href":"https:\/\/msdconecta.co.cr\/es\/wp-json\/wp\/v2\/ga4_page_material_intent?post=11"},{"taxonomy":"ga4_page_product","embeddable":true,"href":"https:\/\/msdconecta.co.cr\/es\/wp-json\/wp\/v2\/ga4_page_product?post=11"},{"taxonomy":"ga4_page_region","embeddable":true,"href":"https:\/\/msdconecta.co.cr\/es\/wp-json\/wp\/v2\/ga4_page_region?post=11"},{"taxonomy":"ga4_page_therapeuticarea","embeddable":true,"href":"https:\/\/msdconecta.co.cr\/es\/wp-json\/wp\/v2\/ga4_page_therapeuticarea?post=11"},{"taxonomy":"tx-therapeutic-area","embeddable":true,"href":"https:\/\/msdconecta.co.cr\/es\/wp-json\/wp\/v2\/tx-therapeutic-area?post=11"},{"taxonomy":"tx-product","embeddable":true,"href":"https:\/\/msdconecta.co.cr\/es\/wp-json\/wp\/v2\/tx-product?post=11"},{"taxonomy":"tx-pathology","embeddable":true,"href":"https:\/\/msdconecta.co.cr\/es\/wp-json\/wp\/v2\/tx-pathology?post=11"},{"taxonomy":"tx-content-type","embeddable":true,"href":"https:\/\/msdconecta.co.cr\/es\/wp-json\/wp\/v2\/tx-content-type?post=11"},{"taxonomy":"tx-active-ingredient","embeddable":true,"href":"https:\/\/msdconecta.co.cr\/es\/wp-json\/wp\/v2\/tx-active-ingredient?post=11"},{"taxonomy":"mhh-area-of-interest","embeddable":true,"href":"https:\/\/msdconecta.co.cr\/es\/wp-json\/wp\/v2\/mhh-area-of-interest?post=11"},{"taxonomy":"access","embeddable":true,"href":"https:\/\/msdconecta.co.cr\/es\/wp-json\/wp\/v2\/access?post=11"},{"taxonomy":"user_status","embeddable":true,"href":"https:\/\/msdconecta.co.cr\/es\/wp-json\/wp\/v2\/user_status?post=11"},{"taxonomy":"user_role","embeddable":true,"href":"https:\/\/msdconecta.co.cr\/es\/wp-json\/wp\/v2\/user_role?post=11"}],"curies":[{"name":"wp","href":"https:\/\/api.w.org\/{rel}","templated":true}]}}