{"id":20145,"date":"2023-02-14T08:05:22","date_gmt":"2023-02-14T08:05:22","guid":{"rendered":"https:\/\/msdconecta.co.cr\/es\/?page_id=20145"},"modified":"2023-09-28T13:00:59","modified_gmt":"2023-09-28T13:00:59","slug":"infografia-prevymis-wp-0220","status":"publish","type":"page","link":"https:\/\/msdconecta.co.cr\/es\/infografia-prevymis-wp-0220\/","title":{"rendered":"INFOGRAF\u00cdA PREVYMIS"},"content":{"rendered":"<div class=\"mhh-mcn-columns mhh-mcn-columns--align-medium mhh-mcn-v1-columns--a850cf055f6a96adc35e23a60bcb0d80 mhh-mcn-v1-columns mhh-mcn-columns--gutter-l\">\n    <div class=\"mhh-mcn-columns-inner\">\n        \n<div class=\"mhh-mcn-v1-column mhh-mcn-v1-column--0e9f8a863a824485362e79a55ccf0407 mhh-mcn-column mhh-mcn-column--12 mhh-mcn-column--m-12 mhh-mcn-column--l-12\">\n    \n<figure class=\"mhh-mcn-v1-image mhh-mcn-v1-image--align-full mhh-mcn-v1-image--48a41e21ac49a4497f964c81f761a65c\">\n                    <img loading=\"lazy\" decoding=\"async\"\n        class=\"mhh-mcn-image mhh-mcn-image--full wp-image-20146\"\n        src=\"https:\/\/msdconecta.co.cr\/es\/wp-content\/uploads\/sites\/77\/2023\/02\/INFOGRAFIAS-01.png?quality=80&#038;lossy=1\"\n        width=\"1024\"\n        height=\"420\"\n                alt=\"\"\n            \/>\n            <\/figure>\n\n\n<div class=\"mhh-mcn-columns mhh-mcn-v1-columns--6b52350c4a555a55a32bf2665847e4aa mhh-mcn-v1-columns mhh-mcn-columns--gutter-m\">\n    <div class=\"mhh-mcn-columns-inner\">\n        \n<div class=\"mhh-mcn-v1-column mhh-mcn-v1-column--b40a639604f6f698e52f8e5fb22ad8c4 mhh-mcn-column mhh-mcn-column--12 mhh-mcn-column--m-12 mhh-mcn-column--l-12\">\n    <\/div>\n\n    <\/div>\n\n    <\/div>\n\n\n<div class=\"mhh-mcn-v1-accordion mhh-mcn-v1-accordion--align-wide mhh-mcn-v1-accordion--5fe544566a1796dae0894f7905cccd38 mhh-mcn-v1-accordion--default\" data-configuration=\"{&quot;variation&quot;:&quot;default&quot;,&quot;speed&quot;:0,&quot;hasFirstItemExpanded&quot;:false}\"        >\n    \n\n\n\n<\/div>\n\n\n<div class=\"mhh-mcn-v1-heading mhh-mcn-v1-accordion mhh-mcn-v1-accordion--align-wide mhh-mcn-v1-accordion--3839d112434a673f8962ead87d879a22 mhh-mcn-v1-accordion--default\" data-configuration=\"{&quot;variation&quot;:&quot;default&quot;,&quot;speed&quot;:0,&quot;hasFirstItemExpanded&quot;:false}\"        >\n    \n\n<section\n    id=\"accordion-69da13a0db84c\"\n    class=\"mhh-mcn-v1-accordion-molecule mhh-mcn-v1-accordion-molecule--c7a554c7dba431cdf28e56cb8deda96a mhh-mcn-v1-accordion-molecule--closed\"\n            >\n    <h4\n        id=\"accordion-69da13a0db84c-header\"\n        class=\"mhh-mcn-v1-accordion-molecule-header\"\n    >\n        <button\n            class=\"mhh-mcn-v1-accordion-molecule-header__heading\"\n            aria-expanded=\"false\"\n            aria-controls=\"accordion-69da13a0db84c-content\"\n        >\n                        <span class=\"mhh-mcn-v1-accordion-molecule-header__title\">\n                1. Todos los receptores seropositivos a CMV (R+) tienen un alto riesgo de reactivaci\u00f3n del citomegalovirus.             <\/span>\n            <span class=\"mhh-mcn-v1-accordion-molecule-header__icon-dropdown\" aria-hidden=\"true\">\n                \n<svg width=\"1em\" height=\"1em\" class=\"mh-icon mh-icon--kind-generic mh-icon--name-dropdown-arrow mh-icon--dropdown-arrow\" role=\"img\" aria-hidden=\"true\">\n    \n    \n    <use xlink:href=\"https:\/\/msdconecta.co.cr\/es\/wp-content\/themes\/cex-wpvip-mhh-mconnect-theme-new-3.0\/modules\/icons\/resources\/icons\/svg\/generic\/dropdown-arrow.svg#dropdown-arrow\"><\/use>\n<\/svg>\n            <\/span>\n        <\/button>\n    <\/h4>\n    <div\n        id=\"accordion-69da13a0db84c-content\"\n        class=\"mhh-mcn-v1-accordion-molecule-content\"\n        role=\"region\"\n        aria-labelledby=\"accordion-69da13a0db84c-header\"\n    >\n        <div class=\"mhh-mcn-v1-accordion-molecule-content__body\">\n            \n\n<div style=\"height:40px\" aria-hidden=\"true\" class=\"wp-block-spacer\"><\/div>\n\n\n\n<p class=\"has-dark-blue-color has-text-color   mhh-mcn-v1-paragraph mhh-mcn-v1-paragraph--59fabddc06d5bd9b0723b1df9918f989\">Se ha demostrado que la infecci\u00f3n por CMV se presenta despu\u00e9s del trasplante de c\u00e9lulas madre hematopoy\u00e9ticas (TCMH) alog\u00e9nico en aproximadamente 60% a 80% de los pacientes seropositivos a CMV sin profilaxis.<sup>3,4<\/sup><\/p>\n\n\n\n<p class=\"   mhh-mcn-v1-paragraph mhh-mcn-v1-paragraph--b0b46084a499d5217d1d6fe6877a0eae\">Todos los receptores seropositivos a CMV (R+) tienen un alto riesgo de reactivaci\u00f3n del citomegalovirus. <sup>1<\/sup><\/p>\n\n        <\/div>\n    <\/div>\n<\/section>\n\n\n\n<section\n    id=\"accordion-69da13a0dcb76\"\n    class=\"mhh-mcn-v1-accordion-molecule mhh-mcn-v1-accordion-molecule--3c0c6593b303283547cb0c1ed3c4c6de mhh-mcn-v1-accordion-molecule--closed\"\n            >\n    <h4\n        id=\"accordion-69da13a0dcb76-header\"\n        class=\"mhh-mcn-v1-accordion-molecule-header\"\n    >\n        <button\n            class=\"mhh-mcn-v1-accordion-molecule-header__heading\"\n            aria-expanded=\"false\"\n            aria-controls=\"accordion-69da13a0dcb76-content\"\n        >\n                        <span class=\"mhh-mcn-v1-accordion-molecule-header__title\">\n                2. Cualquier nivel de viremia por citomegalovirus se ha asociado con un mayor riesgo de mortalidad durante el primer a\u00f1o despu\u00e9s del trasplante.             <\/span>\n            <span class=\"mhh-mcn-v1-accordion-molecule-header__icon-dropdown\" aria-hidden=\"true\">\n                \n<svg width=\"1em\" height=\"1em\" class=\"mh-icon mh-icon--kind-generic mh-icon--name-dropdown-arrow mh-icon--dropdown-arrow\" role=\"img\" aria-hidden=\"true\">\n    \n    \n    <use xlink:href=\"https:\/\/msdconecta.co.cr\/es\/wp-content\/themes\/cex-wpvip-mhh-mconnect-theme-new-3.0\/modules\/icons\/resources\/icons\/svg\/generic\/dropdown-arrow.svg#dropdown-arrow\"><\/use>\n<\/svg>\n            <\/span>\n        <\/button>\n    <\/h4>\n    <div\n        id=\"accordion-69da13a0dcb76-content\"\n        class=\"mhh-mcn-v1-accordion-molecule-content\"\n        role=\"region\"\n        aria-labelledby=\"accordion-69da13a0dcb76-header\"\n    >\n        <div class=\"mhh-mcn-v1-accordion-molecule-content__body\">\n            \n\n<div style=\"height:40px\" aria-hidden=\"true\" class=\"wp-block-spacer\"><\/div>\n\n\n\n<p class=\"has-dark-blue-color has-text-color has-object-object-font-size   mhh-mcn-v1-paragraph mhh-mcn-v1-paragraph--94dd098841c11cfefbce3b66bc01c6de\"><strong>Los pacientes con TCMH con cualquier viremia positiva tuvieron 2.6 veces mayor riesgo de mortalidad global que los pacientes sin viremia hasta los 60 d\u00edas despu\u00e9s del TCMH.<sup>2<\/sup><\/strong><\/p>\n\n\n\n<p class=\"has-dark-blue-color has-text-color   mhh-mcn-v1-paragraph mhh-mcn-v1-paragraph--a94cc5002968ab7443cfd2b43260bfa1\">Carga viral de CMV como un factor de riesgo de mortalidad dependiente del tiempo durante 1 a\u00f1o despu\u00e9s de un TCMH (n=926)<sup>2,a<\/sup><br><br>Cualquier nivel de viremia por citomegalovirus se ha asociado con un mayor riesgo de mortalidad durante el primer a\u00f1o despu\u00e9s del trasplante.<sup>2<\/sup> <\/p>\n\n\n\n<div style=\"height:40px\" aria-hidden=\"true\" class=\"wp-block-spacer\"><\/div>\n\n\n<figure class=\"mhh-mcn-v1-image mhh-mcn-v1-image--align-center mhh-mcn-v1-image--7f2d5ddcbf8e754d5d876983de9ac900\">\n                    <img decoding=\"async\"\n        class=\"mhh-mcn-image mhh-mcn-image--full wp-image-20149\"\n        src=\"https:\/\/msdconecta.co.cr\/es\/wp-content\/uploads\/sites\/77\/2023\/02\/INFOGRAFIAS-02.png?quality=80&#038;lossy=1\"\n        width=\"1024\"\n        height=\"500\"\n        loading=\"lazy\"        alt=\"\"\n            \/>\n            <\/figure>\n\n\n\n<div style=\"height:40px\" aria-hidden=\"true\" class=\"wp-block-spacer\"><\/div>\n\n\n\n<ul class=\"mhh-mcn-v1-clist mhh-mcn-v1-clist--f2dac17e88785337d809b66bb6a94fcc mhh-mcn-v1-clist--order-starts-2-digits mhh-mcn-list list-style-type-dot\" start=\"1\">\n    <li>Resultados de un amplio estudio de cohortes observacional y retrospectivo de mediciones recopiladas previamente sobre viremia por CMV y resultados cl\u00ednicos (N=1037)<sup>2<\/sup><\/li><\/ul>\n\n\n\n<p class=\"has-black-color has-text-color has-object-object-font-size   mhh-mcn-v1-paragraph mhh-mcn-v1-paragraph--4c3ebfaf546747ebc5444736fd8dd8ec\">IC = intervalo de confianza<br><sup>a<\/sup> La carga viral fue una variable de umbral. Los datos se evaluaron usando un modelo de riesgo proporcional multivariables de Cox.<sup>2<\/sup><\/p>\n\n        <\/div>\n    <\/div>\n<\/section>\n\n\n\n<section\n    id=\"accordion-69da13a0ddbbe\"\n    class=\"mhh-mcn-v1-accordion-molecule mhh-mcn-v1-accordion-molecule--96bf5a258d257094e367109f2c223dc1 mhh-mcn-v1-accordion-molecule--closed\"\n            >\n    <h4\n        id=\"accordion-69da13a0ddbbe-header\"\n        class=\"mhh-mcn-v1-accordion-molecule-header\"\n    >\n        <button\n            class=\"mhh-mcn-v1-accordion-molecule-header__heading\"\n            aria-expanded=\"false\"\n            aria-controls=\"accordion-69da13a0ddbbe-content\"\n        >\n                        <span class=\"mhh-mcn-v1-accordion-molecule-header__title\">\n                3. Se ha demostrado que la reactivaci\u00f3n del citomegalovirus ocurre poco despu\u00e9s del trasplante.             <\/span>\n            <span class=\"mhh-mcn-v1-accordion-molecule-header__icon-dropdown\" aria-hidden=\"true\">\n                \n<svg width=\"1em\" height=\"1em\" class=\"mh-icon mh-icon--kind-generic mh-icon--name-dropdown-arrow mh-icon--dropdown-arrow\" role=\"img\" aria-hidden=\"true\">\n    \n    \n    <use xlink:href=\"https:\/\/msdconecta.co.cr\/es\/wp-content\/themes\/cex-wpvip-mhh-mconnect-theme-new-3.0\/modules\/icons\/resources\/icons\/svg\/generic\/dropdown-arrow.svg#dropdown-arrow\"><\/use>\n<\/svg>\n            <\/span>\n        <\/button>\n    <\/h4>\n    <div\n        id=\"accordion-69da13a0ddbbe-content\"\n        class=\"mhh-mcn-v1-accordion-molecule-content\"\n        role=\"region\"\n        aria-labelledby=\"accordion-69da13a0ddbbe-header\"\n    >\n        <div class=\"mhh-mcn-v1-accordion-molecule-content__body\">\n            \n\n<div style=\"height:40px\" aria-hidden=\"true\" class=\"wp-block-spacer\"><\/div>\n\n\n\n<p class=\"has-dark-blue-color has-text-color has-object-object-font-size   mhh-mcn-v1-paragraph mhh-mcn-v1-paragraph--377f259f9997a5e21722f8e4945f76a6\"><strong>M\u00e1s del 30% de los pacientes con TCMH que eran seropositivos a CMV o ten\u00edan un donante seropositivo presentaron infecci\u00f3n por CMV durante 1 mes despu\u00e9s del trasplante.<sup>2<\/sup><\/strong><\/p>\n\n\n\n<p class=\"has-dark-blue-color has-text-color   mhh-mcn-v1-paragraph mhh-mcn-v1-paragraph--caa5b3a34dcdc14b35c2f3fd26fed52b\">Incidencia de reactivaci\u00f3n de CMV en pacientes con TCMH seropositivos a CMV o con un donante seropositivo a lo largo de 12 meses despu\u00e9s del trasplante.<sup>2<\/sup><\/p>\n\n\n\n<div style=\"height:40px\" aria-hidden=\"true\" class=\"wp-block-spacer\"><\/div>\n\n\n<figure class=\"mhh-mcn-v1-image mhh-mcn-v1-image--9ba63c6ba970f98940e2f058a32bb0d8\">\n                    <img decoding=\"async\"\n        class=\"mhh-mcn-image mhh-mcn-image--full wp-image-20151\"\n        src=\"https:\/\/msdconecta.co.cr\/es\/wp-content\/uploads\/sites\/77\/2023\/02\/INFOGRAFIAS-03.png?quality=80&#038;lossy=1\"\n        width=\"1024\"\n        height=\"512\"\n        loading=\"lazy\"        alt=\"\"\n            \/>\n            <\/figure>\n\n\n\n<div style=\"height:40px\" aria-hidden=\"true\" class=\"wp-block-spacer\"><\/div>\n\n\n\n<p class=\"has-dark-blue-color has-text-color   mhh-mcn-v1-paragraph mhh-mcn-v1-paragraph--3212c23367b4d00a21caf88688cc9af7\">Resultados de un amplio estudio de cohortes observacional y retrospectivo de mediciones recopiladas previamente sobre viremia por CMV y resultados cl\u00ednicos (N = 1037)<sup>2<\/sup><\/p>\n\n\n\n<p class=\"   mhh-mcn-v1-paragraph mhh-mcn-v1-paragraph--0564294132531c233931139d88396414\">Se ha demostrado que la reactivaci\u00f3n del citomegalovirus ocurre poco despu\u00e9s del trasplante. <sup>2<\/sup><\/p>\n\n        <\/div>\n    <\/div>\n<\/section>\n\n<\/div>\n\n\n\n<div style=\"height:63px\" aria-hidden=\"true\" class=\"wp-block-spacer\"><\/div>\n\n\n\n<p class=\"has-object-object-font-size   mhh-mcn-v1-paragraph mhh-mcn-v1-paragraph--0983f83f414b4d7907360ae0044b66cc\"><strong>Referencias<\/strong><br>1. George B, Pati N, Gilroy N, y cols. Pre-transplant cytomegalovirus (CMV) serostatus remains the most important determinant of CMV reactivation after allogeneic hematopoietic stem cell transplantation in the era of surveillance and preemptive therapy. Transpl Infect Dis. 2010;12(4):322-329<br>2. Green ML, Leisenring W, Xie H, y cols. Cytomegalovirus viral load and mortality after haematopoietic stem cell transplantation in the era of pre-emptive therapy: a retrospective cohort study. Lancet Haematol. 2016;3:e119-e127.<br>3. Ljungman P, Hakki M, Boeckh M. Cytomegalovirus in hematopoietic stem cell transplant recipients. Hematol Oncol Clin North Am. 2011;25(1):151-169.<br>4. Sousa H, Boutolleau D. Ribeiro J, y cols. Cytomegalovirus infection in patients who underwent allogeneic hematopoietic stem cell transplantation in Portugal: a five-year retrospective review. Biol Blood Marrow. 2014;20(12):1958-1967.<\/p>\n\n\n\n<p class=\"has-object-object-font-size   mhh-mcn-v1-paragraph mhh-mcn-v1-paragraph--79bc60dc859a22b3dfb8125bdcb249eb\"><strong>Para Uso Exclusivo del profesional m\u00e9dico<br><\/strong>01-25 CD-CYT-00001<\/p>\n\n<\/div>\n\n    <\/div>\n\n    <\/div>\n\n\n\n<div style=\"height:53px\" aria-hidden=\"true\" class=\"wp-block-spacer\"><\/div>\n","protected":false},"excerpt":{"rendered":"","protected":false},"author":46316,"featured_media":0,"parent":0,"menu_order":0,"comment_status":"closed","ping_status":"closed","template":"","meta":{"_mhh_mcn_text_direction":"","_mhh_mcn_language":"","_mhh_mcn_left_sidebar_settings":{"entityId":0},"_mhh_mcn_sidebar_settings":{"entityId":0},"mhh_mcn_side_navigation_style":{"fontSize":{"l":"","m":"","s":""},"lineHeight":{"l":1.5,"m":1.5,"s":1.5},"itemColor":"","hoverItemColor":"","currentItemColor":"","borderItemColor":"","backgroundItemHoverColor":"","themeColor":""},"_mhh_mcn_child_page_navigation":{"isActive":false,"isSticky":false},"hide_header":false,"show_top_bar":false,"hide_footer":false,"full_width_layout":false,"icon":null,"job_code":"","primary_tag":228,"editor_notices":[],"mconnectHideShareThis":false,"footnotes":"","mconnectIsArchiveTemplate":false,"mconnectArchiveFiltersDisabled":false,"mconnectArchiveLockAllPresetFilters":false,"mconnectArchiveHidePageSubmenu":false,"mconnectArchiveShowParentPageOnly":false,"mconnectArchiveDefaultOrder":"DESC","mconnectArchiveDefaultOrderBy":"date","mconnectArchivePostsPerPage":12,"mconnectArchivePostTypes":[],"mconnectArchiveAllowFilterBy":["category","tx-content-type","tx-product","tx-pathology","tx-active-ingredient","tx-therapeutic-area"],"mconnectArchiveFilterSorting":["is_keyword"],"mconnectArchiveContentItemStyle":{"showExcerpt":true,"showImage":true,"showIcon":false,"showPrimaryTag":true,"showBorder":false,"showDates":false,"showCta":true,"isCard":false,"hasBackground":false,"showMetadata":true},"mconnectArchiveLayout":{"type":"list","hasFeatured":false},"mconnectDynamicTaxonomyEntities":[],"mconnectArchiveTerms_category":[],"mconnectArchiveAllowTerms_category":[],"mconnectArchiveTerms_tx-content-type":[],"mconnectArchiveAllowTerms_tx-content-type":[],"mconnectArchiveTerms_tx-product":[],"mconnectArchiveAllowTerms_tx-product":[],"mconnectArchiveTerms_tx-pathology":[],"mconnectArchiveAllowTerms_tx-pathology":[],"mconnectArchiveTerms_tx-active-ingredient":[],"mconnectArchiveAllowTerms_tx-active-ingredient":[],"mconnectArchiveTerms_tx-therapeutic-area":[],"mconnectArchiveAllowTerms_tx-therapeutic-area":[],"mconnectArchiveAllowTerms_dynamic-taxonomy":[],"mconnectArchiveLegacyDefaultTermsApplied":false,"mconnectContentUpdatesPerPage":10,"mconnectContentUpdatesViewMoreUrl":"","mconnectContentUpdatesTerms_tx-content-type":[],"mconnectContentUpdatesTerms_tx-product":[],"mconnectContentUpdatesTerms_tx-pathology":[],"mconnectContentUpdatesTerms_tx-active-ingredient":[],"mconnectContentUpdatesTerms_tx-therapeutic-area":[],"sidebar_toogle":0,"sidebar_toogle_notification_warning":true,"sidebar_toogle_notification_alert":true,"content_expiration_sidebar_date":"","content_expiration_sidebar_expired_post_status":"","content_expiration_sidebar_redirection":""},"categories":[],"tags":[228],"ga4_page_audience":[1187],"ga4_page_birn_id":[],"ga4_page_branding":[],"ga4_page_businessunit":[],"ga4_page_campaign":[],"ga4_page_content_purpose":[],"ga4_page_customer_journey_stage":[],"ga4_page_customer_specialty":[],"ga4_page_experience":[],"ga4_page_indication":[],"ga4_page_material_intent":[],"ga4_page_product":[],"ga4_page_region":[921],"ga4_page_therapeuticarea":[],"tx-therapeutic-area":[214],"tx-product":[],"tx-pathology":[],"tx-content-type":[],"tx-active-ingredient":[],"mhh-area-of-interest":[],"access":[],"user_status":[],"user_role":[],"class_list":["post-20145","page","type-page","status-publish","hentry","tag-antibioticos"],"yoast_head":"<!-- This site is optimized with the Yoast SEO plugin v23.9 - https:\/\/yoast.com\/wordpress\/plugins\/seo\/ -->\n<title>INFOGRAF\u00cdA PREVYMIS - MConnect Cenca Spanish<\/title>\n<meta name=\"robots\" content=\"index, follow, max-snippet:-1, max-image-preview:large, max-video-preview:-1\" \/>\n<link rel=\"canonical\" href=\"https:\/\/msdconecta.co.cr\/es\/infografia-prevymis-wp-0220\/\" \/>\n<meta property=\"og:locale\" content=\"es_ES\" \/>\n<meta property=\"og:type\" content=\"article\" \/>\n<meta property=\"og:title\" content=\"INFOGRAF\u00cdA PREVYMIS - MConnect Cenca Spanish\" \/>\n<meta property=\"og:url\" content=\"https:\/\/msdconecta.co.cr\/es\/infografia-prevymis-wp-0220\/\" \/>\n<meta property=\"og:site_name\" content=\"MConnect Cenca Spanish\" \/>\n<meta property=\"article:modified_time\" content=\"2023-09-28T13:00:59+00:00\" \/>\n<meta name=\"twitter:card\" content=\"summary_large_image\" \/>\n<meta name=\"twitter:label1\" content=\"Tiempo de lectura\" \/>\n\t<meta name=\"twitter:data1\" content=\"2 minutos\" \/>\n<script type=\"application\/ld+json\" class=\"yoast-schema-graph\">{\"@context\":\"https:\/\/schema.org\",\"@graph\":[{\"@type\":\"WebPage\",\"@id\":\"https:\/\/msdconecta.co.cr\/es\/infografia-prevymis-wp-0220\/\",\"url\":\"https:\/\/msdconecta.co.cr\/es\/infografia-prevymis-wp-0220\/\",\"name\":\"INFOGRAF\u00cdA PREVYMIS - MConnect Cenca Spanish\",\"isPartOf\":{\"@id\":\"https:\/\/msdconecta.co.cr\/es\/#website\"},\"datePublished\":\"2023-02-14T08:05:22+00:00\",\"dateModified\":\"2023-09-28T13:00:59+00:00\",\"breadcrumb\":{\"@id\":\"https:\/\/msdconecta.co.cr\/es\/infografia-prevymis-wp-0220\/#breadcrumb\"},\"inLanguage\":\"es-CO\",\"potentialAction\":[{\"@type\":\"ReadAction\",\"target\":[\"https:\/\/msdconecta.co.cr\/es\/infografia-prevymis-wp-0220\/\"]}]},{\"@type\":\"BreadcrumbList\",\"@id\":\"https:\/\/msdconecta.co.cr\/es\/infografia-prevymis-wp-0220\/#breadcrumb\",\"itemListElement\":[{\"@type\":\"ListItem\",\"position\":1,\"name\":\"Home\",\"item\":\"https:\/\/msdconecta.co.cr\/es\/\"},{\"@type\":\"ListItem\",\"position\":2,\"name\":\"INFOGRAF\u00cdA PREVYMIS\"}]},{\"@type\":\"WebSite\",\"@id\":\"https:\/\/msdconecta.co.cr\/es\/#website\",\"url\":\"https:\/\/msdconecta.co.cr\/es\/\",\"name\":\"MConnect Cenca Spanish\",\"description\":\"\",\"publisher\":{\"@id\":\"https:\/\/msdconecta.co.cr\/es\/#organization\"},\"potentialAction\":[{\"@type\":\"SearchAction\",\"target\":{\"@type\":\"EntryPoint\",\"urlTemplate\":\"https:\/\/msdconecta.co.cr\/es\/?s={search_term_string}\"},\"query-input\":{\"@type\":\"PropertyValueSpecification\",\"valueRequired\":true,\"valueName\":\"search_term_string\"}}],\"inLanguage\":\"es-CO\"},{\"@type\":\"Organization\",\"@id\":\"https:\/\/msdconecta.co.cr\/es\/#organization\",\"name\":\"MConnect Cenca Spanish\",\"url\":\"https:\/\/msdconecta.co.cr\/es\/\",\"logo\":{\"@type\":\"ImageObject\",\"inLanguage\":\"es-CO\",\"@id\":\"https:\/\/msdconecta.co.cr\/es\/#\/schema\/logo\/image\/\",\"url\":\"https:\/\/msdconecta.co.cr\/es\/wp-content\/uploads\/sites\/77\/2022\/07\/logo_tcm2359-1256911.png\",\"contentUrl\":\"https:\/\/msdconecta.co.cr\/es\/wp-content\/uploads\/sites\/77\/2022\/07\/logo_tcm2359-1256911.png\",\"width\":152,\"height\":48,\"caption\":\"MConnect Cenca Spanish\"},\"image\":{\"@id\":\"https:\/\/msdconecta.co.cr\/es\/#\/schema\/logo\/image\/\"}}]}<\/script>\n<!-- \/ Yoast SEO plugin. -->","yoast_head_json":{"title":"INFOGRAF\u00cdA PREVYMIS - MConnect Cenca Spanish","robots":{"index":"index","follow":"follow","max-snippet":"max-snippet:-1","max-image-preview":"max-image-preview:large","max-video-preview":"max-video-preview:-1"},"canonical":"https:\/\/msdconecta.co.cr\/es\/infografia-prevymis-wp-0220\/","og_locale":"es_ES","og_type":"article","og_title":"INFOGRAF\u00cdA PREVYMIS - MConnect Cenca Spanish","og_url":"https:\/\/msdconecta.co.cr\/es\/infografia-prevymis-wp-0220\/","og_site_name":"MConnect Cenca Spanish","article_modified_time":"2023-09-28T13:00:59+00:00","twitter_card":"summary_large_image","twitter_misc":{"Tiempo de lectura":"2 minutos"},"schema":{"@context":"https:\/\/schema.org","@graph":[{"@type":"WebPage","@id":"https:\/\/msdconecta.co.cr\/es\/infografia-prevymis-wp-0220\/","url":"https:\/\/msdconecta.co.cr\/es\/infografia-prevymis-wp-0220\/","name":"INFOGRAF\u00cdA PREVYMIS - MConnect Cenca Spanish","isPartOf":{"@id":"https:\/\/msdconecta.co.cr\/es\/#website"},"datePublished":"2023-02-14T08:05:22+00:00","dateModified":"2023-09-28T13:00:59+00:00","breadcrumb":{"@id":"https:\/\/msdconecta.co.cr\/es\/infografia-prevymis-wp-0220\/#breadcrumb"},"inLanguage":"es-CO","potentialAction":[{"@type":"ReadAction","target":["https:\/\/msdconecta.co.cr\/es\/infografia-prevymis-wp-0220\/"]}]},{"@type":"BreadcrumbList","@id":"https:\/\/msdconecta.co.cr\/es\/infografia-prevymis-wp-0220\/#breadcrumb","itemListElement":[{"@type":"ListItem","position":1,"name":"Home","item":"https:\/\/msdconecta.co.cr\/es\/"},{"@type":"ListItem","position":2,"name":"INFOGRAF\u00cdA PREVYMIS"}]},{"@type":"WebSite","@id":"https:\/\/msdconecta.co.cr\/es\/#website","url":"https:\/\/msdconecta.co.cr\/es\/","name":"MConnect Cenca Spanish","description":"","publisher":{"@id":"https:\/\/msdconecta.co.cr\/es\/#organization"},"potentialAction":[{"@type":"SearchAction","target":{"@type":"EntryPoint","urlTemplate":"https:\/\/msdconecta.co.cr\/es\/?s={search_term_string}"},"query-input":{"@type":"PropertyValueSpecification","valueRequired":true,"valueName":"search_term_string"}}],"inLanguage":"es-CO"},{"@type":"Organization","@id":"https:\/\/msdconecta.co.cr\/es\/#organization","name":"MConnect Cenca Spanish","url":"https:\/\/msdconecta.co.cr\/es\/","logo":{"@type":"ImageObject","inLanguage":"es-CO","@id":"https:\/\/msdconecta.co.cr\/es\/#\/schema\/logo\/image\/","url":"https:\/\/msdconecta.co.cr\/es\/wp-content\/uploads\/sites\/77\/2022\/07\/logo_tcm2359-1256911.png","contentUrl":"https:\/\/msdconecta.co.cr\/es\/wp-content\/uploads\/sites\/77\/2022\/07\/logo_tcm2359-1256911.png","width":152,"height":48,"caption":"MConnect Cenca Spanish"},"image":{"@id":"https:\/\/msdconecta.co.cr\/es\/#\/schema\/logo\/image\/"}}]}},"_links":{"self":[{"href":"https:\/\/msdconecta.co.cr\/es\/wp-json\/wp\/v2\/pages\/20145","targetHints":{"allow":["GET"]}}],"collection":[{"href":"https:\/\/msdconecta.co.cr\/es\/wp-json\/wp\/v2\/pages"}],"about":[{"href":"https:\/\/msdconecta.co.cr\/es\/wp-json\/wp\/v2\/types\/page"}],"author":[{"embeddable":true,"href":"https:\/\/msdconecta.co.cr\/es\/wp-json\/wp\/v2\/users\/46316"}],"replies":[{"embeddable":true,"href":"https:\/\/msdconecta.co.cr\/es\/wp-json\/wp\/v2\/comments?post=20145"}],"version-history":[{"count":36,"href":"https:\/\/msdconecta.co.cr\/es\/wp-json\/wp\/v2\/pages\/20145\/revisions"}],"predecessor-version":[{"id":20628,"href":"https:\/\/msdconecta.co.cr\/es\/wp-json\/wp\/v2\/pages\/20145\/revisions\/20628"}],"wp:attachment":[{"href":"https:\/\/msdconecta.co.cr\/es\/wp-json\/wp\/v2\/media?parent=20145"}],"wp:term":[{"taxonomy":"category","embeddable":true,"href":"https:\/\/msdconecta.co.cr\/es\/wp-json\/wp\/v2\/categories?post=20145"},{"taxonomy":"post_tag","embeddable":true,"href":"https:\/\/msdconecta.co.cr\/es\/wp-json\/wp\/v2\/tags?post=20145"},{"taxonomy":"ga4_page_audience","embeddable":true,"href":"https:\/\/msdconecta.co.cr\/es\/wp-json\/wp\/v2\/ga4_page_audience?post=20145"},{"taxonomy":"ga4_page_birn_id","embeddable":true,"href":"https:\/\/msdconecta.co.cr\/es\/wp-json\/wp\/v2\/ga4_page_birn_id?post=20145"},{"taxonomy":"ga4_page_branding","embeddable":true,"href":"https:\/\/msdconecta.co.cr\/es\/wp-json\/wp\/v2\/ga4_page_branding?post=20145"},{"taxonomy":"ga4_page_businessunit","embeddable":true,"href":"https:\/\/msdconecta.co.cr\/es\/wp-json\/wp\/v2\/ga4_page_businessunit?post=20145"},{"taxonomy":"ga4_page_campaign","embeddable":true,"href":"https:\/\/msdconecta.co.cr\/es\/wp-json\/wp\/v2\/ga4_page_campaign?post=20145"},{"taxonomy":"ga4_page_content_purpose","embeddable":true,"href":"https:\/\/msdconecta.co.cr\/es\/wp-json\/wp\/v2\/ga4_page_content_purpose?post=20145"},{"taxonomy":"ga4_page_customer_journey_stage","embeddable":true,"href":"https:\/\/msdconecta.co.cr\/es\/wp-json\/wp\/v2\/ga4_page_customer_journey_stage?post=20145"},{"taxonomy":"ga4_page_customer_specialty","embeddable":true,"href":"https:\/\/msdconecta.co.cr\/es\/wp-json\/wp\/v2\/ga4_page_customer_specialty?post=20145"},{"taxonomy":"ga4_page_experience","embeddable":true,"href":"https:\/\/msdconecta.co.cr\/es\/wp-json\/wp\/v2\/ga4_page_experience?post=20145"},{"taxonomy":"ga4_page_indication","embeddable":true,"href":"https:\/\/msdconecta.co.cr\/es\/wp-json\/wp\/v2\/ga4_page_indication?post=20145"},{"taxonomy":"ga4_page_material_intent","embeddable":true,"href":"https:\/\/msdconecta.co.cr\/es\/wp-json\/wp\/v2\/ga4_page_material_intent?post=20145"},{"taxonomy":"ga4_page_product","embeddable":true,"href":"https:\/\/msdconecta.co.cr\/es\/wp-json\/wp\/v2\/ga4_page_product?post=20145"},{"taxonomy":"ga4_page_region","embeddable":true,"href":"https:\/\/msdconecta.co.cr\/es\/wp-json\/wp\/v2\/ga4_page_region?post=20145"},{"taxonomy":"ga4_page_therapeuticarea","embeddable":true,"href":"https:\/\/msdconecta.co.cr\/es\/wp-json\/wp\/v2\/ga4_page_therapeuticarea?post=20145"},{"taxonomy":"tx-therapeutic-area","embeddable":true,"href":"https:\/\/msdconecta.co.cr\/es\/wp-json\/wp\/v2\/tx-therapeutic-area?post=20145"},{"taxonomy":"tx-product","embeddable":true,"href":"https:\/\/msdconecta.co.cr\/es\/wp-json\/wp\/v2\/tx-product?post=20145"},{"taxonomy":"tx-pathology","embeddable":true,"href":"https:\/\/msdconecta.co.cr\/es\/wp-json\/wp\/v2\/tx-pathology?post=20145"},{"taxonomy":"tx-content-type","embeddable":true,"href":"https:\/\/msdconecta.co.cr\/es\/wp-json\/wp\/v2\/tx-content-type?post=20145"},{"taxonomy":"tx-active-ingredient","embeddable":true,"href":"https:\/\/msdconecta.co.cr\/es\/wp-json\/wp\/v2\/tx-active-ingredient?post=20145"},{"taxonomy":"mhh-area-of-interest","embeddable":true,"href":"https:\/\/msdconecta.co.cr\/es\/wp-json\/wp\/v2\/mhh-area-of-interest?post=20145"},{"taxonomy":"access","embeddable":true,"href":"https:\/\/msdconecta.co.cr\/es\/wp-json\/wp\/v2\/access?post=20145"},{"taxonomy":"user_status","embeddable":true,"href":"https:\/\/msdconecta.co.cr\/es\/wp-json\/wp\/v2\/user_status?post=20145"},{"taxonomy":"user_role","embeddable":true,"href":"https:\/\/msdconecta.co.cr\/es\/wp-json\/wp\/v2\/user_role?post=20145"}],"curies":[{"name":"wp","href":"https:\/\/api.w.org\/{rel}","templated":true}]}}