{"id":9405,"date":"2022-07-20T16:09:12","date_gmt":"2022-07-20T16:09:12","guid":{"rendered":"https:\/\/msdconecta.co.cr\/es\/?page_id=9405"},"modified":"2025-11-07T16:40:50","modified_gmt":"2025-11-07T16:40:50","slug":"terminos-uso","status":"publish","type":"page","link":"https:\/\/msdconecta.co.cr\/es\/terminos-uso\/","title":{"rendered":"T\u00e9rminos de uso Espa\u00f1ol"},"content":{"rendered":"<div class=\"mhh-mcn-columns mhh-mcn-v1-columns--a9843d968adc2db666a85997747f80e1 mhh-mcn-v1-columns mhh-mcn-columns--gutter-m\">\n    <div class=\"mhh-mcn-columns-inner\">\n        \n<div class=\"mhh-mcn-v1-column mhh-mcn-v1-column--05795eb7cfb292ef6bb99125064e0edf mhh-mcn-column mhh-mcn-column--12 mhh-mcn-column--m-12 mhh-mcn-column--l-12\">\n    \n\n<h2 class=\"wp-block-heading has-border-color has-has-red-border-color-border-color has-teal-500-color has-text-color  mhh-mcn-v1-heading mhh-mcn-v1-heading--b77fa07eb2fbc7e30c0168d7e1772a57\">T\u00c9RMINOS Y CONDICIONES DE USO<\/h2>\n\n\n\n<h4 class=\"wp-block-heading has-border-color has-has-red-border-color-border-color has-teal-500-color has-text-color  mhh-mcn-v1-heading mhh-mcn-v1-heading--2d99eb0a327d4afe1860e7ae20a6e0d3\"><strong>Uso de este sitio<\/strong><\/h4>\n\n\n\n<p class=\"has-border-color has-has-red-border-color-border-color   mhh-mcn-v1-paragraph mhh-mcn-v1-paragraph--18d0a619c0d7668a2e34dac446202bd8\">Estos t\u00e9rminos se revisaron por \u00faltima vez en octubre de 2025<\/p>\n\n\n\n<p class=\"has-border-color has-has-red-border-color-border-color   mhh-mcn-v1-paragraph mhh-mcn-v1-paragraph--52435e69ff2c5ebdb1cfd4e776c62854\">Este sitio web es mantenido por MSD Central America Services S. De R.L.&nbsp; (\u201cMSD\u201d), una subsidiaria de Merck &amp; Co., Inc., Rahway, Nueva Jersey, EE. UU.; con domicilio en Torre MMG, Piso 15, Costa del Este, Ciudad de Panam\u00e1, Panam\u00e1.<\/p>\n\n\n\n<p class=\"has-border-color has-has-red-border-color-border-color   mhh-mcn-v1-paragraph mhh-mcn-v1-paragraph--87835f8440b2d8fc079554b82f5311b1\">Al usar este sitio web, Usted acepta estar sujeto y cumplir con los t\u00e9rminos de uso de esta p\u00e1gina (T\u00e9rminos de Uso). MSD se reserva el derecho de cambiar estos T\u00e9rminos de Uso de tiempo en tiempo, seg\u00fan sea necesario, y notificar\u00e1 en esta p\u00e1gina sobre dichos cambios, incluida su fecha de entrada en vigor. Usted puede acceder a esta p\u00e1gina en cualquier momento a trav\u00e9s del enlace \u201cT\u00e9rminos y condiciones de uso\u201d, ubicado en la parte inferior de cada p\u00e1gina de este sitio web.<\/p>\n\n\n\n<p class=\"has-border-color has-has-red-border-color-border-color   mhh-mcn-v1-paragraph mhh-mcn-v1-paragraph--0d7a6ffad07e435763d5924a2dca9690\">Nada en este sitio web debe interpretarse como un consejo o una recomendaci\u00f3n con respecto a cualquier decisi\u00f3n o acci\u00f3n relacionada con su salud o la salud de los dem\u00e1s. Si Usted es un paciente, debe consultar a un m\u00e9dico u otro profesional de la salud calificado con respecto a cualquier pregunta que tenga sobre su salud o antes de tomar decisiones de tratamiento m\u00e9dico. Si Usted es un m\u00e9dico u otro profesional de la salud calificado, no debe permitir que el contenido del presente sitio web sustituya su propio juicio m\u00e9dico, el cual debe a su vez ejercer al evaluar la informaci\u00f3n del mismo.<\/p>\n\n\n\n<p class=\"has-border-color has-has-red-border-color-border-color   mhh-mcn-v1-paragraph mhh-mcn-v1-paragraph--424b02c41f6a6aa6cd5e345762e965e9\">Si bien MSD ha realizado esfuerzos razonables para que la informaci\u00f3n en este sitio web sea precisa, completa y actualizada, MSD renuncia expresamente a cualquier garant\u00eda con respecto a la precisi\u00f3n, integridad o vigencia de dicha informaci\u00f3n. LA INFORMACI\u00d3N EN ESTE SITIO WEB SE PROPORCIONA \u201cTAL CUAL\u201d, SIN GARANT\u00cdA DE NING\u00daN TIPO, EXPRESA O IMPL\u00cdCITA, INCLUYENDO, PERO NO LIMITADO A LAS GARANT\u00cdAS IMPL\u00cdCITAS DE COMERCIABILIDAD, IDONEIDAD PARA UN PROP\u00d3SITO PARTICULAR O NO INFRACCI\u00d3N DE CUALQUIER REGULACI\u00d3N APLICABLE.<\/p>\n\n\n\n<p class=\"has-border-color has-has-red-border-color-border-color   mhh-mcn-v1-paragraph mhh-mcn-v1-paragraph--01be2cc6ccd0fe7dd85f9c6f4da02cf3\">En este sitio web, MSD puede recopilar, a trav\u00e9s de procesos de registro u otros medios, informaci\u00f3n personal sobre Usted. Consulte la&nbsp;<a href=\"https:\/\/www.msdprivacy.com\/mx\/es\/internet-privacy-policy\/\">Pol\u00edtica de Privacidad Global<\/a>&nbsp;en Internet de MSD para obtener detalles sobre c\u00f3mo protegemos su informaci\u00f3n personal, as\u00ed como la&nbsp;<a href=\"https:\/\/www.msdprivacy.com\/mx\/es\/online-tracking-privacy-policy\/\">Pol\u00edtica Global de Seguimiento en L\u00ednea de MSD<\/a>&nbsp;con respecto a los tipos de cookies y tecnolog\u00edas similares que utilizan nuestros sitios web, aplicaciones web y otros servicios en l\u00ednea y c\u00f3mo puede controlar las cookies en su computadora o dispositivo m\u00f3vil. Usted es responsable de la exactitud de cualquier informaci\u00f3n personal sobre Usted que proporcione a MSD a trav\u00e9s de este sitio web.<\/p>\n\n\n\n<p class=\"has-border-color has-has-red-border-color-border-color   mhh-mcn-v1-paragraph mhh-mcn-v1-paragraph--e68700521efe6b3b9b70461d350943ae\">A excepci\u00f3n de la informaci\u00f3n cubierta por nuestra&nbsp;<a href=\"https:\/\/www.msdprivacy.com\/mx\/es\/internet-privacy-policy\/\">Pol\u00edtica de Privacidad Global<\/a>, cualquier comunicaci\u00f3n o material que transmita al sitio web o circule a trav\u00e9s del mismo, incluidos datos, comentarios, preguntas, sugerencias, ideas, conceptos, conocimientos, t\u00e9cnicas o similares, se convertir\u00e1 en propiedad de MSD. MSD tendr\u00e1 la libertad de usar, divulgar, reproducir o distribuir dichas comunicaciones o materiales sin limitaci\u00f3n de ning\u00fan tipo.<\/p>\n\n\n\n<p class=\"has-border-color has-has-red-border-color-border-color   mhh-mcn-v1-paragraph mhh-mcn-v1-paragraph--20b07a098df44ab791b3b2d448a7356f\">Para obtener m\u00e1s informaci\u00f3n sobre la referida&nbsp;<a href=\"https:\/\/www.msdprivacy.com\/mx\/es\/internet-privacy-policy\/\">Pol\u00edtica de Privacidad Global<\/a>&nbsp;y el correspondiente uso de sus datos personales y sus derechos, consulte nuestro aviso de privacidad integral en la siguiente liga:&nbsp;<a href=\"https:\/\/www.msdprivacy.com\/ccv\/es\/\">https:\/\/www.msdprivacy.com\/ccv\/es\/<\/a><\/p>\n\n\n\n<p class=\"has-border-color has-has-red-border-color-border-color   mhh-mcn-v1-paragraph mhh-mcn-v1-paragraph--244cdd402b247cb8e1e4cce048fb5d92\">Este sitio web puede contener informaci\u00f3n de terceros proporcionada o incluida por estos \u00faltimos o enlaces a otros sitios web de Internet. MSD no controla ni asume responsabilidad alguna por dicha informaci\u00f3n proporcionada por terceros o por el contenido de o de enlaces a otros sitios web propiedad de terceros o distintos a este.<\/p>\n\n\n\n<p class=\"has-border-color has-has-red-border-color-border-color   mhh-mcn-v1-paragraph mhh-mcn-v1-paragraph--ad7dfefe543b85469916cbbf7fe202e1\">Usted debe asumir que todas las marcas comerciales, logotipos, dise\u00f1os, lemas e imagen comercial que aparecen en este sitio web, ya sea que aparezcan o no en letra grande, cursiva o con el s\u00edmbolo de marca registrada, son propiedad de MSD o de sus empresas afiliadas, o se utilizan bajo licencia. Este sitio web tambi\u00e9n puede contener o hacer referencia a patentes, secretos industriales, tecnolog\u00edas, productos, procesos u otros derechos de propiedad de MSD y\/o de otras partes. No se le otorga ni se le confiere ninguna licencia o derecho sobre tales marcas registradas, secretos industriales, secretos comerciales, tecnolog\u00edas, productos, procesos y otros derechos de propiedad intelectual o industrial de MSD y\/o de otras partes.<\/p>\n\n\n\n<p class=\"has-border-color has-has-red-border-color-border-color   mhh-mcn-v1-paragraph mhh-mcn-v1-paragraph--623b8a5ef484c459337ae227109f3026\">Usted no puede distribuir, modificar, transmitir, reutilizar, volver a publicar o usar el contenido del sitio web para fines p\u00fablicos o comerciales, incluido el texto, las im\u00e1genes, el audio o el video, sin el permiso por escrito de MSD. Usted debe asumir que todo lo que ve o lee en este sitio web est\u00e1 protegido por derechos de autor o de propiedad industrial y por ende no puede utilizarse, excepto seg\u00fan lo dispuesto en estos T\u00e9rminos de Uso o en el texto del sitio web, sin el permiso por escrito de MSD. MSD no garantiza ni declara que el uso que haga de los materiales que se muestran en el sitio web no infringir\u00e1 derechos de terceros que no sean propiedad de o de afiliados de MSD.<\/p>\n\n\n\n<p class=\"has-border-color has-has-red-border-color-border-color   mhh-mcn-v1-paragraph mhh-mcn-v1-paragraph--2c7e75fdb6803484f23acf587033dd2c\">Usted tiene prohibido publicar o transmitir al sitio web cualquier material ilegal, amenazante, calumnioso, difamatorio, obsceno, escandaloso, incendiario, pornogr\u00e1fico o corrompido o cualquier material que pueda constituir o fomentar una conducta que se considere un delito, d\u00e9 lugar a responsabilidad civil, o violar cualquier ley.<\/p>\n\n\n\n<p class=\"has-border-color has-has-red-border-color-border-color   mhh-mcn-v1-paragraph mhh-mcn-v1-paragraph--3d50a401d167b971de93b725bea4a642\">MSD se reserva el derecho, si Usted viola estos T\u00e9rminos de Uso, de suspender o cancelar cualquier cuenta que haya creado en este sitio web, reserv\u00e1ndose el derecho, adem\u00e1s, de ejercer al respecto las acciones legales que determine conducentes.<\/p>\n\n<\/div>\n\n    <\/div>\n\n    <\/div>\n","protected":false},"excerpt":{"rendered":"","protected":false},"author":1334,"featured_media":0,"parent":0,"menu_order":0,"comment_status":"closed","ping_status":"closed","template":"","meta":{"_mhh_mcn_text_direction":"","_mhh_mcn_language":"","_mhh_mcn_left_sidebar_settings":{"entityId":0},"_mhh_mcn_sidebar_settings":{"entityId":0},"mhh_mcn_side_navigation_style":{"fontSize":{"l":"","m":"","s":""},"lineHeight":{"l":1.5,"m":1.5,"s":1.5},"itemColor":"","hoverItemColor":"","currentItemColor":"","borderItemColor":"","backgroundItemHoverColor":"","themeColor":""},"_mhh_mcn_child_page_navigation":{"isActive":false,"isSticky":false},"hide_header":false,"show_top_bar":false,"hide_footer":false,"full_width_layout":false,"icon":null,"job_code":"","primary_tag":0,"editor_notices":[],"mconnectHideShareThis":false,"footnotes":"","mconnectIsArchiveTemplate":false,"mconnectArchiveFiltersDisabled":false,"mconnectArchiveLockAllPresetFilters":false,"mconnectArchiveHidePageSubmenu":false,"mconnectArchiveShowParentPageOnly":false,"mconnectArchiveDefaultOrder":"DESC","mconnectArchiveDefaultOrderBy":"date","mconnectArchivePostsPerPage":12,"mconnectArchivePostTypes":[],"mconnectArchiveAllowFilterBy":["category","tx-content-type","tx-product","tx-pathology","tx-active-ingredient","tx-therapeutic-area"],"mconnectArchiveFilterSorting":["is_keyword"],"mconnectArchiveContentItemStyle":{"showExcerpt":true,"showImage":true,"showIcon":false,"showPrimaryTag":true,"showBorder":false,"showDates":false,"showCta":true,"isCard":false,"hasBackground":false,"showMetadata":true},"mconnectArchiveLayout":{"type":"list","hasFeatured":false},"mconnectDynamicTaxonomyEntities":[],"mconnectArchiveTerms_category":[],"mconnectArchiveAllowTerms_category":[],"mconnectArchiveTerms_tx-content-type":[],"mconnectArchiveAllowTerms_tx-content-type":[],"mconnectArchiveTerms_tx-product":[],"mconnectArchiveAllowTerms_tx-product":[],"mconnectArchiveTerms_tx-pathology":[],"mconnectArchiveAllowTerms_tx-pathology":[],"mconnectArchiveTerms_tx-active-ingredient":[],"mconnectArchiveAllowTerms_tx-active-ingredient":[],"mconnectArchiveTerms_tx-therapeutic-area":[],"mconnectArchiveAllowTerms_tx-therapeutic-area":[],"mconnectArchiveAllowTerms_dynamic-taxonomy":[],"mconnectArchiveLegacyDefaultTermsApplied":false,"mconnectContentUpdatesPerPage":10,"mconnectContentUpdatesViewMoreUrl":"","mconnectContentUpdatesTerms_tx-content-type":[],"mconnectContentUpdatesTerms_tx-product":[],"mconnectContentUpdatesTerms_tx-pathology":[],"mconnectContentUpdatesTerms_tx-active-ingredient":[],"mconnectContentUpdatesTerms_tx-therapeutic-area":[],"sidebar_toogle":0,"sidebar_toogle_notification_warning":true,"sidebar_toogle_notification_alert":true,"content_expiration_sidebar_date":"","content_expiration_sidebar_expired_post_status":"","content_expiration_sidebar_redirection":""},"categories":[],"tags":[],"ga4_page_audience":[1187],"ga4_page_birn_id":[],"ga4_page_branding":[382],"ga4_page_businessunit":[],"ga4_page_campaign":[],"ga4_page_content_purpose":[445],"ga4_page_customer_journey_stage":[1020],"ga4_page_customer_specialty":[464],"ga4_page_experience":[],"ga4_page_indication":[],"ga4_page_material_intent":[],"ga4_page_product":[711],"ga4_page_region":[921],"ga4_page_therapeuticarea":[],"tx-therapeutic-area":[],"tx-product":[],"tx-pathology":[],"tx-content-type":[],"tx-active-ingredient":[],"mhh-area-of-interest":[],"access":[],"user_status":[],"user_role":[],"class_list":["post-9405","page","type-page","status-publish","hentry"],"yoast_head":"<!-- This site is optimized with the Yoast SEO plugin v23.9 - https:\/\/yoast.com\/wordpress\/plugins\/seo\/ -->\n<title>T\u00e9rminos de uso Espa\u00f1ol - MConnect Cenca Spanish<\/title>\n<meta name=\"robots\" content=\"index, follow, max-snippet:-1, max-image-preview:large, max-video-preview:-1\" \/>\n<link rel=\"canonical\" href=\"https:\/\/msdconecta.co.cr\/es\/terminos-uso\/\" \/>\n<meta property=\"og:locale\" content=\"es_ES\" \/>\n<meta property=\"og:type\" content=\"article\" \/>\n<meta property=\"og:title\" content=\"T\u00e9rminos de uso Espa\u00f1ol - MConnect Cenca Spanish\" \/>\n<meta property=\"og:url\" content=\"https:\/\/msdconecta.co.cr\/es\/terminos-uso\/\" \/>\n<meta property=\"og:site_name\" content=\"MConnect Cenca Spanish\" \/>\n<meta property=\"article:modified_time\" content=\"2025-11-07T16:40:50+00:00\" \/>\n<meta name=\"twitter:card\" content=\"summary_large_image\" \/>\n<meta name=\"twitter:label1\" content=\"Tiempo de lectura\" \/>\n\t<meta name=\"twitter:data1\" content=\"5 minutos\" \/>\n<script type=\"application\/ld+json\" class=\"yoast-schema-graph\">{\"@context\":\"https:\/\/schema.org\",\"@graph\":[{\"@type\":\"WebPage\",\"@id\":\"https:\/\/msdconecta.co.cr\/es\/terminos-uso\/\",\"url\":\"https:\/\/msdconecta.co.cr\/es\/terminos-uso\/\",\"name\":\"T\u00e9rminos de uso Espa\u00f1ol - MConnect Cenca Spanish\",\"isPartOf\":{\"@id\":\"https:\/\/msdconecta.co.cr\/es\/#website\"},\"datePublished\":\"2022-07-20T16:09:12+00:00\",\"dateModified\":\"2025-11-07T16:40:50+00:00\",\"breadcrumb\":{\"@id\":\"https:\/\/msdconecta.co.cr\/es\/terminos-uso\/#breadcrumb\"},\"inLanguage\":\"es-CO\",\"potentialAction\":[{\"@type\":\"ReadAction\",\"target\":[\"https:\/\/msdconecta.co.cr\/es\/terminos-uso\/\"]}]},{\"@type\":\"BreadcrumbList\",\"@id\":\"https:\/\/msdconecta.co.cr\/es\/terminos-uso\/#breadcrumb\",\"itemListElement\":[{\"@type\":\"ListItem\",\"position\":1,\"name\":\"Home\",\"item\":\"https:\/\/msdconecta.co.cr\/es\/\"},{\"@type\":\"ListItem\",\"position\":2,\"name\":\"T\u00e9rminos de uso Espa\u00f1ol\"}]},{\"@type\":\"WebSite\",\"@id\":\"https:\/\/msdconecta.co.cr\/es\/#website\",\"url\":\"https:\/\/msdconecta.co.cr\/es\/\",\"name\":\"MConnect Cenca Spanish\",\"description\":\"\",\"publisher\":{\"@id\":\"https:\/\/msdconecta.co.cr\/es\/#organization\"},\"potentialAction\":[{\"@type\":\"SearchAction\",\"target\":{\"@type\":\"EntryPoint\",\"urlTemplate\":\"https:\/\/msdconecta.co.cr\/es\/?s={search_term_string}\"},\"query-input\":{\"@type\":\"PropertyValueSpecification\",\"valueRequired\":true,\"valueName\":\"search_term_string\"}}],\"inLanguage\":\"es-CO\"},{\"@type\":\"Organization\",\"@id\":\"https:\/\/msdconecta.co.cr\/es\/#organization\",\"name\":\"MConnect Cenca Spanish\",\"url\":\"https:\/\/msdconecta.co.cr\/es\/\",\"logo\":{\"@type\":\"ImageObject\",\"inLanguage\":\"es-CO\",\"@id\":\"https:\/\/msdconecta.co.cr\/es\/#\/schema\/logo\/image\/\",\"url\":\"https:\/\/msdconecta.co.cr\/es\/wp-content\/uploads\/sites\/77\/2022\/07\/logo_tcm2359-1256911.png\",\"contentUrl\":\"https:\/\/msdconecta.co.cr\/es\/wp-content\/uploads\/sites\/77\/2022\/07\/logo_tcm2359-1256911.png\",\"width\":152,\"height\":48,\"caption\":\"MConnect Cenca Spanish\"},\"image\":{\"@id\":\"https:\/\/msdconecta.co.cr\/es\/#\/schema\/logo\/image\/\"}}]}<\/script>\n<!-- \/ Yoast SEO plugin. -->","yoast_head_json":{"title":"T\u00e9rminos de uso Espa\u00f1ol - MConnect Cenca Spanish","robots":{"index":"index","follow":"follow","max-snippet":"max-snippet:-1","max-image-preview":"max-image-preview:large","max-video-preview":"max-video-preview:-1"},"canonical":"https:\/\/msdconecta.co.cr\/es\/terminos-uso\/","og_locale":"es_ES","og_type":"article","og_title":"T\u00e9rminos de uso Espa\u00f1ol - MConnect Cenca Spanish","og_url":"https:\/\/msdconecta.co.cr\/es\/terminos-uso\/","og_site_name":"MConnect Cenca Spanish","article_modified_time":"2025-11-07T16:40:50+00:00","twitter_card":"summary_large_image","twitter_misc":{"Tiempo de lectura":"5 minutos"},"schema":{"@context":"https:\/\/schema.org","@graph":[{"@type":"WebPage","@id":"https:\/\/msdconecta.co.cr\/es\/terminos-uso\/","url":"https:\/\/msdconecta.co.cr\/es\/terminos-uso\/","name":"T\u00e9rminos de uso Espa\u00f1ol - MConnect Cenca Spanish","isPartOf":{"@id":"https:\/\/msdconecta.co.cr\/es\/#website"},"datePublished":"2022-07-20T16:09:12+00:00","dateModified":"2025-11-07T16:40:50+00:00","breadcrumb":{"@id":"https:\/\/msdconecta.co.cr\/es\/terminos-uso\/#breadcrumb"},"inLanguage":"es-CO","potentialAction":[{"@type":"ReadAction","target":["https:\/\/msdconecta.co.cr\/es\/terminos-uso\/"]}]},{"@type":"BreadcrumbList","@id":"https:\/\/msdconecta.co.cr\/es\/terminos-uso\/#breadcrumb","itemListElement":[{"@type":"ListItem","position":1,"name":"Home","item":"https:\/\/msdconecta.co.cr\/es\/"},{"@type":"ListItem","position":2,"name":"T\u00e9rminos de uso Espa\u00f1ol"}]},{"@type":"WebSite","@id":"https:\/\/msdconecta.co.cr\/es\/#website","url":"https:\/\/msdconecta.co.cr\/es\/","name":"MConnect Cenca Spanish","description":"","publisher":{"@id":"https:\/\/msdconecta.co.cr\/es\/#organization"},"potentialAction":[{"@type":"SearchAction","target":{"@type":"EntryPoint","urlTemplate":"https:\/\/msdconecta.co.cr\/es\/?s={search_term_string}"},"query-input":{"@type":"PropertyValueSpecification","valueRequired":true,"valueName":"search_term_string"}}],"inLanguage":"es-CO"},{"@type":"Organization","@id":"https:\/\/msdconecta.co.cr\/es\/#organization","name":"MConnect Cenca Spanish","url":"https:\/\/msdconecta.co.cr\/es\/","logo":{"@type":"ImageObject","inLanguage":"es-CO","@id":"https:\/\/msdconecta.co.cr\/es\/#\/schema\/logo\/image\/","url":"https:\/\/msdconecta.co.cr\/es\/wp-content\/uploads\/sites\/77\/2022\/07\/logo_tcm2359-1256911.png","contentUrl":"https:\/\/msdconecta.co.cr\/es\/wp-content\/uploads\/sites\/77\/2022\/07\/logo_tcm2359-1256911.png","width":152,"height":48,"caption":"MConnect Cenca Spanish"},"image":{"@id":"https:\/\/msdconecta.co.cr\/es\/#\/schema\/logo\/image\/"}}]}},"_links":{"self":[{"href":"https:\/\/msdconecta.co.cr\/es\/wp-json\/wp\/v2\/pages\/9405","targetHints":{"allow":["GET"]}}],"collection":[{"href":"https:\/\/msdconecta.co.cr\/es\/wp-json\/wp\/v2\/pages"}],"about":[{"href":"https:\/\/msdconecta.co.cr\/es\/wp-json\/wp\/v2\/types\/page"}],"author":[{"embeddable":true,"href":"https:\/\/msdconecta.co.cr\/es\/wp-json\/wp\/v2\/users\/1334"}],"replies":[{"embeddable":true,"href":"https:\/\/msdconecta.co.cr\/es\/wp-json\/wp\/v2\/comments?post=9405"}],"version-history":[{"count":16,"href":"https:\/\/msdconecta.co.cr\/es\/wp-json\/wp\/v2\/pages\/9405\/revisions"}],"predecessor-version":[{"id":95499,"href":"https:\/\/msdconecta.co.cr\/es\/wp-json\/wp\/v2\/pages\/9405\/revisions\/95499"}],"wp:attachment":[{"href":"https:\/\/msdconecta.co.cr\/es\/wp-json\/wp\/v2\/media?parent=9405"}],"wp:term":[{"taxonomy":"category","embeddable":true,"href":"https:\/\/msdconecta.co.cr\/es\/wp-json\/wp\/v2\/categories?post=9405"},{"taxonomy":"post_tag","embeddable":true,"href":"https:\/\/msdconecta.co.cr\/es\/wp-json\/wp\/v2\/tags?post=9405"},{"taxonomy":"ga4_page_audience","embeddable":true,"href":"https:\/\/msdconecta.co.cr\/es\/wp-json\/wp\/v2\/ga4_page_audience?post=9405"},{"taxonomy":"ga4_page_birn_id","embeddable":true,"href":"https:\/\/msdconecta.co.cr\/es\/wp-json\/wp\/v2\/ga4_page_birn_id?post=9405"},{"taxonomy":"ga4_page_branding","embeddable":true,"href":"https:\/\/msdconecta.co.cr\/es\/wp-json\/wp\/v2\/ga4_page_branding?post=9405"},{"taxonomy":"ga4_page_businessunit","embeddable":true,"href":"https:\/\/msdconecta.co.cr\/es\/wp-json\/wp\/v2\/ga4_page_businessunit?post=9405"},{"taxonomy":"ga4_page_campaign","embeddable":true,"href":"https:\/\/msdconecta.co.cr\/es\/wp-json\/wp\/v2\/ga4_page_campaign?post=9405"},{"taxonomy":"ga4_page_content_purpose","embeddable":true,"href":"https:\/\/msdconecta.co.cr\/es\/wp-json\/wp\/v2\/ga4_page_content_purpose?post=9405"},{"taxonomy":"ga4_page_customer_journey_stage","embeddable":true,"href":"https:\/\/msdconecta.co.cr\/es\/wp-json\/wp\/v2\/ga4_page_customer_journey_stage?post=9405"},{"taxonomy":"ga4_page_customer_specialty","embeddable":true,"href":"https:\/\/msdconecta.co.cr\/es\/wp-json\/wp\/v2\/ga4_page_customer_specialty?post=9405"},{"taxonomy":"ga4_page_experience","embeddable":true,"href":"https:\/\/msdconecta.co.cr\/es\/wp-json\/wp\/v2\/ga4_page_experience?post=9405"},{"taxonomy":"ga4_page_indication","embeddable":true,"href":"https:\/\/msdconecta.co.cr\/es\/wp-json\/wp\/v2\/ga4_page_indication?post=9405"},{"taxonomy":"ga4_page_material_intent","embeddable":true,"href":"https:\/\/msdconecta.co.cr\/es\/wp-json\/wp\/v2\/ga4_page_material_intent?post=9405"},{"taxonomy":"ga4_page_product","embeddable":true,"href":"https:\/\/msdconecta.co.cr\/es\/wp-json\/wp\/v2\/ga4_page_product?post=9405"},{"taxonomy":"ga4_page_region","embeddable":true,"href":"https:\/\/msdconecta.co.cr\/es\/wp-json\/wp\/v2\/ga4_page_region?post=9405"},{"taxonomy":"ga4_page_therapeuticarea","embeddable":true,"href":"https:\/\/msdconecta.co.cr\/es\/wp-json\/wp\/v2\/ga4_page_therapeuticarea?post=9405"},{"taxonomy":"tx-therapeutic-area","embeddable":true,"href":"https:\/\/msdconecta.co.cr\/es\/wp-json\/wp\/v2\/tx-therapeutic-area?post=9405"},{"taxonomy":"tx-product","embeddable":true,"href":"https:\/\/msdconecta.co.cr\/es\/wp-json\/wp\/v2\/tx-product?post=9405"},{"taxonomy":"tx-pathology","embeddable":true,"href":"https:\/\/msdconecta.co.cr\/es\/wp-json\/wp\/v2\/tx-pathology?post=9405"},{"taxonomy":"tx-content-type","embeddable":true,"href":"https:\/\/msdconecta.co.cr\/es\/wp-json\/wp\/v2\/tx-content-type?post=9405"},{"taxonomy":"tx-active-ingredient","embeddable":true,"href":"https:\/\/msdconecta.co.cr\/es\/wp-json\/wp\/v2\/tx-active-ingredient?post=9405"},{"taxonomy":"mhh-area-of-interest","embeddable":true,"href":"https:\/\/msdconecta.co.cr\/es\/wp-json\/wp\/v2\/mhh-area-of-interest?post=9405"},{"taxonomy":"access","embeddable":true,"href":"https:\/\/msdconecta.co.cr\/es\/wp-json\/wp\/v2\/access?post=9405"},{"taxonomy":"user_status","embeddable":true,"href":"https:\/\/msdconecta.co.cr\/es\/wp-json\/wp\/v2\/user_status?post=9405"},{"taxonomy":"user_role","embeddable":true,"href":"https:\/\/msdconecta.co.cr\/es\/wp-json\/wp\/v2\/user_role?post=9405"}],"curies":[{"name":"wp","href":"https:\/\/api.w.org\/{rel}","templated":true}]}}