{"id":84178,"date":"2023-08-10T20:17:03","date_gmt":"2023-08-10T20:17:03","guid":{"rendered":"https:\/\/msdconecta.co.cr\/es\/?post_type=product&#038;p=84178"},"modified":"2023-09-25T22:01:04","modified_gmt":"2023-09-25T22:01:04","slug":"guias-asa-y-esaic-wp-0438","status":"publish","type":"product","link":"https:\/\/msdconecta.co.cr\/es\/products\/bridion-wp-0695\/guias-asa-y-esaic-wp-0438\/","title":{"rendered":"Gu\u00edas ASA y ESAIC"},"content":{"rendered":"\n<nav class=\"wp-block-mconnect-theme-curated-content \">\n\t<ul class=\"is-grid-layout has-columns has-two-columns has-top-vertical-alignment\" >\n\t\t\n\t<li class=\"grid-item\">\n\t\t<article\n            class=\"content-item  is-display-media-style is-missing-media has-link\"\n        >\n\t\n    \n    <div class=\"content-item__content-container\">\n\t\t<div class=\"content-item__content-body\">\n\t\t\t\t\t\t\t\t\t<header class=\"content-item__header\">\n\t\t\t\t<span\n\t\t\t\t\tclass=\"content-item__content-type content-type \">\n\t\t\t\t\t<span class=\"content-type__icon\">\n                                            <\/span>\n\t\t\t\t\t\t\t\t\t<\/span>\n\t\t\t\t<h2 class=\"content-item__title\" data-enterprise-id=\"currentHeader\">\n\t\t\t\t\t\t\t\t\t\t\t<a href=\"https:\/\/msdconecta.co.cr\/es\/guia-asa-wp-0232\/\"\n                            class=\"content-item__title-link\"\n                            target=\"_self\"\n                            rel=\"\"\n\t\t\t\t\t\t\t              >\n                            Haga click ac\u00e1 para descargar la gu\u00eda ASA                        <\/a>\n\t\t\t\t\t\t\t\t\t<\/h2>\n\t\t\t\t\t\t\t<\/header>\n\t\t\t\t\t\t\t<p class=\"content-item__excerpt\"><a href=\"https:\/\/msdconecta.pe\/wp-content\/uploads\/sites\/62\/2023\/04\/GBLHQ-ASA-Guidelines-Reprint.pdf\" target=\"_blank\" rel=\"noreferrer noopener\">Sociedad Americana de Anestesi\u00f3logos (ASA): Gu\u00eda pr\u00e1ctica para la monitorizaci\u00f3n y el antagonismo del bloqueo neuromuscular<\/a><br><a href=\"https:\/\/msdconecta.pe\/wp-content\/uploads\/sites\/62\/2023\/04\/GBLHQ-ESAIC-Guidelines-Reprint.pdf\" target=\"_blank\" rel=\"noreferrer noopener\"><\/a><\/p>\n\t\t\t\n                                            <div class=\"content-item__content-meta badge-container\">                                                                                                <\/div>\n                \t\t<\/div>\n\t\t<div class=\"content-item__content-footer\">\n\t\t\t\t\t\t\t\t\t\t\t<\/div>\n\t<\/div>\n\n    <\/article>\n\t<\/li>\n\t\n\n\t<li class=\"grid-item\">\n\t\t<article\n            class=\"content-item  is-display-media-style is-missing-media has-link\"\n        >\n\t\n    \n    <div class=\"content-item__content-container\">\n\t\t<div class=\"content-item__content-body\">\n\t\t\t\t\t\t\t\t\t<header class=\"content-item__header\">\n\t\t\t\t<span\n\t\t\t\t\tclass=\"content-item__content-type content-type \">\n\t\t\t\t\t<span class=\"content-type__icon\">\n                                            <\/span>\n\t\t\t\t\t\t\t\t\t<\/span>\n\t\t\t\t<h2 class=\"content-item__title\" data-enterprise-id=\"currentHeader\">\n\t\t\t\t\t\t\t\t\t\t\t<a href=\"https:\/\/msdconecta.co.cr\/es\/guia-esaic-wp-0231\/\"\n                            class=\"content-item__title-link\"\n                            target=\"_self\"\n                            rel=\"\"\n\t\t\t\t\t\t\t              >\n                            Haga click ac\u00e1 para descargar la gu\u00eda ESAIC                         <\/a>\n\t\t\t\t\t\t\t\t\t<\/h2>\n\t\t\t\t\t\t\t<\/header>\n\t\t\t\t\t\t\t<p class=\"content-item__excerpt\"><a href=\"https:\/\/msdconecta.pe\/wp-content\/uploads\/sites\/62\/2023\/04\/GBLHQ-ESAIC-Guidelines-Reprint.pdf\" target=\"_blank\" rel=\"noreferrer noopener\">Sociedad Europea de Anestesiolog\u00eda y Cuidados Intensivos (ESAIC): Gu\u00eda sobre el manejo perioperativo del bloqueo neuromuscular<\/a><\/p>\n\t\t\t\n                                            <div class=\"content-item__content-meta badge-container\">                                                                                                <\/div>\n                \t\t<\/div>\n\t\t<div class=\"content-item__content-footer\">\n\t\t\t\t\t\t\t\t\t\t\t<\/div>\n\t<\/div>\n\n    <\/article>\n\t<\/li>\n\t\n\t<\/ul>\n<\/nav>\n","protected":false},"excerpt":{"rendered":"","protected":false},"author":2122,"featured_media":0,"parent":84158,"menu_order":1,"template":"","meta":{"_mhh_mcn_text_direction":"","_mhh_mcn_language":"","_mhh_mcn_left_sidebar_settings":{"entityId":0},"_mhh_mcn_sidebar_settings":{"entityId":0},"mhh_mcn_side_navigation_style":{"fontSize":{"l":"","m":"","s":""},"lineHeight":{"l":1.5,"m":1.5,"s":1.5},"itemColor":"","hoverItemColor":"","currentItemColor":"","borderItemColor":"","backgroundItemHoverColor":"","themeColor":""},"_mhh_mcn_child_page_navigation":{"isActive":true,"isSticky":true},"hide_header":false,"show_top_bar":false,"hide_footer":false,"full_width_layout":false,"product_resource":[],"related_products":"","fact_sheet":null,"scientific_title":"","job_code":"","banner":null,"primary_logo":null,"secondary_logo":null,"icon":null,"primary_tag":0,"editor_notices":[],"mconnectHideShareThis":false,"footnotes":"","mconnectIsArchiveTemplate":false,"mconnectArchiveFiltersDisabled":false,"mconnectArchiveLockAllPresetFilters":false,"mconnectArchiveHidePageSubmenu":false,"mconnectArchiveShowParentPageOnly":false,"mconnectArchiveDefaultOrder":"DESC","mconnectArchiveDefaultOrderBy":"date","mconnectArchivePostsPerPage":12,"mconnectArchivePostTypes":[],"mconnectArchiveAllowFilterBy":["category","tx-content-type","tx-product","tx-pathology","tx-active-ingredient","tx-therapeutic-area"],"mconnectArchiveFilterSorting":["is_keyword"],"mconnectArchiveContentItemStyle":{"showExcerpt":true,"showImage":true,"showIcon":false,"showPrimaryTag":true,"showBorder":false,"showDates":false,"showCta":true,"isCard":false,"hasBackground":false,"showMetadata":true},"mconnectArchiveLayout":{"type":"list","hasFeatured":false},"mconnectDynamicTaxonomyEntities":[],"mconnectArchiveTerms_category":[],"mconnectArchiveAllowTerms_category":[],"mconnectArchiveTerms_tx-content-type":[],"mconnectArchiveAllowTerms_tx-content-type":[],"mconnectArchiveTerms_tx-product":[],"mconnectArchiveAllowTerms_tx-product":[],"mconnectArchiveTerms_tx-pathology":[],"mconnectArchiveAllowTerms_tx-pathology":[],"mconnectArchiveTerms_tx-active-ingredient":[],"mconnectArchiveAllowTerms_tx-active-ingredient":[],"mconnectArchiveTerms_tx-therapeutic-area":[],"mconnectArchiveAllowTerms_tx-therapeutic-area":[],"mconnectArchiveAllowTerms_dynamic-taxonomy":[],"mconnectArchiveLegacyDefaultTermsApplied":false,"mconnectContentUpdatesPerPage":10,"mconnectContentUpdatesViewMoreUrl":"","mconnectContentUpdatesTerms_tx-content-type":[],"mconnectContentUpdatesTerms_tx-product":[],"mconnectContentUpdatesTerms_tx-pathology":[],"mconnectContentUpdatesTerms_tx-active-ingredient":[],"mconnectContentUpdatesTerms_tx-therapeutic-area":[],"sidebar_toogle":0,"sidebar_toogle_notification_warning":true,"sidebar_toogle_notification_alert":true,"content_expiration_sidebar_date":"","content_expiration_sidebar_expired_post_status":"","content_expiration_sidebar_redirection":""},"categories":[],"tags":[],"ga4_page_audience":[1187],"ga4_page_birn_id":[],"ga4_page_branding":[],"ga4_page_businessunit":[],"ga4_page_campaign":[],"ga4_page_content_purpose":[],"ga4_page_customer_journey_stage":[],"ga4_page_customer_specialty":[],"ga4_page_experience":[],"ga4_page_indication":[],"ga4_page_material_intent":[],"ga4_page_product":[],"ga4_page_region":[921],"ga4_page_therapeuticarea":[],"tx-therapeutic-area":[],"tx-product":[],"tx-pathology":[],"tx-content-type":[],"tx-active-ingredient":[],"mhh-area-of-interest":[],"access":[],"user_status":[5,4,6],"user_role":[],"class_list":["post-84178","product","type-product","status-publish","hentry"],"yoast_head":"<!-- This site is optimized with the Yoast SEO plugin v23.9 - https:\/\/yoast.com\/wordpress\/plugins\/seo\/ -->\n<title>Gu\u00edas ASA y ESAIC - MConnect Cenca Spanish<\/title>\n<meta name=\"robots\" content=\"index, follow, max-snippet:-1, max-image-preview:large, max-video-preview:-1\" \/>\n<link rel=\"canonical\" href=\"https:\/\/msdconecta.co.cr\/es\/products\/bridion-wp-0695\/guias-asa-y-esaic-wp-0438\/\" \/>\n<meta property=\"og:locale\" content=\"es_ES\" \/>\n<meta property=\"og:type\" content=\"article\" \/>\n<meta property=\"og:title\" content=\"Gu\u00edas ASA y ESAIC - MConnect Cenca Spanish\" \/>\n<meta property=\"og:url\" content=\"https:\/\/msdconecta.co.cr\/es\/products\/bridion-wp-0695\/guias-asa-y-esaic-wp-0438\/\" \/>\n<meta property=\"og:site_name\" content=\"MConnect Cenca Spanish\" \/>\n<meta property=\"article:modified_time\" content=\"2023-09-25T22:01:04+00:00\" \/>\n<meta name=\"twitter:card\" content=\"summary_large_image\" \/>\n<script type=\"application\/ld+json\" class=\"yoast-schema-graph\">{\"@context\":\"https:\/\/schema.org\",\"@graph\":[{\"@type\":\"WebPage\",\"@id\":\"https:\/\/msdconecta.co.cr\/es\/products\/bridion-wp-0695\/guias-asa-y-esaic-wp-0438\/\",\"url\":\"https:\/\/msdconecta.co.cr\/es\/products\/bridion-wp-0695\/guias-asa-y-esaic-wp-0438\/\",\"name\":\"Gu\u00edas ASA y ESAIC - MConnect Cenca Spanish\",\"isPartOf\":{\"@id\":\"https:\/\/msdconecta.co.cr\/es\/#website\"},\"datePublished\":\"2023-08-10T20:17:03+00:00\",\"dateModified\":\"2023-09-25T22:01:04+00:00\",\"breadcrumb\":{\"@id\":\"https:\/\/msdconecta.co.cr\/es\/products\/bridion-wp-0695\/guias-asa-y-esaic-wp-0438\/#breadcrumb\"},\"inLanguage\":\"es-CO\",\"potentialAction\":[{\"@type\":\"ReadAction\",\"target\":[\"https:\/\/msdconecta.co.cr\/es\/products\/bridion-wp-0695\/guias-asa-y-esaic-wp-0438\/\"]}]},{\"@type\":\"BreadcrumbList\",\"@id\":\"https:\/\/msdconecta.co.cr\/es\/products\/bridion-wp-0695\/guias-asa-y-esaic-wp-0438\/#breadcrumb\",\"itemListElement\":[{\"@type\":\"ListItem\",\"position\":1,\"name\":\"Home\",\"item\":\"https:\/\/msdconecta.co.cr\/es\/\"},{\"@type\":\"ListItem\",\"position\":2,\"name\":\"Productos\",\"item\":\"https:\/\/msdconecta.co.cr\/es\/products\/\"},{\"@type\":\"ListItem\",\"position\":3,\"name\":\"Bridion\",\"item\":\"https:\/\/msdconecta.co.cr\/es\/products\/bridion-wp-0695\/\"},{\"@type\":\"ListItem\",\"position\":4,\"name\":\"Gu\u00edas ASA y ESAIC\"}]},{\"@type\":\"WebSite\",\"@id\":\"https:\/\/msdconecta.co.cr\/es\/#website\",\"url\":\"https:\/\/msdconecta.co.cr\/es\/\",\"name\":\"MConnect Cenca Spanish\",\"description\":\"\",\"publisher\":{\"@id\":\"https:\/\/msdconecta.co.cr\/es\/#organization\"},\"potentialAction\":[{\"@type\":\"SearchAction\",\"target\":{\"@type\":\"EntryPoint\",\"urlTemplate\":\"https:\/\/msdconecta.co.cr\/es\/?s={search_term_string}\"},\"query-input\":{\"@type\":\"PropertyValueSpecification\",\"valueRequired\":true,\"valueName\":\"search_term_string\"}}],\"inLanguage\":\"es-CO\"},{\"@type\":\"Organization\",\"@id\":\"https:\/\/msdconecta.co.cr\/es\/#organization\",\"name\":\"MConnect Cenca Spanish\",\"url\":\"https:\/\/msdconecta.co.cr\/es\/\",\"logo\":{\"@type\":\"ImageObject\",\"inLanguage\":\"es-CO\",\"@id\":\"https:\/\/msdconecta.co.cr\/es\/#\/schema\/logo\/image\/\",\"url\":\"https:\/\/msdconecta.co.cr\/es\/wp-content\/uploads\/sites\/77\/2022\/07\/logo_tcm2359-1256911.png\",\"contentUrl\":\"https:\/\/msdconecta.co.cr\/es\/wp-content\/uploads\/sites\/77\/2022\/07\/logo_tcm2359-1256911.png\",\"width\":152,\"height\":48,\"caption\":\"MConnect Cenca Spanish\"},\"image\":{\"@id\":\"https:\/\/msdconecta.co.cr\/es\/#\/schema\/logo\/image\/\"}}]}<\/script>\n<!-- \/ Yoast SEO plugin. -->","yoast_head_json":{"title":"Gu\u00edas ASA y ESAIC - MConnect Cenca Spanish","robots":{"index":"index","follow":"follow","max-snippet":"max-snippet:-1","max-image-preview":"max-image-preview:large","max-video-preview":"max-video-preview:-1"},"canonical":"https:\/\/msdconecta.co.cr\/es\/products\/bridion-wp-0695\/guias-asa-y-esaic-wp-0438\/","og_locale":"es_ES","og_type":"article","og_title":"Gu\u00edas ASA y ESAIC - MConnect Cenca Spanish","og_url":"https:\/\/msdconecta.co.cr\/es\/products\/bridion-wp-0695\/guias-asa-y-esaic-wp-0438\/","og_site_name":"MConnect Cenca Spanish","article_modified_time":"2023-09-25T22:01:04+00:00","twitter_card":"summary_large_image","schema":{"@context":"https:\/\/schema.org","@graph":[{"@type":"WebPage","@id":"https:\/\/msdconecta.co.cr\/es\/products\/bridion-wp-0695\/guias-asa-y-esaic-wp-0438\/","url":"https:\/\/msdconecta.co.cr\/es\/products\/bridion-wp-0695\/guias-asa-y-esaic-wp-0438\/","name":"Gu\u00edas ASA y ESAIC - MConnect Cenca Spanish","isPartOf":{"@id":"https:\/\/msdconecta.co.cr\/es\/#website"},"datePublished":"2023-08-10T20:17:03+00:00","dateModified":"2023-09-25T22:01:04+00:00","breadcrumb":{"@id":"https:\/\/msdconecta.co.cr\/es\/products\/bridion-wp-0695\/guias-asa-y-esaic-wp-0438\/#breadcrumb"},"inLanguage":"es-CO","potentialAction":[{"@type":"ReadAction","target":["https:\/\/msdconecta.co.cr\/es\/products\/bridion-wp-0695\/guias-asa-y-esaic-wp-0438\/"]}]},{"@type":"BreadcrumbList","@id":"https:\/\/msdconecta.co.cr\/es\/products\/bridion-wp-0695\/guias-asa-y-esaic-wp-0438\/#breadcrumb","itemListElement":[{"@type":"ListItem","position":1,"name":"Home","item":"https:\/\/msdconecta.co.cr\/es\/"},{"@type":"ListItem","position":2,"name":"Productos","item":"https:\/\/msdconecta.co.cr\/es\/products\/"},{"@type":"ListItem","position":3,"name":"Bridion","item":"https:\/\/msdconecta.co.cr\/es\/products\/bridion-wp-0695\/"},{"@type":"ListItem","position":4,"name":"Gu\u00edas ASA y ESAIC"}]},{"@type":"WebSite","@id":"https:\/\/msdconecta.co.cr\/es\/#website","url":"https:\/\/msdconecta.co.cr\/es\/","name":"MConnect Cenca Spanish","description":"","publisher":{"@id":"https:\/\/msdconecta.co.cr\/es\/#organization"},"potentialAction":[{"@type":"SearchAction","target":{"@type":"EntryPoint","urlTemplate":"https:\/\/msdconecta.co.cr\/es\/?s={search_term_string}"},"query-input":{"@type":"PropertyValueSpecification","valueRequired":true,"valueName":"search_term_string"}}],"inLanguage":"es-CO"},{"@type":"Organization","@id":"https:\/\/msdconecta.co.cr\/es\/#organization","name":"MConnect Cenca Spanish","url":"https:\/\/msdconecta.co.cr\/es\/","logo":{"@type":"ImageObject","inLanguage":"es-CO","@id":"https:\/\/msdconecta.co.cr\/es\/#\/schema\/logo\/image\/","url":"https:\/\/msdconecta.co.cr\/es\/wp-content\/uploads\/sites\/77\/2022\/07\/logo_tcm2359-1256911.png","contentUrl":"https:\/\/msdconecta.co.cr\/es\/wp-content\/uploads\/sites\/77\/2022\/07\/logo_tcm2359-1256911.png","width":152,"height":48,"caption":"MConnect Cenca Spanish"},"image":{"@id":"https:\/\/msdconecta.co.cr\/es\/#\/schema\/logo\/image\/"}}]}},"_links":{"self":[{"href":"https:\/\/msdconecta.co.cr\/es\/wp-json\/wp\/v2\/product\/84178","targetHints":{"allow":["GET"]}}],"collection":[{"href":"https:\/\/msdconecta.co.cr\/es\/wp-json\/wp\/v2\/product"}],"about":[{"href":"https:\/\/msdconecta.co.cr\/es\/wp-json\/wp\/v2\/types\/product"}],"author":[{"embeddable":true,"href":"https:\/\/msdconecta.co.cr\/es\/wp-json\/wp\/v2\/users\/2122"}],"version-history":[{"count":8,"href":"https:\/\/msdconecta.co.cr\/es\/wp-json\/wp\/v2\/product\/84178\/revisions"}],"predecessor-version":[{"id":84553,"href":"https:\/\/msdconecta.co.cr\/es\/wp-json\/wp\/v2\/product\/84178\/revisions\/84553"}],"up":[{"embeddable":true,"href":"https:\/\/msdconecta.co.cr\/es\/wp-json\/wp\/v2\/product\/84158"}],"wp:attachment":[{"href":"https:\/\/msdconecta.co.cr\/es\/wp-json\/wp\/v2\/media?parent=84178"}],"wp:term":[{"taxonomy":"category","embeddable":true,"href":"https:\/\/msdconecta.co.cr\/es\/wp-json\/wp\/v2\/categories?post=84178"},{"taxonomy":"post_tag","embeddable":true,"href":"https:\/\/msdconecta.co.cr\/es\/wp-json\/wp\/v2\/tags?post=84178"},{"taxonomy":"ga4_page_audience","embeddable":true,"href":"https:\/\/msdconecta.co.cr\/es\/wp-json\/wp\/v2\/ga4_page_audience?post=84178"},{"taxonomy":"ga4_page_birn_id","embeddable":true,"href":"https:\/\/msdconecta.co.cr\/es\/wp-json\/wp\/v2\/ga4_page_birn_id?post=84178"},{"taxonomy":"ga4_page_branding","embeddable":true,"href":"https:\/\/msdconecta.co.cr\/es\/wp-json\/wp\/v2\/ga4_page_branding?post=84178"},{"taxonomy":"ga4_page_businessunit","embeddable":true,"href":"https:\/\/msdconecta.co.cr\/es\/wp-json\/wp\/v2\/ga4_page_businessunit?post=84178"},{"taxonomy":"ga4_page_campaign","embeddable":true,"href":"https:\/\/msdconecta.co.cr\/es\/wp-json\/wp\/v2\/ga4_page_campaign?post=84178"},{"taxonomy":"ga4_page_content_purpose","embeddable":true,"href":"https:\/\/msdconecta.co.cr\/es\/wp-json\/wp\/v2\/ga4_page_content_purpose?post=84178"},{"taxonomy":"ga4_page_customer_journey_stage","embeddable":true,"href":"https:\/\/msdconecta.co.cr\/es\/wp-json\/wp\/v2\/ga4_page_customer_journey_stage?post=84178"},{"taxonomy":"ga4_page_customer_specialty","embeddable":true,"href":"https:\/\/msdconecta.co.cr\/es\/wp-json\/wp\/v2\/ga4_page_customer_specialty?post=84178"},{"taxonomy":"ga4_page_experience","embeddable":true,"href":"https:\/\/msdconecta.co.cr\/es\/wp-json\/wp\/v2\/ga4_page_experience?post=84178"},{"taxonomy":"ga4_page_indication","embeddable":true,"href":"https:\/\/msdconecta.co.cr\/es\/wp-json\/wp\/v2\/ga4_page_indication?post=84178"},{"taxonomy":"ga4_page_material_intent","embeddable":true,"href":"https:\/\/msdconecta.co.cr\/es\/wp-json\/wp\/v2\/ga4_page_material_intent?post=84178"},{"taxonomy":"ga4_page_product","embeddable":true,"href":"https:\/\/msdconecta.co.cr\/es\/wp-json\/wp\/v2\/ga4_page_product?post=84178"},{"taxonomy":"ga4_page_region","embeddable":true,"href":"https:\/\/msdconecta.co.cr\/es\/wp-json\/wp\/v2\/ga4_page_region?post=84178"},{"taxonomy":"ga4_page_therapeuticarea","embeddable":true,"href":"https:\/\/msdconecta.co.cr\/es\/wp-json\/wp\/v2\/ga4_page_therapeuticarea?post=84178"},{"taxonomy":"tx-therapeutic-area","embeddable":true,"href":"https:\/\/msdconecta.co.cr\/es\/wp-json\/wp\/v2\/tx-therapeutic-area?post=84178"},{"taxonomy":"tx-product","embeddable":true,"href":"https:\/\/msdconecta.co.cr\/es\/wp-json\/wp\/v2\/tx-product?post=84178"},{"taxonomy":"tx-pathology","embeddable":true,"href":"https:\/\/msdconecta.co.cr\/es\/wp-json\/wp\/v2\/tx-pathology?post=84178"},{"taxonomy":"tx-content-type","embeddable":true,"href":"https:\/\/msdconecta.co.cr\/es\/wp-json\/wp\/v2\/tx-content-type?post=84178"},{"taxonomy":"tx-active-ingredient","embeddable":true,"href":"https:\/\/msdconecta.co.cr\/es\/wp-json\/wp\/v2\/tx-active-ingredient?post=84178"},{"taxonomy":"mhh-area-of-interest","embeddable":true,"href":"https:\/\/msdconecta.co.cr\/es\/wp-json\/wp\/v2\/mhh-area-of-interest?post=84178"},{"taxonomy":"access","embeddable":true,"href":"https:\/\/msdconecta.co.cr\/es\/wp-json\/wp\/v2\/access?post=84178"},{"taxonomy":"user_status","embeddable":true,"href":"https:\/\/msdconecta.co.cr\/es\/wp-json\/wp\/v2\/user_status?post=84178"},{"taxonomy":"user_role","embeddable":true,"href":"https:\/\/msdconecta.co.cr\/es\/wp-json\/wp\/v2\/user_role?post=84178"}],"curies":[{"name":"wp","href":"https:\/\/api.w.org\/{rel}","templated":true}]}}