{"id":88141,"date":"2024-03-11T15:36:47","date_gmt":"2024-03-11T15:36:47","guid":{"rendered":"https:\/\/msdconecta.co.cr\/es\/?post_type=product&#038;p=88141"},"modified":"2024-03-13T11:29:55","modified_gmt":"2024-03-13T11:29:55","slug":"como-afecta-el-neumococo","status":"publish","type":"product","link":"https:\/\/msdconecta.co.cr\/es\/products\/pneumovax\/como-afecta-el-neumococo\/","title":{"rendered":"\u00bfC\u00f3mo afecta el neumococo?"},"content":{"rendered":"\n<h2 class=\"wp-block-heading  has-object-object-font-size mhh-mcn-v1-heading--center mhh-mcn-v1-heading mhh-mcn-v1-heading--d4d2d0ac29fad321345bcb72ef497269\"><strong>Br\u00edndele a sus pacientes la protecci\u00f3n necesaria, teniendo en cuenta c\u00f3mo puede afectarles el neumococo<\/strong><\/h2>\n\n\n<div class=\"mhh-mcn-columns mhh-mcn-columns--vertical-alignment-center mhh-mcn-v1-columns--a0fef1e1512ce0cac5f05b44bf9ac0ce mhh-mcn-v1-columns mhh-mcn-columns--gutter-m\">\n    <div class=\"mhh-mcn-columns-inner\">\n        \n<div class=\"mhh-mcn-v1-column mhh-mcn-v1-column--211dc8b15467c5f491fbd894f91cd8cd mhh-mcn-column mhh-mcn-column--12 mhh-mcn-column--m-6 mhh-mcn-column--l-6\">\n    \n\n<p class=\"   mhh-mcn-v1-paragraph mhh-mcn-v1-paragraph--0726b74afc250e6247a80dda39816a4b\" dir=\"ltr\" lang=\"en-US\">El neumococo es colonizador de la mucosa nasofar\u00edngea en el 5 al 90% de las personas sanas. La relaci\u00f3n entre la colonizaci\u00f3n y el desarrollo de inmunidad es poco clara a\u00fan. Cuando produce enfermedad, el neumococo presenta un amplio espectro de enfermedades desde enfermedades invasivas como osteomielitis y bacteriemia a no invasivas como sinusitis u otitis media.<sup>1<\/sup><\/p>\n\n\n\n<p class=\"   mhh-mcn-v1-paragraph mhh-mcn-v1-paragraph--4c3616f613c192dfd945e2682433400d\" dir=\"ltr\" lang=\"en-US\">La enfermedad invasiva se define como la infecci\u00f3n de sitios que normalmente son est\u00e9riles.<sup>1<\/sup><\/p>\n\n<\/div>\n\n\n<div class=\"mhh-mcn-v1-column mhh-mcn-v1-column--bb0133b6467526616164aa86f6c027d4 mhh-mcn-column mhh-mcn-column--12 mhh-mcn-column--m-6 mhh-mcn-column--l-6\">\n    \n<figure class=\"mhh-mcn-v1-image mhh-mcn-v1-image--5776d61decd4fe5af776ad18126aedc4\">\n                    <img loading=\"lazy\" decoding=\"async\"\n        class=\"mhh-mcn-image mhh-mcn-image--full wp-image-88121\"\n        src=\"https:\/\/msdconecta.co.cr\/es\/wp-content\/uploads\/sites\/77\/2024\/03\/complicaciones.png?quality=80&#038;lossy=1\"\n        width=\"420\"\n        height=\"252\"\n                alt=\"\"\n            \/>\n            <\/figure>\n\n<\/div>\n\n    <\/div>\n\n    <\/div>\n\n\n\n<h4 class=\"wp-block-heading mhh-mcn-v1-heading--center mhh-mcn-v1-heading mhh-mcn-v1-heading--2a8e1cab62daecb8728c31491f21eeee\"><strong>Datos importantes de la transmisi\u00f3n del neumococo<\/strong><\/h4>\n\n\n<div class=\"mhh-mcn-columns mhh-mcn-v1-columns--44e551ff81f60a20908ecd64f6961245 mhh-mcn-v1-columns mhh-mcn-columns--gutter-m\">\n    <div class=\"mhh-mcn-columns-inner\">\n        \n<div class=\"mhh-mcn-v1-column mhh-mcn-v1-column--f07d6d9816841791edf1e84ae8150516 mhh-mcn-column mhh-mcn-column--12 mhh-mcn-column--m-12 mhh-mcn-column--l-12\">\n    \n<div class=\"mhh-mcn-columns mhh-mcn-columns--vertical-alignment-center mhh-mcn-v1-columns--dd3f71d3cad0cfe929a8ced309b34812 mhh-mcn-v1-columns mhh-mcn-columns--gutter-m\">\n    <div class=\"mhh-mcn-columns-inner\">\n        \n<div class=\"mhh-mcn-v1-column mhh-mcn-v1-column--7eb2429207d385a1cdc81052140f0557 mhh-mcn-column mhh-mcn-column--12 mhh-mcn-column--m-4 mhh-mcn-column--l-4\">\n    \n<figure class=\"mhh-mcn-v1-image mhh-mcn-v1-image--align-center mhh-mcn-v1-image--d0c87eadbbe37f36a50389664783f1d6\">\n                    <img decoding=\"async\"\n        class=\"mhh-mcn-image mhh-mcn-image--full wp-image-88146\"\n        src=\"https:\/\/msdconecta.co.cr\/es\/wp-content\/uploads\/sites\/77\/2024\/03\/transmision1.png?quality=80&#038;lossy=1\"\n        width=\"191\"\n        height=\"175\"\n        loading=\"lazy\"        alt=\"\"\n            \/>\n            <\/figure>\n\n<\/div>\n\n\n<div class=\"mhh-mcn-v1-column mhh-mcn-v1-column--d7f9e4cdf4965859b6144f4637cc0189 mhh-mcn-column mhh-mcn-column--12 mhh-mcn-column--m-8 mhh-mcn-column--l-8\">\n    \n\n<p class=\"   mhh-mcn-v1-paragraph mhh-mcn-v1-paragraph--20cb3cb3859edd89a297403a9e8e4699\" dir=\"ltr\" lang=\"en-US\">El neumococo se a\u00edsla en la mucosa nasofar\u00edngea del 5 al 90% de las personas sanas.<sup>1<\/sup><\/p>\n\n<\/div>\n\n    <\/div>\n\n    <\/div>\n\n<\/div>\n\n    <\/div>\n\n    <\/div>\n\n\n<div class=\"mhh-mcn-columns mhh-mcn-v1-columns--bee270eb18264872cecfa600595aefe2 mhh-mcn-v1-columns mhh-mcn-columns--gutter-m\">\n    <div class=\"mhh-mcn-columns-inner\">\n        \n<div class=\"mhh-mcn-v1-column mhh-mcn-v1-column--ad8eccddca496780446d24f8fdc3f87b mhh-mcn-column mhh-mcn-column--12 mhh-mcn-column--m-12 mhh-mcn-column--l-12\">\n    \n<div class=\"mhh-mcn-columns mhh-mcn-columns--vertical-alignment-center mhh-mcn-v1-columns--39a585745520f2ecd9a6d3f0eaded000 mhh-mcn-v1-columns mhh-mcn-columns--gutter-m\">\n    <div class=\"mhh-mcn-columns-inner\">\n        \n<div class=\"mhh-mcn-v1-column mhh-mcn-v1-column--58815b254d36e728302fe15a4d300d01 mhh-mcn-column mhh-mcn-column--12 mhh-mcn-column--m-4 mhh-mcn-column--l-4\">\n    \n<figure class=\"mhh-mcn-v1-image mhh-mcn-v1-image--align-center mhh-mcn-v1-image--9fd53f4a3b4738dd09696bc37c6f6880\">\n                    <img decoding=\"async\"\n        class=\"mhh-mcn-image mhh-mcn-image--full wp-image-88148\"\n        src=\"https:\/\/msdconecta.co.cr\/es\/wp-content\/uploads\/sites\/77\/2024\/03\/transmision2.png?quality=80&#038;lossy=1\"\n        width=\"191\"\n        height=\"175\"\n        loading=\"lazy\"        alt=\"\"\n            \/>\n            <\/figure>\n\n<\/div>\n\n\n<div class=\"mhh-mcn-v1-column mhh-mcn-v1-column--727230323ccf1fe4234f93ea7fa354ee mhh-mcn-column mhh-mcn-column--12 mhh-mcn-column--m-8 mhh-mcn-column--l-8\">\n    \n\n<p class=\"   mhh-mcn-v1-paragraph mhh-mcn-v1-paragraph--56b51f35bbe15e342d4028a755c489ad\" dir=\"ltr\" lang=\"en-US\">La transmisi\u00f3n de <em>S. Pneumoniae<\/em> se produce por contacto con secreciones respiratorias de una persona portadora de la bacteria.<sup>1<\/sup><\/p>\n\n<\/div>\n\n    <\/div>\n\n    <\/div>\n\n<\/div>\n\n    <\/div>\n\n    <\/div>\n\n\n<div class=\"mhh-mcn-columns mhh-mcn-v1-columns--73e4271f9a07febc4e9f76dfad254806 mhh-mcn-v1-columns mhh-mcn-columns--gutter-m\">\n    <div class=\"mhh-mcn-columns-inner\">\n        \n<div class=\"mhh-mcn-v1-column mhh-mcn-v1-column--2fd157ac7b8b858e82f32d029e81a72e mhh-mcn-column mhh-mcn-column--12 mhh-mcn-column--m-12 mhh-mcn-column--l-12\">\n    \n<div class=\"mhh-mcn-columns mhh-mcn-columns--vertical-alignment-center mhh-mcn-v1-columns--28f726f7b7e6ed599323c65855650ad0 mhh-mcn-v1-columns mhh-mcn-columns--gutter-m\">\n    <div class=\"mhh-mcn-columns-inner\">\n        \n<div class=\"mhh-mcn-v1-column mhh-mcn-v1-column--3299224a7354dffac2d0a8edb53be290 mhh-mcn-column mhh-mcn-column--12 mhh-mcn-column--m-4 mhh-mcn-column--l-4\">\n    \n<figure class=\"mhh-mcn-v1-image mhh-mcn-v1-image--align-center mhh-mcn-v1-image--7ac02f5da9e027f9e0337cf5606e333e\">\n                    <img decoding=\"async\"\n        class=\"mhh-mcn-image mhh-mcn-image--full wp-image-88149\"\n        src=\"https:\/\/msdconecta.co.cr\/es\/wp-content\/uploads\/sites\/77\/2024\/03\/transmision3.png?quality=80&#038;lossy=1\"\n        width=\"191\"\n        height=\"175\"\n        loading=\"lazy\"        alt=\"\"\n            \/>\n            <\/figure>\n\n<\/div>\n\n\n<div class=\"mhh-mcn-v1-column mhh-mcn-v1-column--bff9058bf53a22e3ae14339d29b1738a mhh-mcn-column mhh-mcn-column--12 mhh-mcn-column--m-8 mhh-mcn-column--l-8\">\n    \n\n<p class=\"   mhh-mcn-v1-paragraph mhh-mcn-v1-paragraph--35355e93f43e21d031e2022878f8d02b\" dir=\"ltr\" lang=\"en-US\">La infecci\u00f3n por neumococo puede ocurrir en cualquier parte del mundo.<sup>1<\/sup><\/p>\n\n<\/div>\n\n    <\/div>\n\n    <\/div>\n\n<\/div>\n\n    <\/div>\n\n    <\/div>\n\n\n\n<h4 class=\"wp-block-heading mhh-mcn-v1-heading--center mhh-mcn-v1-heading mhh-mcn-v1-heading--605fca5a3cddcb95f42990c913ccf524\"><strong>Las expresiones cl\u00ednicas m\u00e1s importantes de la enfermedad por neumococo son neumon\u00eda, bacteriemia y meningitis.<sup>1<\/sup><\/strong><\/h4>\n\n\n\n<p dir=\"ltr\" lang=\"en-US\" class=\"wp-caption-text has-object-object-font-size   mhh-mcn-v1-paragraph mhh-mcn-v1-paragraph--41c5289a444dfc158c1e1544f69919fa\">Referencia:<\/p>\n\n\n\n<ol class=\"wp-caption-text mhh-mcn-v1-clist mhh-mcn-v1-clist--5a33c22fccc4e1269abe874950ad604f mhh-mcn-v1-clist--order-starts-2-digits mhh-mcn-list list-style-type-line\" start=\"1\">\n    <li>Centers for Disease Control and Prevention (2021) Pneumococcal Disease. Disponible en: <a href=\"https:\/\/www.cdc.gov\/vaccines\/pubs\/pinkbook\/pneumo.html\" target=\"_blank\" rel=\"noreferrer noopener\">https:\/\/www.cdc.gov\/vaccines\/pubs\/pinkbook\/pneumo.html<\/a>. Consultado en enero de 2023<\/li><\/ol>\n","protected":false},"excerpt":{"rendered":"<p>Br\u00edndele a sus pacientes la protecci\u00f3n necesaria, teniendo en cuenta c\u00f3mo puede afectarles el neumococo Datos importantes de la transmisi\u00f3n [&hellip;]<\/p>\n","protected":false},"author":61360,"featured_media":0,"parent":88066,"menu_order":1,"template":"","meta":{"_mhh_mcn_text_direction":"ltr","_mhh_mcn_language":"en_US","_mhh_mcn_left_sidebar_settings":{"entityId":0},"_mhh_mcn_sidebar_settings":{"entityId":0},"mhh_mcn_side_navigation_style":{"fontSize":{"l":"","m":"","s":""},"lineHeight":{"l":1.5,"m":1.5,"s":1.5},"itemColor":"","hoverItemColor":"","currentItemColor":"","borderItemColor":"","backgroundItemHoverColor":"","themeColor":""},"_mhh_mcn_child_page_navigation":{"isActive":true,"isSticky":true},"hide_header":false,"show_top_bar":false,"hide_footer":false,"full_width_layout":false,"product_resource":[],"related_products":"","fact_sheet":null,"scientific_title":"","job_code":"","banner":null,"primary_logo":88114,"secondary_logo":null,"icon":null,"primary_tag":0,"editor_notices":[],"mconnectHideShareThis":true,"footnotes":"","mconnectIsArchiveTemplate":false,"mconnectArchiveFiltersDisabled":false,"mconnectArchiveLockAllPresetFilters":false,"mconnectArchiveHidePageSubmenu":false,"mconnectArchiveShowParentPageOnly":false,"mconnectArchiveDefaultOrder":"DESC","mconnectArchiveDefaultOrderBy":"date","mconnectArchivePostsPerPage":12,"mconnectArchivePostTypes":[],"mconnectArchiveAllowFilterBy":["category","tx-content-type","tx-product","tx-pathology","tx-active-ingredient","tx-therapeutic-area"],"mconnectArchiveFilterSorting":["is_keyword"],"mconnectArchiveContentItemStyle":{"showExcerpt":true,"showImage":true,"showIcon":false,"showPrimaryTag":true,"showBorder":false,"showDates":false,"showCta":true,"isCard":false,"hasBackground":false,"showMetadata":true},"mconnectArchiveLayout":{"type":"list","hasFeatured":false},"mconnectDynamicTaxonomyEntities":[],"mconnectArchiveTerms_category":[],"mconnectArchiveAllowTerms_category":[],"mconnectArchiveTerms_tx-content-type":[],"mconnectArchiveAllowTerms_tx-content-type":[],"mconnectArchiveTerms_tx-product":[],"mconnectArchiveAllowTerms_tx-product":[],"mconnectArchiveTerms_tx-pathology":[],"mconnectArchiveAllowTerms_tx-pathology":[],"mconnectArchiveTerms_tx-active-ingredient":[],"mconnectArchiveAllowTerms_tx-active-ingredient":[],"mconnectArchiveTerms_tx-therapeutic-area":[],"mconnectArchiveAllowTerms_tx-therapeutic-area":[],"mconnectArchiveAllowTerms_dynamic-taxonomy":[],"mconnectArchiveLegacyDefaultTermsApplied":false,"mconnectContentUpdatesPerPage":10,"mconnectContentUpdatesViewMoreUrl":"","mconnectContentUpdatesTerms_tx-content-type":[],"mconnectContentUpdatesTerms_tx-product":[],"mconnectContentUpdatesTerms_tx-pathology":[],"mconnectContentUpdatesTerms_tx-active-ingredient":[],"mconnectContentUpdatesTerms_tx-therapeutic-area":[],"sidebar_toogle":0,"sidebar_toogle_notification_warning":true,"sidebar_toogle_notification_alert":true,"content_expiration_sidebar_date":"","content_expiration_sidebar_expired_post_status":"","content_expiration_sidebar_redirection":""},"categories":[],"tags":[],"ga4_page_audience":[1187],"ga4_page_birn_id":[],"ga4_page_branding":[],"ga4_page_businessunit":[],"ga4_page_campaign":[],"ga4_page_content_purpose":[],"ga4_page_customer_journey_stage":[],"ga4_page_customer_specialty":[],"ga4_page_experience":[],"ga4_page_indication":[],"ga4_page_material_intent":[],"ga4_page_product":[],"ga4_page_region":[921],"ga4_page_therapeuticarea":[],"tx-therapeutic-area":[],"tx-product":[],"tx-pathology":[],"tx-content-type":[],"tx-active-ingredient":[],"mhh-area-of-interest":[],"access":[],"user_status":[6],"user_role":[],"class_list":["post-88141","product","type-product","status-publish","hentry"],"yoast_head":"<!-- This site is optimized with the Yoast SEO plugin v23.9 - https:\/\/yoast.com\/wordpress\/plugins\/seo\/ -->\n<title>\u00bfC\u00f3mo afecta el neumococo? - MConnect Cenca Spanish<\/title>\n<meta name=\"robots\" content=\"index, follow, max-snippet:-1, max-image-preview:large, max-video-preview:-1\" \/>\n<link rel=\"canonical\" href=\"https:\/\/msdconecta.co.cr\/es\/products\/pneumovax\/como-afecta-el-neumococo\/\" \/>\n<meta property=\"og:locale\" content=\"es_ES\" \/>\n<meta property=\"og:type\" content=\"article\" \/>\n<meta property=\"og:title\" content=\"\u00bfC\u00f3mo afecta el neumococo? - MConnect Cenca Spanish\" \/>\n<meta property=\"og:description\" content=\"Br\u00edndele a sus pacientes la protecci\u00f3n necesaria, teniendo en cuenta c\u00f3mo puede afectarles el neumococo Datos importantes de la transmisi\u00f3n [&hellip;]\" \/>\n<meta property=\"og:url\" content=\"https:\/\/msdconecta.co.cr\/es\/products\/pneumovax\/como-afecta-el-neumococo\/\" \/>\n<meta property=\"og:site_name\" content=\"MConnect Cenca Spanish\" \/>\n<meta property=\"article:modified_time\" content=\"2024-03-13T11:29:55+00:00\" \/>\n<meta name=\"twitter:card\" content=\"summary_large_image\" \/>\n<meta name=\"twitter:label1\" content=\"Tiempo de lectura\" \/>\n\t<meta name=\"twitter:data1\" content=\"1 minuto\" \/>\n<script type=\"application\/ld+json\" class=\"yoast-schema-graph\">{\"@context\":\"https:\/\/schema.org\",\"@graph\":[{\"@type\":\"WebPage\",\"@id\":\"https:\/\/msdconecta.co.cr\/es\/products\/pneumovax\/como-afecta-el-neumococo\/\",\"url\":\"https:\/\/msdconecta.co.cr\/es\/products\/pneumovax\/como-afecta-el-neumococo\/\",\"name\":\"\u00bfC\u00f3mo afecta el neumococo? - MConnect Cenca Spanish\",\"isPartOf\":{\"@id\":\"https:\/\/msdconecta.co.cr\/es\/#website\"},\"datePublished\":\"2024-03-11T15:36:47+00:00\",\"dateModified\":\"2024-03-13T11:29:55+00:00\",\"breadcrumb\":{\"@id\":\"https:\/\/msdconecta.co.cr\/es\/products\/pneumovax\/como-afecta-el-neumococo\/#breadcrumb\"},\"inLanguage\":\"es-CO\",\"potentialAction\":[{\"@type\":\"ReadAction\",\"target\":[\"https:\/\/msdconecta.co.cr\/es\/products\/pneumovax\/como-afecta-el-neumococo\/\"]}]},{\"@type\":\"BreadcrumbList\",\"@id\":\"https:\/\/msdconecta.co.cr\/es\/products\/pneumovax\/como-afecta-el-neumococo\/#breadcrumb\",\"itemListElement\":[{\"@type\":\"ListItem\",\"position\":1,\"name\":\"Home\",\"item\":\"https:\/\/msdconecta.co.cr\/es\/\"},{\"@type\":\"ListItem\",\"position\":2,\"name\":\"Productos\",\"item\":\"https:\/\/msdconecta.co.cr\/es\/products\/\"},{\"@type\":\"ListItem\",\"position\":3,\"name\":\"\u00bfY el neumococo?\",\"item\":\"https:\/\/msdconecta.co.cr\/es\/products\/pneumovax\/\"},{\"@type\":\"ListItem\",\"position\":4,\"name\":\"\u00bfC\u00f3mo afecta el neumococo?\"}]},{\"@type\":\"WebSite\",\"@id\":\"https:\/\/msdconecta.co.cr\/es\/#website\",\"url\":\"https:\/\/msdconecta.co.cr\/es\/\",\"name\":\"MConnect Cenca Spanish\",\"description\":\"\",\"publisher\":{\"@id\":\"https:\/\/msdconecta.co.cr\/es\/#organization\"},\"potentialAction\":[{\"@type\":\"SearchAction\",\"target\":{\"@type\":\"EntryPoint\",\"urlTemplate\":\"https:\/\/msdconecta.co.cr\/es\/?s={search_term_string}\"},\"query-input\":{\"@type\":\"PropertyValueSpecification\",\"valueRequired\":true,\"valueName\":\"search_term_string\"}}],\"inLanguage\":\"es-CO\"},{\"@type\":\"Organization\",\"@id\":\"https:\/\/msdconecta.co.cr\/es\/#organization\",\"name\":\"MConnect Cenca Spanish\",\"url\":\"https:\/\/msdconecta.co.cr\/es\/\",\"logo\":{\"@type\":\"ImageObject\",\"inLanguage\":\"es-CO\",\"@id\":\"https:\/\/msdconecta.co.cr\/es\/#\/schema\/logo\/image\/\",\"url\":\"https:\/\/msdconecta.co.cr\/es\/wp-content\/uploads\/sites\/77\/2022\/07\/logo_tcm2359-1256911.png\",\"contentUrl\":\"https:\/\/msdconecta.co.cr\/es\/wp-content\/uploads\/sites\/77\/2022\/07\/logo_tcm2359-1256911.png\",\"width\":152,\"height\":48,\"caption\":\"MConnect Cenca Spanish\"},\"image\":{\"@id\":\"https:\/\/msdconecta.co.cr\/es\/#\/schema\/logo\/image\/\"}}]}<\/script>\n<!-- \/ Yoast SEO plugin. -->","yoast_head_json":{"title":"\u00bfC\u00f3mo afecta el neumococo? - MConnect Cenca Spanish","robots":{"index":"index","follow":"follow","max-snippet":"max-snippet:-1","max-image-preview":"max-image-preview:large","max-video-preview":"max-video-preview:-1"},"canonical":"https:\/\/msdconecta.co.cr\/es\/products\/pneumovax\/como-afecta-el-neumococo\/","og_locale":"es_ES","og_type":"article","og_title":"\u00bfC\u00f3mo afecta el neumococo? - MConnect Cenca Spanish","og_description":"Br\u00edndele a sus pacientes la protecci\u00f3n necesaria, teniendo en cuenta c\u00f3mo puede afectarles el neumococo Datos importantes de la transmisi\u00f3n [&hellip;]","og_url":"https:\/\/msdconecta.co.cr\/es\/products\/pneumovax\/como-afecta-el-neumococo\/","og_site_name":"MConnect Cenca Spanish","article_modified_time":"2024-03-13T11:29:55+00:00","twitter_card":"summary_large_image","twitter_misc":{"Tiempo de lectura":"1 minuto"},"schema":{"@context":"https:\/\/schema.org","@graph":[{"@type":"WebPage","@id":"https:\/\/msdconecta.co.cr\/es\/products\/pneumovax\/como-afecta-el-neumococo\/","url":"https:\/\/msdconecta.co.cr\/es\/products\/pneumovax\/como-afecta-el-neumococo\/","name":"\u00bfC\u00f3mo afecta el neumococo? - MConnect Cenca Spanish","isPartOf":{"@id":"https:\/\/msdconecta.co.cr\/es\/#website"},"datePublished":"2024-03-11T15:36:47+00:00","dateModified":"2024-03-13T11:29:55+00:00","breadcrumb":{"@id":"https:\/\/msdconecta.co.cr\/es\/products\/pneumovax\/como-afecta-el-neumococo\/#breadcrumb"},"inLanguage":"es-CO","potentialAction":[{"@type":"ReadAction","target":["https:\/\/msdconecta.co.cr\/es\/products\/pneumovax\/como-afecta-el-neumococo\/"]}]},{"@type":"BreadcrumbList","@id":"https:\/\/msdconecta.co.cr\/es\/products\/pneumovax\/como-afecta-el-neumococo\/#breadcrumb","itemListElement":[{"@type":"ListItem","position":1,"name":"Home","item":"https:\/\/msdconecta.co.cr\/es\/"},{"@type":"ListItem","position":2,"name":"Productos","item":"https:\/\/msdconecta.co.cr\/es\/products\/"},{"@type":"ListItem","position":3,"name":"\u00bfY el neumococo?","item":"https:\/\/msdconecta.co.cr\/es\/products\/pneumovax\/"},{"@type":"ListItem","position":4,"name":"\u00bfC\u00f3mo afecta el neumococo?"}]},{"@type":"WebSite","@id":"https:\/\/msdconecta.co.cr\/es\/#website","url":"https:\/\/msdconecta.co.cr\/es\/","name":"MConnect Cenca Spanish","description":"","publisher":{"@id":"https:\/\/msdconecta.co.cr\/es\/#organization"},"potentialAction":[{"@type":"SearchAction","target":{"@type":"EntryPoint","urlTemplate":"https:\/\/msdconecta.co.cr\/es\/?s={search_term_string}"},"query-input":{"@type":"PropertyValueSpecification","valueRequired":true,"valueName":"search_term_string"}}],"inLanguage":"es-CO"},{"@type":"Organization","@id":"https:\/\/msdconecta.co.cr\/es\/#organization","name":"MConnect Cenca Spanish","url":"https:\/\/msdconecta.co.cr\/es\/","logo":{"@type":"ImageObject","inLanguage":"es-CO","@id":"https:\/\/msdconecta.co.cr\/es\/#\/schema\/logo\/image\/","url":"https:\/\/msdconecta.co.cr\/es\/wp-content\/uploads\/sites\/77\/2022\/07\/logo_tcm2359-1256911.png","contentUrl":"https:\/\/msdconecta.co.cr\/es\/wp-content\/uploads\/sites\/77\/2022\/07\/logo_tcm2359-1256911.png","width":152,"height":48,"caption":"MConnect Cenca Spanish"},"image":{"@id":"https:\/\/msdconecta.co.cr\/es\/#\/schema\/logo\/image\/"}}]}},"_links":{"self":[{"href":"https:\/\/msdconecta.co.cr\/es\/wp-json\/wp\/v2\/product\/88141","targetHints":{"allow":["GET"]}}],"collection":[{"href":"https:\/\/msdconecta.co.cr\/es\/wp-json\/wp\/v2\/product"}],"about":[{"href":"https:\/\/msdconecta.co.cr\/es\/wp-json\/wp\/v2\/types\/product"}],"author":[{"embeddable":true,"href":"https:\/\/msdconecta.co.cr\/es\/wp-json\/wp\/v2\/users\/61360"}],"version-history":[{"count":11,"href":"https:\/\/msdconecta.co.cr\/es\/wp-json\/wp\/v2\/product\/88141\/revisions"}],"predecessor-version":[{"id":88594,"href":"https:\/\/msdconecta.co.cr\/es\/wp-json\/wp\/v2\/product\/88141\/revisions\/88594"}],"up":[{"embeddable":true,"href":"https:\/\/msdconecta.co.cr\/es\/wp-json\/wp\/v2\/product\/88066"}],"wp:attachment":[{"href":"https:\/\/msdconecta.co.cr\/es\/wp-json\/wp\/v2\/media?parent=88141"}],"wp:term":[{"taxonomy":"category","embeddable":true,"href":"https:\/\/msdconecta.co.cr\/es\/wp-json\/wp\/v2\/categories?post=88141"},{"taxonomy":"post_tag","embeddable":true,"href":"https:\/\/msdconecta.co.cr\/es\/wp-json\/wp\/v2\/tags?post=88141"},{"taxonomy":"ga4_page_audience","embeddable":true,"href":"https:\/\/msdconecta.co.cr\/es\/wp-json\/wp\/v2\/ga4_page_audience?post=88141"},{"taxonomy":"ga4_page_birn_id","embeddable":true,"href":"https:\/\/msdconecta.co.cr\/es\/wp-json\/wp\/v2\/ga4_page_birn_id?post=88141"},{"taxonomy":"ga4_page_branding","embeddable":true,"href":"https:\/\/msdconecta.co.cr\/es\/wp-json\/wp\/v2\/ga4_page_branding?post=88141"},{"taxonomy":"ga4_page_businessunit","embeddable":true,"href":"https:\/\/msdconecta.co.cr\/es\/wp-json\/wp\/v2\/ga4_page_businessunit?post=88141"},{"taxonomy":"ga4_page_campaign","embeddable":true,"href":"https:\/\/msdconecta.co.cr\/es\/wp-json\/wp\/v2\/ga4_page_campaign?post=88141"},{"taxonomy":"ga4_page_content_purpose","embeddable":true,"href":"https:\/\/msdconecta.co.cr\/es\/wp-json\/wp\/v2\/ga4_page_content_purpose?post=88141"},{"taxonomy":"ga4_page_customer_journey_stage","embeddable":true,"href":"https:\/\/msdconecta.co.cr\/es\/wp-json\/wp\/v2\/ga4_page_customer_journey_stage?post=88141"},{"taxonomy":"ga4_page_customer_specialty","embeddable":true,"href":"https:\/\/msdconecta.co.cr\/es\/wp-json\/wp\/v2\/ga4_page_customer_specialty?post=88141"},{"taxonomy":"ga4_page_experience","embeddable":true,"href":"https:\/\/msdconecta.co.cr\/es\/wp-json\/wp\/v2\/ga4_page_experience?post=88141"},{"taxonomy":"ga4_page_indication","embeddable":true,"href":"https:\/\/msdconecta.co.cr\/es\/wp-json\/wp\/v2\/ga4_page_indication?post=88141"},{"taxonomy":"ga4_page_material_intent","embeddable":true,"href":"https:\/\/msdconecta.co.cr\/es\/wp-json\/wp\/v2\/ga4_page_material_intent?post=88141"},{"taxonomy":"ga4_page_product","embeddable":true,"href":"https:\/\/msdconecta.co.cr\/es\/wp-json\/wp\/v2\/ga4_page_product?post=88141"},{"taxonomy":"ga4_page_region","embeddable":true,"href":"https:\/\/msdconecta.co.cr\/es\/wp-json\/wp\/v2\/ga4_page_region?post=88141"},{"taxonomy":"ga4_page_therapeuticarea","embeddable":true,"href":"https:\/\/msdconecta.co.cr\/es\/wp-json\/wp\/v2\/ga4_page_therapeuticarea?post=88141"},{"taxonomy":"tx-therapeutic-area","embeddable":true,"href":"https:\/\/msdconecta.co.cr\/es\/wp-json\/wp\/v2\/tx-therapeutic-area?post=88141"},{"taxonomy":"tx-product","embeddable":true,"href":"https:\/\/msdconecta.co.cr\/es\/wp-json\/wp\/v2\/tx-product?post=88141"},{"taxonomy":"tx-pathology","embeddable":true,"href":"https:\/\/msdconecta.co.cr\/es\/wp-json\/wp\/v2\/tx-pathology?post=88141"},{"taxonomy":"tx-content-type","embeddable":true,"href":"https:\/\/msdconecta.co.cr\/es\/wp-json\/wp\/v2\/tx-content-type?post=88141"},{"taxonomy":"tx-active-ingredient","embeddable":true,"href":"https:\/\/msdconecta.co.cr\/es\/wp-json\/wp\/v2\/tx-active-ingredient?post=88141"},{"taxonomy":"mhh-area-of-interest","embeddable":true,"href":"https:\/\/msdconecta.co.cr\/es\/wp-json\/wp\/v2\/mhh-area-of-interest?post=88141"},{"taxonomy":"access","embeddable":true,"href":"https:\/\/msdconecta.co.cr\/es\/wp-json\/wp\/v2\/access?post=88141"},{"taxonomy":"user_status","embeddable":true,"href":"https:\/\/msdconecta.co.cr\/es\/wp-json\/wp\/v2\/user_status?post=88141"},{"taxonomy":"user_role","embeddable":true,"href":"https:\/\/msdconecta.co.cr\/es\/wp-json\/wp\/v2\/user_role?post=88141"}],"curies":[{"name":"wp","href":"https:\/\/api.w.org\/{rel}","templated":true}]}}