{"id":88295,"date":"2024-03-12T12:04:55","date_gmt":"2024-03-12T12:04:55","guid":{"rendered":"https:\/\/msdconecta.co.cr\/es\/?post_type=product&#038;p=88295"},"modified":"2024-03-13T11:37:41","modified_gmt":"2024-03-13T11:37:41","slug":"para-quienes-esta-indicada","status":"publish","type":"product","link":"https:\/\/msdconecta.co.cr\/es\/products\/pneumovax\/para-quienes-esta-indicada\/","title":{"rendered":"\u00bfPara qui\u00e9nes est\u00e1 indicada?"},"content":{"rendered":"<figure class=\"mhh-mcn-v1-image mhh-mcn-v1-image--4cc8f386c194bdfd68e7899fa2e9d06a\">\n                    <img loading=\"lazy\" decoding=\"async\"\n        class=\"mhh-mcn-image mhh-mcn-image--full wp-image-88299\"\n        src=\"https:\/\/msdconecta.co.cr\/es\/wp-content\/uploads\/sites\/77\/2024\/03\/Para-quienes-esta-indicada.png?quality=80&#038;lossy=1\"\n        width=\"867\"\n        height=\"365\"\n                alt=\"\"\n            \/>\n            <\/figure>\n\n\n<div class=\"mhh-mcn-columns mhh-mcn-v1-columns--c43e2512ab93c67f1558ccb8c4a2d68e mhh-mcn-v1-columns mhh-mcn-columns--gutter-m\">\n    <div class=\"mhh-mcn-columns-inner\">\n        \n<div class=\"mhh-mcn-v1-column mhh-mcn-v1-column--c5fcd4c8f4a999b503ff4ab5c17901eb mhh-mcn-column mhh-mcn-column--12 mhh-mcn-column--m-1 mhh-mcn-column--l-1\">\n    <\/div>\n\n\n<div class=\"mhh-mcn-v1-column mhh-mcn-v1-column--02dd8733d439e1732f8ee62850a0ccff mhh-mcn-column mhh-mcn-column--12 mhh-mcn-column--m-8 mhh-mcn-column--l-10\">\n    \n\n<h2 class=\"wp-block-heading  has-white-color has-text-color  has-object-object-font-size mhh-mcn-v1-heading--center mhh-mcn-v1-heading mhh-mcn-v1-heading--369e8301d95760e58c3cdc003deebd8b\" style=\"background-color:#632340\">\u00bfPara qui\u00e9nes est\u00e1 indicada?<\/h2>\n\n<\/div>\n\n\n<div class=\"mhh-mcn-v1-column mhh-mcn-v1-column--c5fcd4c8f4a999b503ff4ab5c17901eb mhh-mcn-column mhh-mcn-column--12 mhh-mcn-column--m-1 mhh-mcn-column--l-1\">\n    <\/div>\n\n    <\/div>\n\n    <\/div>\n\n\n\n<h4 class=\"wp-block-heading mhh-mcn-v1-heading--center mhh-mcn-v1-heading mhh-mcn-v1-heading--c3d82d2ea240ea64ad5db1f2490c6f7a\"><strong>Conozca para qui\u00e9nes est\u00e1 indicada la vacuna y proteja a sus pacientes contra la enfermedad neumoc\u00f3cica<\/strong><\/h4>\n\n\n\n<p class=\"   mhh-mcn-v1-paragraph mhh-mcn-v1-paragraph--fe6cac4cc733f19b0764a995f696193a\" dir=\"ltr\" lang=\"en-US\"><strong>En personas que no han recibido alguna dosis de vacuna contra neumococo o en quienes se desconoce esquema de vacunaci\u00f3n anterior, se debe administrar PNEUMOVAX 23 en los siguientes casos.<sup>1<\/sup><\/strong><\/p>\n\n\n\n<h4 class=\"wp-block-heading  has-object-object-font-size mhh-mcn-v1-heading--center mhh-mcn-v1-heading mhh-mcn-v1-heading--b1066076062a61b5612e029d3a24a943\"><strong>Personas inmunocompetentes<sup>1<\/sup><\/strong><\/h4>\n\n\n<div class=\"mhh-mcn-columns mhh-mcn-v1-columns--4876ced9e2447173d1cfba0853eea333 mhh-mcn-v1-columns mhh-mcn-columns--gutter-m\">\n    <div class=\"mhh-mcn-columns-inner\">\n        \n<div class=\"mhh-mcn-v1-column mhh-mcn-v1-column--45b08531a8d5b7a105b0a08bece53b0f mhh-mcn-column mhh-mcn-column--12 mhh-mcn-column--m-12 mhh-mcn-column--l-12\">\n    \n<div class=\"mhh-mcn-columns mhh-mcn-columns--vertical-alignment-center mhh-mcn-v1-columns--fccfae8e2a6183b72da82ae79c462f96 mhh-mcn-v1-columns mhh-mcn-columns--gutter-m\">\n    <div class=\"mhh-mcn-columns-inner\">\n        \n<div class=\"mhh-mcn-v1-column mhh-mcn-v1-column--6976da4dbf73e120dec989b57aa13f1b mhh-mcn-column mhh-mcn-column--12 mhh-mcn-column--m-4 mhh-mcn-column--l-4\">\n    \n<figure class=\"mhh-mcn-v1-image mhh-mcn-v1-image--align-center mhh-mcn-v1-image--b9953d660dac666864ec8c02840b918a\">\n                    <img decoding=\"async\"\n        class=\"mhh-mcn-image mhh-mcn-image--full wp-image-88305\"\n        src=\"https:\/\/msdconecta.co.cr\/es\/wp-content\/uploads\/sites\/77\/2024\/03\/Personas-inmunocompetentes1.png?quality=80&#038;lossy=1\"\n        width=\"191\"\n        height=\"175\"\n        loading=\"lazy\"        alt=\"\"\n            \/>\n            <\/figure>\n\n<\/div>\n\n\n<div class=\"mhh-mcn-v1-column mhh-mcn-v1-column--8967a3d7f86dd62281ed6d8206234b56 mhh-mcn-column mhh-mcn-column--12 mhh-mcn-column--m-8 mhh-mcn-column--l-8\">\n    \n\n<p class=\"   mhh-mcn-v1-paragraph mhh-mcn-v1-paragraph--c222da348dc72cd1dd941aa932cb92a6\" dir=\"ltr\" lang=\"en-US\"><strong>Vacunaci\u00f3n de rutina en personas de 50 a\u00f1os o mayores<\/strong><\/p>\n\n\n\n<ul class=\"mhh-mcn-v1-clist mhh-mcn-v1-clist--8875ec07d3d0d11db4be5f2a100fd803 mhh-mcn-v1-clist--order-starts-2-digits mhh-mcn-list list-style-type-dot\" start=\"1\">\n    <li>El Comit\u00e9 Asesor sobre Pr\u00e1cticas de Inmunizaci\u00f3n (ACIP) adem\u00e1s recomienda:<\/li><li>Personas de 2 a\u00f1os o m\u00e1s con enfermedad cardiovascular cr\u00f3nica (incluyendo falla cardiaca congestiva y cardiomiopat\u00edas), enfermedad pulmonar cr\u00f3nica (incluyendo EPOC y enfisema) o diabetes mellitus.<\/li><li>Personas de 2 a\u00f1os o m\u00e1s con alcoholismo, enfermedad hep\u00e1tica cr\u00f3nica (incluyendo cirrosis) o p\u00e9rdidas de LCR.<\/li><li>Personas de 2 a\u00f1os o m\u00e1s con asplenia funcional o anat\u00f3mica (incluyendo anemia drepanoc\u00edtica y esplenectom\u00eda).<\/li><li>Personas de 2 a\u00f1os o m\u00e1s que viven en ambientes o asentamientos sociales especiales<\/li><\/ul>\n\n<\/div>\n\n    <\/div>\n\n    <\/div>\n\n<\/div>\n\n    <\/div>\n\n    <\/div>\n\n\n\n<h4 class=\"wp-block-heading  has-object-object-font-size mhh-mcn-v1-heading--center mhh-mcn-v1-heading mhh-mcn-v1-heading--3c1e193815235edb83d812cfa90276c4\"><strong>Personas inmunocomprometidas<sup>1<\/sup><\/strong><\/h4>\n\n\n<div class=\"mhh-mcn-columns mhh-mcn-v1-columns--4d486c98d297517010967e7fd68ec358 mhh-mcn-v1-columns mhh-mcn-columns--gutter-m\">\n    <div class=\"mhh-mcn-columns-inner\">\n        \n<div class=\"mhh-mcn-v1-column mhh-mcn-v1-column--b32503486fa5dd894cfc49afdf4b5a9a mhh-mcn-column mhh-mcn-column--12 mhh-mcn-column--m-12 mhh-mcn-column--l-12\">\n    \n<div class=\"mhh-mcn-columns mhh-mcn-columns--vertical-alignment-center mhh-mcn-v1-columns--6fd17de51416a0db5c20b8d511de03dc mhh-mcn-v1-columns mhh-mcn-columns--gutter-m\">\n    <div class=\"mhh-mcn-columns-inner\">\n        \n<div class=\"mhh-mcn-v1-column mhh-mcn-v1-column--4191139c842cfc31a3bdd74799638696 mhh-mcn-column mhh-mcn-column--12 mhh-mcn-column--m-4 mhh-mcn-column--l-4\">\n    \n<figure class=\"mhh-mcn-v1-image mhh-mcn-v1-image--align-center mhh-mcn-v1-image--c48626896378466c44364784e4cab0b3\">\n                    <img decoding=\"async\"\n        class=\"mhh-mcn-image mhh-mcn-image--full wp-image-88309\"\n        src=\"https:\/\/msdconecta.co.cr\/es\/wp-content\/uploads\/sites\/77\/2024\/03\/Personas-inmunocomprometidas1.png?quality=80&#038;lossy=1\"\n        width=\"188\"\n        height=\"173\"\n        loading=\"lazy\"        alt=\"\"\n            \/>\n            <\/figure>\n\n<\/div>\n\n\n<div class=\"mhh-mcn-v1-column mhh-mcn-v1-column--c92de9efd5691913d4b09e9f6980d9a0 mhh-mcn-column mhh-mcn-column--12 mhh-mcn-column--m-8 mhh-mcn-column--l-8\">\n    \n\n<ul class=\"mhh-mcn-v1-clist mhh-mcn-v1-clist--72a73c7368739bea1ce66962f6565f9d mhh-mcn-v1-clist--order-starts-2-digits mhh-mcn-list list-style-type-dot\" start=\"1\">\n    <li>Personas de 2 a\u00f1os o m\u00e1s incluyendo aquellas con infecci\u00f3n por VIH, leucemia, linfoma, enfermedad de Hodgkin, mieloma m\u00faltiple, tumores malignos diseminados, falla renal cr\u00f3nica, s\u00edndrome nefr\u00f3tico; personas que reciben quimioterapia inmunosupresora (incluyendo corticoesteroides); y aquellas que han recibido trasplante de alg\u00fan \u00f3rgano o de m\u00e9dula \u00f3sea.<\/li><\/ul>\n\n<\/div>\n\n    <\/div>\n\n    <\/div>\n\n<\/div>\n\n    <\/div>\n\n    <\/div>\n\n\n\n<div style=\"height:31px\" aria-hidden=\"true\" class=\"wp-block-spacer\"><\/div>\n\n\n\n<p dir=\"ltr\" lang=\"en-US\" class=\"wp-caption-text has-object-object-font-size   mhh-mcn-v1-paragraph mhh-mcn-v1-paragraph--41c5289a444dfc158c1e1544f69919fa\">Referencia:<\/p>\n\n\n\n<ol class=\"wp-caption-text mhh-mcn-v1-clist mhh-mcn-v1-clist--36640eaad7a45529df0a496c58afca7c mhh-mcn-v1-clist--order-starts-2-digits mhh-mcn-list list-style-type-line\" start=\"1\">\n    <li><span style=\"background-color: var(--mhh-mcn-clist-background-color, transparent);color: var(--mhh-mcn-clist-text-color, unset);font-size: var(--mhh-mcn-clist-font-size--l, var(--mhh-mcn-font-size--xm));font-family: var(--font-primary)\">Informaci\u00f3n para prescribir de PNEUMOVAX 23.<\/span><\/li><\/ol>\n","protected":false},"excerpt":{"rendered":"<p>Conozca para qui\u00e9nes est\u00e1 indicada la vacuna y proteja a sus pacientes contra la enfermedad neumoc\u00f3cica En personas que no [&hellip;]<\/p>\n","protected":false},"author":61360,"featured_media":0,"parent":88066,"menu_order":6,"template":"","meta":{"_mhh_mcn_text_direction":"ltr","_mhh_mcn_language":"en_US","_mhh_mcn_left_sidebar_settings":{"entityId":0},"_mhh_mcn_sidebar_settings":{"entityId":0},"mhh_mcn_side_navigation_style":{"fontSize":{"l":"","m":"","s":""},"lineHeight":{"l":1.5,"m":1.5,"s":1.5},"itemColor":"","hoverItemColor":"","currentItemColor":"","borderItemColor":"","backgroundItemHoverColor":"","themeColor":""},"_mhh_mcn_child_page_navigation":{"isActive":true,"isSticky":true},"hide_header":false,"show_top_bar":false,"hide_footer":false,"full_width_layout":false,"product_resource":[],"related_products":"","fact_sheet":null,"scientific_title":"","job_code":"","banner":null,"primary_logo":88114,"secondary_logo":null,"icon":null,"primary_tag":0,"editor_notices":[],"mconnectHideShareThis":true,"footnotes":"","mconnectIsArchiveTemplate":false,"mconnectArchiveFiltersDisabled":false,"mconnectArchiveLockAllPresetFilters":false,"mconnectArchiveHidePageSubmenu":false,"mconnectArchiveShowParentPageOnly":false,"mconnectArchiveDefaultOrder":"DESC","mconnectArchiveDefaultOrderBy":"date","mconnectArchivePostsPerPage":12,"mconnectArchivePostTypes":[],"mconnectArchiveAllowFilterBy":["category","tx-content-type","tx-product","tx-pathology","tx-active-ingredient","tx-therapeutic-area"],"mconnectArchiveFilterSorting":["is_keyword"],"mconnectArchiveContentItemStyle":{"showExcerpt":true,"showImage":true,"showIcon":false,"showPrimaryTag":true,"showBorder":false,"showDates":false,"showCta":true,"isCard":false,"hasBackground":false,"showMetadata":true},"mconnectArchiveLayout":{"type":"list","hasFeatured":false},"mconnectDynamicTaxonomyEntities":[],"mconnectArchiveTerms_category":[],"mconnectArchiveAllowTerms_category":[],"mconnectArchiveTerms_tx-content-type":[],"mconnectArchiveAllowTerms_tx-content-type":[],"mconnectArchiveTerms_tx-product":[],"mconnectArchiveAllowTerms_tx-product":[],"mconnectArchiveTerms_tx-pathology":[],"mconnectArchiveAllowTerms_tx-pathology":[],"mconnectArchiveTerms_tx-active-ingredient":[],"mconnectArchiveAllowTerms_tx-active-ingredient":[],"mconnectArchiveTerms_tx-therapeutic-area":[],"mconnectArchiveAllowTerms_tx-therapeutic-area":[],"mconnectArchiveAllowTerms_dynamic-taxonomy":[],"mconnectArchiveLegacyDefaultTermsApplied":false,"mconnectContentUpdatesPerPage":10,"mconnectContentUpdatesViewMoreUrl":"","mconnectContentUpdatesTerms_tx-content-type":[],"mconnectContentUpdatesTerms_tx-product":[],"mconnectContentUpdatesTerms_tx-pathology":[],"mconnectContentUpdatesTerms_tx-active-ingredient":[],"mconnectContentUpdatesTerms_tx-therapeutic-area":[],"sidebar_toogle":0,"sidebar_toogle_notification_warning":true,"sidebar_toogle_notification_alert":true,"content_expiration_sidebar_date":"","content_expiration_sidebar_expired_post_status":"","content_expiration_sidebar_redirection":""},"categories":[],"tags":[],"ga4_page_audience":[1187],"ga4_page_birn_id":[],"ga4_page_branding":[],"ga4_page_businessunit":[],"ga4_page_campaign":[],"ga4_page_content_purpose":[],"ga4_page_customer_journey_stage":[],"ga4_page_customer_specialty":[],"ga4_page_experience":[],"ga4_page_indication":[],"ga4_page_material_intent":[],"ga4_page_product":[],"ga4_page_region":[921],"ga4_page_therapeuticarea":[],"tx-therapeutic-area":[],"tx-product":[],"tx-pathology":[],"tx-content-type":[],"tx-active-ingredient":[],"mhh-area-of-interest":[],"access":[],"user_status":[],"user_role":[],"class_list":["post-88295","product","type-product","status-publish","hentry"],"yoast_head":"<!-- This site is optimized with the Yoast SEO plugin v23.9 - https:\/\/yoast.com\/wordpress\/plugins\/seo\/ -->\n<title>\u00bfPara qui\u00e9nes est\u00e1 indicada? - MConnect Cenca Spanish<\/title>\n<meta name=\"robots\" content=\"index, follow, max-snippet:-1, max-image-preview:large, max-video-preview:-1\" \/>\n<link rel=\"canonical\" href=\"https:\/\/msdconecta.co.cr\/es\/products\/pneumovax\/para-quienes-esta-indicada\/\" \/>\n<meta property=\"og:locale\" content=\"es_ES\" \/>\n<meta property=\"og:type\" content=\"article\" \/>\n<meta property=\"og:title\" content=\"\u00bfPara qui\u00e9nes est\u00e1 indicada? - MConnect Cenca Spanish\" \/>\n<meta property=\"og:description\" content=\"Conozca para qui\u00e9nes est\u00e1 indicada la vacuna y proteja a sus pacientes contra la enfermedad neumoc\u00f3cica En personas que no [&hellip;]\" \/>\n<meta property=\"og:url\" content=\"https:\/\/msdconecta.co.cr\/es\/products\/pneumovax\/para-quienes-esta-indicada\/\" \/>\n<meta property=\"og:site_name\" content=\"MConnect Cenca Spanish\" \/>\n<meta property=\"article:modified_time\" content=\"2024-03-13T11:37:41+00:00\" \/>\n<meta name=\"twitter:card\" content=\"summary_large_image\" \/>\n<script type=\"application\/ld+json\" class=\"yoast-schema-graph\">{\"@context\":\"https:\/\/schema.org\",\"@graph\":[{\"@type\":\"WebPage\",\"@id\":\"https:\/\/msdconecta.co.cr\/es\/products\/pneumovax\/para-quienes-esta-indicada\/\",\"url\":\"https:\/\/msdconecta.co.cr\/es\/products\/pneumovax\/para-quienes-esta-indicada\/\",\"name\":\"\u00bfPara qui\u00e9nes est\u00e1 indicada? - MConnect Cenca Spanish\",\"isPartOf\":{\"@id\":\"https:\/\/msdconecta.co.cr\/es\/#website\"},\"datePublished\":\"2024-03-12T12:04:55+00:00\",\"dateModified\":\"2024-03-13T11:37:41+00:00\",\"breadcrumb\":{\"@id\":\"https:\/\/msdconecta.co.cr\/es\/products\/pneumovax\/para-quienes-esta-indicada\/#breadcrumb\"},\"inLanguage\":\"es-CO\",\"potentialAction\":[{\"@type\":\"ReadAction\",\"target\":[\"https:\/\/msdconecta.co.cr\/es\/products\/pneumovax\/para-quienes-esta-indicada\/\"]}]},{\"@type\":\"BreadcrumbList\",\"@id\":\"https:\/\/msdconecta.co.cr\/es\/products\/pneumovax\/para-quienes-esta-indicada\/#breadcrumb\",\"itemListElement\":[{\"@type\":\"ListItem\",\"position\":1,\"name\":\"Home\",\"item\":\"https:\/\/msdconecta.co.cr\/es\/\"},{\"@type\":\"ListItem\",\"position\":2,\"name\":\"Productos\",\"item\":\"https:\/\/msdconecta.co.cr\/es\/products\/\"},{\"@type\":\"ListItem\",\"position\":3,\"name\":\"\u00bfY el neumococo?\",\"item\":\"https:\/\/msdconecta.co.cr\/es\/products\/pneumovax\/\"},{\"@type\":\"ListItem\",\"position\":4,\"name\":\"\u00bfPara qui\u00e9nes est\u00e1 indicada?\"}]},{\"@type\":\"WebSite\",\"@id\":\"https:\/\/msdconecta.co.cr\/es\/#website\",\"url\":\"https:\/\/msdconecta.co.cr\/es\/\",\"name\":\"MConnect Cenca Spanish\",\"description\":\"\",\"publisher\":{\"@id\":\"https:\/\/msdconecta.co.cr\/es\/#organization\"},\"potentialAction\":[{\"@type\":\"SearchAction\",\"target\":{\"@type\":\"EntryPoint\",\"urlTemplate\":\"https:\/\/msdconecta.co.cr\/es\/?s={search_term_string}\"},\"query-input\":{\"@type\":\"PropertyValueSpecification\",\"valueRequired\":true,\"valueName\":\"search_term_string\"}}],\"inLanguage\":\"es-CO\"},{\"@type\":\"Organization\",\"@id\":\"https:\/\/msdconecta.co.cr\/es\/#organization\",\"name\":\"MConnect Cenca Spanish\",\"url\":\"https:\/\/msdconecta.co.cr\/es\/\",\"logo\":{\"@type\":\"ImageObject\",\"inLanguage\":\"es-CO\",\"@id\":\"https:\/\/msdconecta.co.cr\/es\/#\/schema\/logo\/image\/\",\"url\":\"https:\/\/msdconecta.co.cr\/es\/wp-content\/uploads\/sites\/77\/2022\/07\/logo_tcm2359-1256911.png\",\"contentUrl\":\"https:\/\/msdconecta.co.cr\/es\/wp-content\/uploads\/sites\/77\/2022\/07\/logo_tcm2359-1256911.png\",\"width\":152,\"height\":48,\"caption\":\"MConnect Cenca Spanish\"},\"image\":{\"@id\":\"https:\/\/msdconecta.co.cr\/es\/#\/schema\/logo\/image\/\"}}]}<\/script>\n<!-- \/ Yoast SEO plugin. -->","yoast_head_json":{"title":"\u00bfPara qui\u00e9nes est\u00e1 indicada? - MConnect Cenca Spanish","robots":{"index":"index","follow":"follow","max-snippet":"max-snippet:-1","max-image-preview":"max-image-preview:large","max-video-preview":"max-video-preview:-1"},"canonical":"https:\/\/msdconecta.co.cr\/es\/products\/pneumovax\/para-quienes-esta-indicada\/","og_locale":"es_ES","og_type":"article","og_title":"\u00bfPara qui\u00e9nes est\u00e1 indicada? - MConnect Cenca Spanish","og_description":"Conozca para qui\u00e9nes est\u00e1 indicada la vacuna y proteja a sus pacientes contra la enfermedad neumoc\u00f3cica En personas que no [&hellip;]","og_url":"https:\/\/msdconecta.co.cr\/es\/products\/pneumovax\/para-quienes-esta-indicada\/","og_site_name":"MConnect Cenca Spanish","article_modified_time":"2024-03-13T11:37:41+00:00","twitter_card":"summary_large_image","schema":{"@context":"https:\/\/schema.org","@graph":[{"@type":"WebPage","@id":"https:\/\/msdconecta.co.cr\/es\/products\/pneumovax\/para-quienes-esta-indicada\/","url":"https:\/\/msdconecta.co.cr\/es\/products\/pneumovax\/para-quienes-esta-indicada\/","name":"\u00bfPara qui\u00e9nes est\u00e1 indicada? - MConnect Cenca Spanish","isPartOf":{"@id":"https:\/\/msdconecta.co.cr\/es\/#website"},"datePublished":"2024-03-12T12:04:55+00:00","dateModified":"2024-03-13T11:37:41+00:00","breadcrumb":{"@id":"https:\/\/msdconecta.co.cr\/es\/products\/pneumovax\/para-quienes-esta-indicada\/#breadcrumb"},"inLanguage":"es-CO","potentialAction":[{"@type":"ReadAction","target":["https:\/\/msdconecta.co.cr\/es\/products\/pneumovax\/para-quienes-esta-indicada\/"]}]},{"@type":"BreadcrumbList","@id":"https:\/\/msdconecta.co.cr\/es\/products\/pneumovax\/para-quienes-esta-indicada\/#breadcrumb","itemListElement":[{"@type":"ListItem","position":1,"name":"Home","item":"https:\/\/msdconecta.co.cr\/es\/"},{"@type":"ListItem","position":2,"name":"Productos","item":"https:\/\/msdconecta.co.cr\/es\/products\/"},{"@type":"ListItem","position":3,"name":"\u00bfY el neumococo?","item":"https:\/\/msdconecta.co.cr\/es\/products\/pneumovax\/"},{"@type":"ListItem","position":4,"name":"\u00bfPara qui\u00e9nes est\u00e1 indicada?"}]},{"@type":"WebSite","@id":"https:\/\/msdconecta.co.cr\/es\/#website","url":"https:\/\/msdconecta.co.cr\/es\/","name":"MConnect Cenca Spanish","description":"","publisher":{"@id":"https:\/\/msdconecta.co.cr\/es\/#organization"},"potentialAction":[{"@type":"SearchAction","target":{"@type":"EntryPoint","urlTemplate":"https:\/\/msdconecta.co.cr\/es\/?s={search_term_string}"},"query-input":{"@type":"PropertyValueSpecification","valueRequired":true,"valueName":"search_term_string"}}],"inLanguage":"es-CO"},{"@type":"Organization","@id":"https:\/\/msdconecta.co.cr\/es\/#organization","name":"MConnect Cenca Spanish","url":"https:\/\/msdconecta.co.cr\/es\/","logo":{"@type":"ImageObject","inLanguage":"es-CO","@id":"https:\/\/msdconecta.co.cr\/es\/#\/schema\/logo\/image\/","url":"https:\/\/msdconecta.co.cr\/es\/wp-content\/uploads\/sites\/77\/2022\/07\/logo_tcm2359-1256911.png","contentUrl":"https:\/\/msdconecta.co.cr\/es\/wp-content\/uploads\/sites\/77\/2022\/07\/logo_tcm2359-1256911.png","width":152,"height":48,"caption":"MConnect Cenca Spanish"},"image":{"@id":"https:\/\/msdconecta.co.cr\/es\/#\/schema\/logo\/image\/"}}]}},"_links":{"self":[{"href":"https:\/\/msdconecta.co.cr\/es\/wp-json\/wp\/v2\/product\/88295","targetHints":{"allow":["GET"]}}],"collection":[{"href":"https:\/\/msdconecta.co.cr\/es\/wp-json\/wp\/v2\/product"}],"about":[{"href":"https:\/\/msdconecta.co.cr\/es\/wp-json\/wp\/v2\/types\/product"}],"author":[{"embeddable":true,"href":"https:\/\/msdconecta.co.cr\/es\/wp-json\/wp\/v2\/users\/61360"}],"version-history":[{"count":9,"href":"https:\/\/msdconecta.co.cr\/es\/wp-json\/wp\/v2\/product\/88295\/revisions"}],"predecessor-version":[{"id":88612,"href":"https:\/\/msdconecta.co.cr\/es\/wp-json\/wp\/v2\/product\/88295\/revisions\/88612"}],"up":[{"embeddable":true,"href":"https:\/\/msdconecta.co.cr\/es\/wp-json\/wp\/v2\/product\/88066"}],"wp:attachment":[{"href":"https:\/\/msdconecta.co.cr\/es\/wp-json\/wp\/v2\/media?parent=88295"}],"wp:term":[{"taxonomy":"category","embeddable":true,"href":"https:\/\/msdconecta.co.cr\/es\/wp-json\/wp\/v2\/categories?post=88295"},{"taxonomy":"post_tag","embeddable":true,"href":"https:\/\/msdconecta.co.cr\/es\/wp-json\/wp\/v2\/tags?post=88295"},{"taxonomy":"ga4_page_audience","embeddable":true,"href":"https:\/\/msdconecta.co.cr\/es\/wp-json\/wp\/v2\/ga4_page_audience?post=88295"},{"taxonomy":"ga4_page_birn_id","embeddable":true,"href":"https:\/\/msdconecta.co.cr\/es\/wp-json\/wp\/v2\/ga4_page_birn_id?post=88295"},{"taxonomy":"ga4_page_branding","embeddable":true,"href":"https:\/\/msdconecta.co.cr\/es\/wp-json\/wp\/v2\/ga4_page_branding?post=88295"},{"taxonomy":"ga4_page_businessunit","embeddable":true,"href":"https:\/\/msdconecta.co.cr\/es\/wp-json\/wp\/v2\/ga4_page_businessunit?post=88295"},{"taxonomy":"ga4_page_campaign","embeddable":true,"href":"https:\/\/msdconecta.co.cr\/es\/wp-json\/wp\/v2\/ga4_page_campaign?post=88295"},{"taxonomy":"ga4_page_content_purpose","embeddable":true,"href":"https:\/\/msdconecta.co.cr\/es\/wp-json\/wp\/v2\/ga4_page_content_purpose?post=88295"},{"taxonomy":"ga4_page_customer_journey_stage","embeddable":true,"href":"https:\/\/msdconecta.co.cr\/es\/wp-json\/wp\/v2\/ga4_page_customer_journey_stage?post=88295"},{"taxonomy":"ga4_page_customer_specialty","embeddable":true,"href":"https:\/\/msdconecta.co.cr\/es\/wp-json\/wp\/v2\/ga4_page_customer_specialty?post=88295"},{"taxonomy":"ga4_page_experience","embeddable":true,"href":"https:\/\/msdconecta.co.cr\/es\/wp-json\/wp\/v2\/ga4_page_experience?post=88295"},{"taxonomy":"ga4_page_indication","embeddable":true,"href":"https:\/\/msdconecta.co.cr\/es\/wp-json\/wp\/v2\/ga4_page_indication?post=88295"},{"taxonomy":"ga4_page_material_intent","embeddable":true,"href":"https:\/\/msdconecta.co.cr\/es\/wp-json\/wp\/v2\/ga4_page_material_intent?post=88295"},{"taxonomy":"ga4_page_product","embeddable":true,"href":"https:\/\/msdconecta.co.cr\/es\/wp-json\/wp\/v2\/ga4_page_product?post=88295"},{"taxonomy":"ga4_page_region","embeddable":true,"href":"https:\/\/msdconecta.co.cr\/es\/wp-json\/wp\/v2\/ga4_page_region?post=88295"},{"taxonomy":"ga4_page_therapeuticarea","embeddable":true,"href":"https:\/\/msdconecta.co.cr\/es\/wp-json\/wp\/v2\/ga4_page_therapeuticarea?post=88295"},{"taxonomy":"tx-therapeutic-area","embeddable":true,"href":"https:\/\/msdconecta.co.cr\/es\/wp-json\/wp\/v2\/tx-therapeutic-area?post=88295"},{"taxonomy":"tx-product","embeddable":true,"href":"https:\/\/msdconecta.co.cr\/es\/wp-json\/wp\/v2\/tx-product?post=88295"},{"taxonomy":"tx-pathology","embeddable":true,"href":"https:\/\/msdconecta.co.cr\/es\/wp-json\/wp\/v2\/tx-pathology?post=88295"},{"taxonomy":"tx-content-type","embeddable":true,"href":"https:\/\/msdconecta.co.cr\/es\/wp-json\/wp\/v2\/tx-content-type?post=88295"},{"taxonomy":"tx-active-ingredient","embeddable":true,"href":"https:\/\/msdconecta.co.cr\/es\/wp-json\/wp\/v2\/tx-active-ingredient?post=88295"},{"taxonomy":"mhh-area-of-interest","embeddable":true,"href":"https:\/\/msdconecta.co.cr\/es\/wp-json\/wp\/v2\/mhh-area-of-interest?post=88295"},{"taxonomy":"access","embeddable":true,"href":"https:\/\/msdconecta.co.cr\/es\/wp-json\/wp\/v2\/access?post=88295"},{"taxonomy":"user_status","embeddable":true,"href":"https:\/\/msdconecta.co.cr\/es\/wp-json\/wp\/v2\/user_status?post=88295"},{"taxonomy":"user_role","embeddable":true,"href":"https:\/\/msdconecta.co.cr\/es\/wp-json\/wp\/v2\/user_role?post=88295"}],"curies":[{"name":"wp","href":"https:\/\/api.w.org\/{rel}","templated":true}]}}