{"id":88313,"date":"2024-03-12T12:16:41","date_gmt":"2024-03-12T12:16:41","guid":{"rendered":"https:\/\/msdconecta.co.cr\/es\/?post_type=product&#038;p=88313"},"modified":"2024-03-13T11:38:45","modified_gmt":"2024-03-13T11:38:45","slug":"tiempos-de-vacunacion","status":"publish","type":"product","link":"https:\/\/msdconecta.co.cr\/es\/products\/pneumovax\/tiempos-de-vacunacion\/","title":{"rendered":"Tiempos de vacunaci\u00f3n"},"content":{"rendered":"\n<h2 class=\"wp-block-heading  has-object-object-font-size mhh-mcn-v1-heading--center mhh-mcn-v1-heading mhh-mcn-v1-heading--6053a6d1018d67c04216c1e6e70326c7\"><strong>Conozca los tiempos de vacunaci\u00f3n y proteja a sus pacientes<br>contra la infecci\u00f3n neumoc\u00f3cica invasiva.<\/strong><\/h2>\n\n\n<div class=\"mhh-mcn-columns mhh-mcn-columns--vertical-alignment-center mhh-mcn-v1-columns--997e11c2f84a47c4ffc5f710930df763 mhh-mcn-v1-columns mhh-mcn-columns--gutter-m\">\n    <div class=\"mhh-mcn-columns-inner\">\n        \n<div class=\"mhh-mcn-v1-column mhh-mcn-v1-column--9134eaa282c69766e76e5a56d3bb28d8 mhh-mcn-column mhh-mcn-column--12 mhh-mcn-column--m-6 mhh-mcn-column--l-6\">\n    \n\n<ul class=\"mhh-mcn-v1-clist mhh-mcn-v1-clist--d38debd0ff6ce017660b2afcd673daea mhh-mcn-v1-clist--order-starts-2-digits mhh-mcn-list list-style-type-dot\" start=\"1\">\n    <li><strong>PNEUMOVAX 23 <\/strong>se debe administrar al menos dos semanas previas a una esplenectom\u00eda electiva.<\/li><\/ul>\n\n\n\n<ul class=\"wp-block-list\">\n<li>Para quimioterapia en c\u00e1ncer u otra terapia inmunosupresora (por ejemplo, en pacientes con enfermedad de Hodgkin o con trasplante de \u00f3rgano o m\u00e9dula \u00f3sea) <strong>el intervalo entre la vacunaci\u00f3n y el inicio de la terapia debe ser al menos de dos semanas.<sup>1<\/sup><\/strong><\/li>\n<\/ul>\n\n<\/div>\n\n\n<div class=\"mhh-mcn-v1-column mhh-mcn-v1-column--dbb4a02ae3fe023758a6002f9f33c866 mhh-mcn-column mhh-mcn-column--12 mhh-mcn-column--m-6 mhh-mcn-column--l-6\">\n    \n<figure class=\"mhh-mcn-v1-image mhh-mcn-v1-image--eefc5fabec607845daa90347b676f53c\">\n                    <img loading=\"lazy\" decoding=\"async\"\n        class=\"mhh-mcn-image mhh-mcn-image--full wp-image-88319\"\n        src=\"https:\/\/msdconecta.co.cr\/es\/wp-content\/uploads\/sites\/77\/2024\/03\/tiempos-de-vacunacion.png?quality=80&#038;lossy=1\"\n        width=\"420\"\n        height=\"252\"\n                alt=\"\"\n            \/>\n            <\/figure>\n\n<\/div>\n\n    <\/div>\n\n    <\/div>\n\n\n\n<ul class=\"mhh-mcn-v1-clist mhh-mcn-v1-clist--ff66015328b1767e0540c3c273dc767d mhh-mcn-v1-clist--order-starts-2-digits mhh-mcn-list list-style-type-dot\" start=\"1\">\n    <li><strong>Debe evitarse la vacunaci\u00f3n durante quimioterapia o radioterapia.<sup>1<\/sup><\/strong><\/li><li><strong>PNEUMOVAX 23<\/strong> puede administrarse varios meses posteriores a completar quimioterapia o radioterapia en enfermedades neopl\u00e1sicas. En enfermedad de Hodgkin, la respuesta inmune a la vacunaci\u00f3n puede ser sub\u00f3ptima los 2 a\u00f1os posteriores a recibir quimioterapia intensiva.<sup>1<\/sup><\/li><\/ul>\n\n\n<div class=\"mhh-mcn-columns mhh-mcn-columns--vertical-alignment-center mhh-mcn-v1-columns--d605aa67d352d919a0ac6f3c79429032 mhh-mcn-v1-columns mhh-mcn-columns--gutter-m\">\n    <div class=\"mhh-mcn-columns-inner\">\n        \n<div class=\"mhh-mcn-v1-column mhh-mcn-v1-column--ad136f796383b0083b899380d49d359c mhh-mcn-column mhh-mcn-column--12 mhh-mcn-column--m-6 mhh-mcn-column--l-6\">\n    \n<figure class=\"mhh-mcn-v1-image mhh-mcn-v1-image--align-center mhh-mcn-v1-image--5bda33d40a6e42edd463e242b8628aa8\">\n                    <img decoding=\"async\"\n        class=\"mhh-mcn-image mhh-mcn-image--full wp-image-88329\"\n        src=\"https:\/\/msdconecta.co.cr\/es\/wp-content\/uploads\/sites\/77\/2024\/03\/vih.png?quality=80&#038;lossy=1\"\n        width=\"401\"\n        height=\"250\"\n        loading=\"lazy\"        alt=\"\"\n            \/>\n            <\/figure>\n\n<\/div>\n\n\n<div class=\"mhh-mcn-v1-column mhh-mcn-v1-column--3b109cd727ffb0dfb66c9ce74ea53d8f mhh-mcn-column mhh-mcn-column--12 mhh-mcn-column--m-6 mhh-mcn-column--l-6\">\n    \n\n<p dir=\"ltr\" lang=\"en-US\" class=\"has-object-object-font-size   mhh-mcn-v1-paragraph mhh-mcn-v1-paragraph--dfda46bac737dd923f2066a8be388146\"><strong>Personas con infecci\u00f3n por VIH sintom\u00e1tica o asintom\u00e1tica deben ser vacunados tan pronto sea posible despu\u00e9s de la confirmaci\u00f3n del diagn\u00f3stico.<sup>1<\/sup><\/strong><\/p>\n\n<\/div>\n\n    <\/div>\n\n    <\/div>\n\n\n\n<p class=\"   mhh-mcn-v1-paragraph mhh-mcn-v1-paragraph--1f0989ce9470ad8506053665fc4134ef\" dir=\"ltr\" lang=\"en-US\"><\/p>\n\n\n\n<div style=\"height:44px\" aria-hidden=\"true\" class=\"wp-block-spacer\"><\/div>\n\n\n\n<p dir=\"ltr\" lang=\"en-US\" class=\"has-object-object-font-size   mhh-mcn-v1-paragraph mhh-mcn-v1-paragraph--2fe7237b496f59db3a94e40222ae9eec\">Referencia:<\/p>\n\n\n\n<ol class=\"wp-caption-text mhh-mcn-v1-clist mhh-mcn-v1-clist--4008e56e18c8f450181604dca97ad9bd mhh-mcn-v1-clist--order-starts-2-digits mhh-mcn-list list-style-type-line\" start=\"1\">\n    <li>Informaci\u00f3n para prescribir de PNEUMOVAX 23.<\/li><\/ol>\n","protected":false},"excerpt":{"rendered":"<p>Conozca los tiempos de vacunaci\u00f3n y proteja a sus pacientescontra la infecci\u00f3n neumoc\u00f3cica invasiva. Referencia:<\/p>\n","protected":false},"author":61360,"featured_media":0,"parent":88066,"menu_order":7,"template":"","meta":{"_mhh_mcn_text_direction":"ltr","_mhh_mcn_language":"en_US","_mhh_mcn_left_sidebar_settings":{"entityId":0},"_mhh_mcn_sidebar_settings":{"entityId":0},"mhh_mcn_side_navigation_style":{"fontSize":{"l":"","m":"","s":""},"lineHeight":{"l":1.5,"m":1.5,"s":1.5},"itemColor":"","hoverItemColor":"","currentItemColor":"","borderItemColor":"","backgroundItemHoverColor":"","themeColor":""},"_mhh_mcn_child_page_navigation":{"isActive":true,"isSticky":true},"hide_header":false,"show_top_bar":false,"hide_footer":false,"full_width_layout":false,"product_resource":[],"related_products":"","fact_sheet":null,"scientific_title":"","job_code":"","banner":null,"primary_logo":88114,"secondary_logo":null,"icon":null,"primary_tag":0,"editor_notices":[],"mconnectHideShareThis":true,"footnotes":"","mconnectIsArchiveTemplate":false,"mconnectArchiveFiltersDisabled":false,"mconnectArchiveLockAllPresetFilters":false,"mconnectArchiveHidePageSubmenu":false,"mconnectArchiveShowParentPageOnly":false,"mconnectArchiveDefaultOrder":"DESC","mconnectArchiveDefaultOrderBy":"date","mconnectArchivePostsPerPage":12,"mconnectArchivePostTypes":[],"mconnectArchiveAllowFilterBy":["category","tx-content-type","tx-product","tx-pathology","tx-active-ingredient","tx-therapeutic-area"],"mconnectArchiveFilterSorting":["is_keyword"],"mconnectArchiveContentItemStyle":{"showExcerpt":true,"showImage":true,"showIcon":false,"showPrimaryTag":true,"showBorder":false,"showDates":false,"showCta":true,"isCard":false,"hasBackground":false,"showMetadata":true},"mconnectArchiveLayout":{"type":"list","hasFeatured":false},"mconnectDynamicTaxonomyEntities":[],"mconnectArchiveTerms_category":[],"mconnectArchiveAllowTerms_category":[],"mconnectArchiveTerms_tx-content-type":[],"mconnectArchiveAllowTerms_tx-content-type":[],"mconnectArchiveTerms_tx-product":[],"mconnectArchiveAllowTerms_tx-product":[],"mconnectArchiveTerms_tx-pathology":[],"mconnectArchiveAllowTerms_tx-pathology":[],"mconnectArchiveTerms_tx-active-ingredient":[],"mconnectArchiveAllowTerms_tx-active-ingredient":[],"mconnectArchiveTerms_tx-therapeutic-area":[],"mconnectArchiveAllowTerms_tx-therapeutic-area":[],"mconnectArchiveAllowTerms_dynamic-taxonomy":[],"mconnectArchiveLegacyDefaultTermsApplied":false,"mconnectContentUpdatesPerPage":10,"mconnectContentUpdatesViewMoreUrl":"","mconnectContentUpdatesTerms_tx-content-type":[],"mconnectContentUpdatesTerms_tx-product":[],"mconnectContentUpdatesTerms_tx-pathology":[],"mconnectContentUpdatesTerms_tx-active-ingredient":[],"mconnectContentUpdatesTerms_tx-therapeutic-area":[],"sidebar_toogle":0,"sidebar_toogle_notification_warning":true,"sidebar_toogle_notification_alert":true,"content_expiration_sidebar_date":"","content_expiration_sidebar_expired_post_status":"","content_expiration_sidebar_redirection":""},"categories":[],"tags":[],"ga4_page_audience":[1187],"ga4_page_birn_id":[],"ga4_page_branding":[],"ga4_page_businessunit":[],"ga4_page_campaign":[],"ga4_page_content_purpose":[400],"ga4_page_customer_journey_stage":[447],"ga4_page_customer_specialty":[],"ga4_page_experience":[],"ga4_page_indication":[],"ga4_page_material_intent":[],"ga4_page_product":[770],"ga4_page_region":[921],"ga4_page_therapeuticarea":[],"tx-therapeutic-area":[],"tx-product":[],"tx-pathology":[],"tx-content-type":[],"tx-active-ingredient":[],"mhh-area-of-interest":[],"access":[],"user_status":[],"user_role":[],"class_list":["post-88313","product","type-product","status-publish","hentry"],"yoast_head":"<!-- This site is optimized with the Yoast SEO plugin v23.9 - https:\/\/yoast.com\/wordpress\/plugins\/seo\/ -->\n<title>Tiempos de vacunaci\u00f3n - MConnect Cenca Spanish<\/title>\n<meta name=\"robots\" content=\"index, follow, max-snippet:-1, max-image-preview:large, max-video-preview:-1\" \/>\n<link rel=\"canonical\" href=\"https:\/\/msdconecta.co.cr\/es\/products\/pneumovax\/tiempos-de-vacunacion\/\" \/>\n<meta property=\"og:locale\" content=\"es_ES\" \/>\n<meta property=\"og:type\" content=\"article\" \/>\n<meta property=\"og:title\" content=\"Tiempos de vacunaci\u00f3n - MConnect Cenca Spanish\" \/>\n<meta property=\"og:description\" content=\"Conozca los tiempos de vacunaci\u00f3n y proteja a sus pacientescontra la infecci\u00f3n neumoc\u00f3cica invasiva. Referencia:\" \/>\n<meta property=\"og:url\" content=\"https:\/\/msdconecta.co.cr\/es\/products\/pneumovax\/tiempos-de-vacunacion\/\" \/>\n<meta property=\"og:site_name\" content=\"MConnect Cenca Spanish\" \/>\n<meta property=\"article:modified_time\" content=\"2024-03-13T11:38:45+00:00\" \/>\n<meta name=\"twitter:card\" content=\"summary_large_image\" \/>\n<script type=\"application\/ld+json\" class=\"yoast-schema-graph\">{\"@context\":\"https:\/\/schema.org\",\"@graph\":[{\"@type\":\"WebPage\",\"@id\":\"https:\/\/msdconecta.co.cr\/es\/products\/pneumovax\/tiempos-de-vacunacion\/\",\"url\":\"https:\/\/msdconecta.co.cr\/es\/products\/pneumovax\/tiempos-de-vacunacion\/\",\"name\":\"Tiempos de vacunaci\u00f3n - MConnect Cenca Spanish\",\"isPartOf\":{\"@id\":\"https:\/\/msdconecta.co.cr\/es\/#website\"},\"datePublished\":\"2024-03-12T12:16:41+00:00\",\"dateModified\":\"2024-03-13T11:38:45+00:00\",\"breadcrumb\":{\"@id\":\"https:\/\/msdconecta.co.cr\/es\/products\/pneumovax\/tiempos-de-vacunacion\/#breadcrumb\"},\"inLanguage\":\"es-CO\",\"potentialAction\":[{\"@type\":\"ReadAction\",\"target\":[\"https:\/\/msdconecta.co.cr\/es\/products\/pneumovax\/tiempos-de-vacunacion\/\"]}]},{\"@type\":\"BreadcrumbList\",\"@id\":\"https:\/\/msdconecta.co.cr\/es\/products\/pneumovax\/tiempos-de-vacunacion\/#breadcrumb\",\"itemListElement\":[{\"@type\":\"ListItem\",\"position\":1,\"name\":\"Home\",\"item\":\"https:\/\/msdconecta.co.cr\/es\/\"},{\"@type\":\"ListItem\",\"position\":2,\"name\":\"Productos\",\"item\":\"https:\/\/msdconecta.co.cr\/es\/products\/\"},{\"@type\":\"ListItem\",\"position\":3,\"name\":\"\u00bfY el neumococo?\",\"item\":\"https:\/\/msdconecta.co.cr\/es\/products\/pneumovax\/\"},{\"@type\":\"ListItem\",\"position\":4,\"name\":\"Tiempos de vacunaci\u00f3n\"}]},{\"@type\":\"WebSite\",\"@id\":\"https:\/\/msdconecta.co.cr\/es\/#website\",\"url\":\"https:\/\/msdconecta.co.cr\/es\/\",\"name\":\"MConnect Cenca Spanish\",\"description\":\"\",\"publisher\":{\"@id\":\"https:\/\/msdconecta.co.cr\/es\/#organization\"},\"potentialAction\":[{\"@type\":\"SearchAction\",\"target\":{\"@type\":\"EntryPoint\",\"urlTemplate\":\"https:\/\/msdconecta.co.cr\/es\/?s={search_term_string}\"},\"query-input\":{\"@type\":\"PropertyValueSpecification\",\"valueRequired\":true,\"valueName\":\"search_term_string\"}}],\"inLanguage\":\"es-CO\"},{\"@type\":\"Organization\",\"@id\":\"https:\/\/msdconecta.co.cr\/es\/#organization\",\"name\":\"MConnect Cenca Spanish\",\"url\":\"https:\/\/msdconecta.co.cr\/es\/\",\"logo\":{\"@type\":\"ImageObject\",\"inLanguage\":\"es-CO\",\"@id\":\"https:\/\/msdconecta.co.cr\/es\/#\/schema\/logo\/image\/\",\"url\":\"https:\/\/msdconecta.co.cr\/es\/wp-content\/uploads\/sites\/77\/2022\/07\/logo_tcm2359-1256911.png\",\"contentUrl\":\"https:\/\/msdconecta.co.cr\/es\/wp-content\/uploads\/sites\/77\/2022\/07\/logo_tcm2359-1256911.png\",\"width\":152,\"height\":48,\"caption\":\"MConnect Cenca Spanish\"},\"image\":{\"@id\":\"https:\/\/msdconecta.co.cr\/es\/#\/schema\/logo\/image\/\"}}]}<\/script>\n<!-- \/ Yoast SEO plugin. -->","yoast_head_json":{"title":"Tiempos de vacunaci\u00f3n - MConnect Cenca Spanish","robots":{"index":"index","follow":"follow","max-snippet":"max-snippet:-1","max-image-preview":"max-image-preview:large","max-video-preview":"max-video-preview:-1"},"canonical":"https:\/\/msdconecta.co.cr\/es\/products\/pneumovax\/tiempos-de-vacunacion\/","og_locale":"es_ES","og_type":"article","og_title":"Tiempos de vacunaci\u00f3n - MConnect Cenca Spanish","og_description":"Conozca los tiempos de vacunaci\u00f3n y proteja a sus pacientescontra la infecci\u00f3n neumoc\u00f3cica invasiva. Referencia:","og_url":"https:\/\/msdconecta.co.cr\/es\/products\/pneumovax\/tiempos-de-vacunacion\/","og_site_name":"MConnect Cenca Spanish","article_modified_time":"2024-03-13T11:38:45+00:00","twitter_card":"summary_large_image","schema":{"@context":"https:\/\/schema.org","@graph":[{"@type":"WebPage","@id":"https:\/\/msdconecta.co.cr\/es\/products\/pneumovax\/tiempos-de-vacunacion\/","url":"https:\/\/msdconecta.co.cr\/es\/products\/pneumovax\/tiempos-de-vacunacion\/","name":"Tiempos de vacunaci\u00f3n - MConnect Cenca Spanish","isPartOf":{"@id":"https:\/\/msdconecta.co.cr\/es\/#website"},"datePublished":"2024-03-12T12:16:41+00:00","dateModified":"2024-03-13T11:38:45+00:00","breadcrumb":{"@id":"https:\/\/msdconecta.co.cr\/es\/products\/pneumovax\/tiempos-de-vacunacion\/#breadcrumb"},"inLanguage":"es-CO","potentialAction":[{"@type":"ReadAction","target":["https:\/\/msdconecta.co.cr\/es\/products\/pneumovax\/tiempos-de-vacunacion\/"]}]},{"@type":"BreadcrumbList","@id":"https:\/\/msdconecta.co.cr\/es\/products\/pneumovax\/tiempos-de-vacunacion\/#breadcrumb","itemListElement":[{"@type":"ListItem","position":1,"name":"Home","item":"https:\/\/msdconecta.co.cr\/es\/"},{"@type":"ListItem","position":2,"name":"Productos","item":"https:\/\/msdconecta.co.cr\/es\/products\/"},{"@type":"ListItem","position":3,"name":"\u00bfY el neumococo?","item":"https:\/\/msdconecta.co.cr\/es\/products\/pneumovax\/"},{"@type":"ListItem","position":4,"name":"Tiempos de vacunaci\u00f3n"}]},{"@type":"WebSite","@id":"https:\/\/msdconecta.co.cr\/es\/#website","url":"https:\/\/msdconecta.co.cr\/es\/","name":"MConnect Cenca Spanish","description":"","publisher":{"@id":"https:\/\/msdconecta.co.cr\/es\/#organization"},"potentialAction":[{"@type":"SearchAction","target":{"@type":"EntryPoint","urlTemplate":"https:\/\/msdconecta.co.cr\/es\/?s={search_term_string}"},"query-input":{"@type":"PropertyValueSpecification","valueRequired":true,"valueName":"search_term_string"}}],"inLanguage":"es-CO"},{"@type":"Organization","@id":"https:\/\/msdconecta.co.cr\/es\/#organization","name":"MConnect Cenca Spanish","url":"https:\/\/msdconecta.co.cr\/es\/","logo":{"@type":"ImageObject","inLanguage":"es-CO","@id":"https:\/\/msdconecta.co.cr\/es\/#\/schema\/logo\/image\/","url":"https:\/\/msdconecta.co.cr\/es\/wp-content\/uploads\/sites\/77\/2022\/07\/logo_tcm2359-1256911.png","contentUrl":"https:\/\/msdconecta.co.cr\/es\/wp-content\/uploads\/sites\/77\/2022\/07\/logo_tcm2359-1256911.png","width":152,"height":48,"caption":"MConnect Cenca Spanish"},"image":{"@id":"https:\/\/msdconecta.co.cr\/es\/#\/schema\/logo\/image\/"}}]}},"_links":{"self":[{"href":"https:\/\/msdconecta.co.cr\/es\/wp-json\/wp\/v2\/product\/88313","targetHints":{"allow":["GET"]}}],"collection":[{"href":"https:\/\/msdconecta.co.cr\/es\/wp-json\/wp\/v2\/product"}],"about":[{"href":"https:\/\/msdconecta.co.cr\/es\/wp-json\/wp\/v2\/types\/product"}],"author":[{"embeddable":true,"href":"https:\/\/msdconecta.co.cr\/es\/wp-json\/wp\/v2\/users\/61360"}],"version-history":[{"count":12,"href":"https:\/\/msdconecta.co.cr\/es\/wp-json\/wp\/v2\/product\/88313\/revisions"}],"predecessor-version":[{"id":88614,"href":"https:\/\/msdconecta.co.cr\/es\/wp-json\/wp\/v2\/product\/88313\/revisions\/88614"}],"up":[{"embeddable":true,"href":"https:\/\/msdconecta.co.cr\/es\/wp-json\/wp\/v2\/product\/88066"}],"wp:attachment":[{"href":"https:\/\/msdconecta.co.cr\/es\/wp-json\/wp\/v2\/media?parent=88313"}],"wp:term":[{"taxonomy":"category","embeddable":true,"href":"https:\/\/msdconecta.co.cr\/es\/wp-json\/wp\/v2\/categories?post=88313"},{"taxonomy":"post_tag","embeddable":true,"href":"https:\/\/msdconecta.co.cr\/es\/wp-json\/wp\/v2\/tags?post=88313"},{"taxonomy":"ga4_page_audience","embeddable":true,"href":"https:\/\/msdconecta.co.cr\/es\/wp-json\/wp\/v2\/ga4_page_audience?post=88313"},{"taxonomy":"ga4_page_birn_id","embeddable":true,"href":"https:\/\/msdconecta.co.cr\/es\/wp-json\/wp\/v2\/ga4_page_birn_id?post=88313"},{"taxonomy":"ga4_page_branding","embeddable":true,"href":"https:\/\/msdconecta.co.cr\/es\/wp-json\/wp\/v2\/ga4_page_branding?post=88313"},{"taxonomy":"ga4_page_businessunit","embeddable":true,"href":"https:\/\/msdconecta.co.cr\/es\/wp-json\/wp\/v2\/ga4_page_businessunit?post=88313"},{"taxonomy":"ga4_page_campaign","embeddable":true,"href":"https:\/\/msdconecta.co.cr\/es\/wp-json\/wp\/v2\/ga4_page_campaign?post=88313"},{"taxonomy":"ga4_page_content_purpose","embeddable":true,"href":"https:\/\/msdconecta.co.cr\/es\/wp-json\/wp\/v2\/ga4_page_content_purpose?post=88313"},{"taxonomy":"ga4_page_customer_journey_stage","embeddable":true,"href":"https:\/\/msdconecta.co.cr\/es\/wp-json\/wp\/v2\/ga4_page_customer_journey_stage?post=88313"},{"taxonomy":"ga4_page_customer_specialty","embeddable":true,"href":"https:\/\/msdconecta.co.cr\/es\/wp-json\/wp\/v2\/ga4_page_customer_specialty?post=88313"},{"taxonomy":"ga4_page_experience","embeddable":true,"href":"https:\/\/msdconecta.co.cr\/es\/wp-json\/wp\/v2\/ga4_page_experience?post=88313"},{"taxonomy":"ga4_page_indication","embeddable":true,"href":"https:\/\/msdconecta.co.cr\/es\/wp-json\/wp\/v2\/ga4_page_indication?post=88313"},{"taxonomy":"ga4_page_material_intent","embeddable":true,"href":"https:\/\/msdconecta.co.cr\/es\/wp-json\/wp\/v2\/ga4_page_material_intent?post=88313"},{"taxonomy":"ga4_page_product","embeddable":true,"href":"https:\/\/msdconecta.co.cr\/es\/wp-json\/wp\/v2\/ga4_page_product?post=88313"},{"taxonomy":"ga4_page_region","embeddable":true,"href":"https:\/\/msdconecta.co.cr\/es\/wp-json\/wp\/v2\/ga4_page_region?post=88313"},{"taxonomy":"ga4_page_therapeuticarea","embeddable":true,"href":"https:\/\/msdconecta.co.cr\/es\/wp-json\/wp\/v2\/ga4_page_therapeuticarea?post=88313"},{"taxonomy":"tx-therapeutic-area","embeddable":true,"href":"https:\/\/msdconecta.co.cr\/es\/wp-json\/wp\/v2\/tx-therapeutic-area?post=88313"},{"taxonomy":"tx-product","embeddable":true,"href":"https:\/\/msdconecta.co.cr\/es\/wp-json\/wp\/v2\/tx-product?post=88313"},{"taxonomy":"tx-pathology","embeddable":true,"href":"https:\/\/msdconecta.co.cr\/es\/wp-json\/wp\/v2\/tx-pathology?post=88313"},{"taxonomy":"tx-content-type","embeddable":true,"href":"https:\/\/msdconecta.co.cr\/es\/wp-json\/wp\/v2\/tx-content-type?post=88313"},{"taxonomy":"tx-active-ingredient","embeddable":true,"href":"https:\/\/msdconecta.co.cr\/es\/wp-json\/wp\/v2\/tx-active-ingredient?post=88313"},{"taxonomy":"mhh-area-of-interest","embeddable":true,"href":"https:\/\/msdconecta.co.cr\/es\/wp-json\/wp\/v2\/mhh-area-of-interest?post=88313"},{"taxonomy":"access","embeddable":true,"href":"https:\/\/msdconecta.co.cr\/es\/wp-json\/wp\/v2\/access?post=88313"},{"taxonomy":"user_status","embeddable":true,"href":"https:\/\/msdconecta.co.cr\/es\/wp-json\/wp\/v2\/user_status?post=88313"},{"taxonomy":"user_role","embeddable":true,"href":"https:\/\/msdconecta.co.cr\/es\/wp-json\/wp\/v2\/user_role?post=88313"}],"curies":[{"name":"wp","href":"https:\/\/api.w.org\/{rel}","templated":true}]}}