{"id":88365,"date":"2024-03-12T12:47:22","date_gmt":"2024-03-12T12:47:22","guid":{"rendered":"https:\/\/msdconecta.co.cr\/es\/?post_type=product&#038;p=88365"},"modified":"2024-03-13T11:50:06","modified_gmt":"2024-03-13T11:50:06","slug":"eficacia-de-la-vacuna","status":"publish","type":"product","link":"https:\/\/msdconecta.co.cr\/es\/products\/pneumovax\/eficacia-de-la-vacuna\/","title":{"rendered":"Eficacia de la vacuna"},"content":{"rendered":"\n<h2 class=\"wp-block-heading  has-object-object-font-size mhh-mcn-v1-heading--center mhh-mcn-v1-heading mhh-mcn-v1-heading--49f1222baa842de043678160bf0c69a1\"><strong>Conozca la eficacia de PNEUMOVAX 23 y proteja a sus pacientes contra la infecci\u00f3n neumoc\u00f3cica invasiva<\/strong><\/h2>\n\n\n<div class=\"mhh-mcn-columns mhh-mcn-columns--vertical-alignment-center mhh-mcn-v1-columns--97d517260616eb4c9a3ba9e9e65ed412 mhh-mcn-v1-columns mhh-mcn-columns--gutter-m\">\n    <div class=\"mhh-mcn-columns-inner\">\n        \n<div class=\"mhh-mcn-v1-column mhh-mcn-v1-column--042f2a6796e370a61fecf0b6fe6d2cf3 mhh-mcn-column mhh-mcn-column--12 mhh-mcn-column--m-6 mhh-mcn-column--l-6\">\n    \n\n<p class=\"   mhh-mcn-v1-paragraph mhh-mcn-v1-paragraph--0ed93a2df2b73ff3a95a11b7cae68c54\" dir=\"ltr\" lang=\"en-US\">Seg\u00fan el estudio de cohortes indirecto retrospectivo de Butler, JC. <em>y cols<sup>a<\/sup><\/em>, que abarc\u00f3 un periodo de 14 a\u00f1os, con una muestra de 2,837 personas mayores de 5 a\u00f1os de edad y que presentaron enfermedad neumoc\u00f3cica invasiva con aislamiento de neumococo en sangre o en LCR, se mostr\u00f3 que <strong>PNEUMOVAX 23 previno efectivamente ENI debido a los serotipos incluidos en ella, con una eficacia general estimada en 60%.<sup>1<\/sup><\/strong><\/p>\n\n<\/div>\n\n\n<div class=\"mhh-mcn-v1-column mhh-mcn-v1-column--6ff477a3e5b9bdb3da74f662f2ec080a mhh-mcn-column mhh-mcn-column--12 mhh-mcn-column--m-6 mhh-mcn-column--l-6\">\n    \n<figure class=\"mhh-mcn-v1-image mhh-mcn-v1-image--align-center mhh-mcn-v1-image--21f6cca73c5d4867c38e071bb2f38559\">\n                    <img loading=\"lazy\" decoding=\"async\"\n        class=\"mhh-mcn-image mhh-mcn-image--full wp-image-88398\"\n        src=\"https:\/\/msdconecta.co.cr\/es\/wp-content\/uploads\/sites\/77\/2024\/03\/eficacia.png?quality=80&#038;lossy=1\"\n        width=\"420\"\n        height=\"252\"\n                alt=\"\"\n            \/>\n            <\/figure>\n\n<\/div>\n\n    <\/div>\n\n    <\/div>\n\n\n<div class=\"mhh-mcn-columns mhh-mcn-columns--vertical-alignment-center mhh-mcn-v1-columns--524f47c6b54c0ac753f23afe25dc62df mhh-mcn-v1-columns mhh-mcn-columns--gutter-m\">\n    <div class=\"mhh-mcn-columns-inner\">\n        \n<div class=\"mhh-mcn-v1-column mhh-mcn-v1-column--a1116fd06ec576f73e193232c98fdbb5 mhh-mcn-column mhh-mcn-column--12 mhh-mcn-column--m-6 mhh-mcn-column--l-6\">\n    \n<figure class=\"mhh-mcn-v1-image mhh-mcn-v1-image--align-center mhh-mcn-v1-image--d9670f56aa0fcc2bdb3a1424a3d9d194\">\n                    <img decoding=\"async\"\n        class=\"mhh-mcn-image mhh-mcn-image--full wp-image-88402\"\n        src=\"https:\/\/msdconecta.co.cr\/es\/wp-content\/uploads\/sites\/77\/2024\/03\/eficacia_d47cfb.png?quality=80&#038;lossy=1\"\n        width=\"400\"\n        height=\"250\"\n        loading=\"lazy\"        alt=\"\"\n            \/>\n            <\/figure>\n\n<\/div>\n\n\n<div class=\"mhh-mcn-v1-column mhh-mcn-v1-column--a122a88690a6f06cee95081f291711cf mhh-mcn-column mhh-mcn-column--12 mhh-mcn-column--m-6 mhh-mcn-column--l-6\">\n    \n\n<p class=\"   mhh-mcn-v1-paragraph mhh-mcn-v1-paragraph--8243975f24e68dced07cdba320dd3f0b\" dir=\"ltr\" lang=\"en-US\">Se confirm\u00f3 la eficacia de la vacuna en pacientes con diabetes <strong>(84%)<\/strong>, enfermedad vascular coronaria <strong>(73%)<\/strong>, insuficiencia cardiaca congestiva <strong>(69%)<\/strong>, enfermedad pulmonar cr\u00f3nica <strong>(65%)<\/strong>, asplenia anat\u00f3mica <strong>(77%)<\/strong> y en personas inmunocompetentes mayores de 65 a\u00f1os <strong>(75%)<\/strong>. No se demostr\u00f3 eficacia en pacientes con alcoholismo o cirrosis <strong>(0%)<\/strong>, en pacientes con leucemia ni con mieloma m\u00faltiple. Se observ\u00f3 que estos anticuerpos declinaron r\u00e1pida o lentamente en pacientes con anemia falciforme, enfermedad renal cr\u00f3nica, enfermedad de Hodgkin y mieloma m\u00faltiple.<sup>1<\/sup> <\/p>\n\n<\/div>\n\n    <\/div>\n\n    <\/div>\n\n\n\n<p class=\"   mhh-mcn-v1-paragraph mhh-mcn-v1-paragraph--680494ab80dd7937542d9718648c603f\" dir=\"ltr\" lang=\"en-US\"><em><sup>a<\/sup>ESTUDIO BUTTLER, JC. Y COLS. Estudio de cohortes, indirecto, retrospectivo, en EUA que abarc\u00f3 un periodo de 14 a\u00f1os (1978 a 1992) en 54 hospitales y 26 estados. Los pacientes elegibles para la inclusi\u00f3n ten\u00edan \u22652 a\u00f1os de edad con un estado\/fecha de vacunaci\u00f3n conocida, que fueron monitoreados por enfermedad durante este periodo, y de quienes se aisl\u00f3 el neumococo de la sangre o del l\u00edquido cefalorraqu\u00eddeo (LCR). La mediana de edad de los pacientes vacunados fue de 57 a\u00f1os; la mediana de edad de los no vacunados fue de 50 a\u00f1os. La eficacia de la vacuna se estim\u00f3 comparando la distribuci\u00f3n de los serotipos neumoc\u00f3cicos que causan la enfermedad en los vacunados (ej.,recibieron las vacunas de polisac\u00e1ridos antineumoc\u00f3cicos de 14 serotipos o 23 serotipos) y personas no vacunadas. La eficacia de la vacuna tambi\u00e9n se estim\u00f3 para los participantes del estudio con enfermedades  ubyacente.<sup>1<\/sup><\/em><\/p>\n\n\n\n<div style=\"height:31px\" aria-hidden=\"true\" class=\"wp-block-spacer\"><\/div>\n\n\n\n<p dir=\"ltr\" lang=\"en-US\" class=\"wp-caption-text has-object-object-font-size   mhh-mcn-v1-paragraph mhh-mcn-v1-paragraph--41c5289a444dfc158c1e1544f69919fa\">Referencia:<\/p>\n\n\n\n<ol class=\"wp-caption-text mhh-mcn-v1-clist mhh-mcn-v1-clist--2d55a3b0fc32fd134fb23b73e0268bfb mhh-mcn-v1-clist--order-starts-2-digits mhh-mcn-list list-style-type-line\" start=\"1\">\n    <li><span style=\"background-color: var(--mhh-mcn-clist-background-color, transparent);color: var(--mhh-mcn-clist-text-color, unset);font-size: var(--mhh-mcn-clist-font-size--l, var(--mhh-mcn-font-size--xm));font-family: var(--font-primary)\">Butler JC, Breiman RF, Campbell JF, y cols. Pneumococcal polysaccharide vaccine efficacy: an evaluation of current recommendations. JAMA. 1993; 270 (15):1826\u20131831.<\/span><\/li><\/ol>\n","protected":false},"excerpt":{"rendered":"<p>Conozca la eficacia de PNEUMOVAX 23 y proteja a sus pacientes contra la infecci\u00f3n neumoc\u00f3cica invasiva aESTUDIO BUTTLER, JC. Y [&hellip;]<\/p>\n","protected":false},"author":61360,"featured_media":0,"parent":88066,"menu_order":10,"template":"","meta":{"_mhh_mcn_text_direction":"ltr","_mhh_mcn_language":"en_US","_mhh_mcn_left_sidebar_settings":{"entityId":0},"_mhh_mcn_sidebar_settings":{"entityId":0},"mhh_mcn_side_navigation_style":{"fontSize":{"l":"","m":"","s":""},"lineHeight":{"l":1.5,"m":1.5,"s":1.5},"itemColor":"","hoverItemColor":"","currentItemColor":"","borderItemColor":"","backgroundItemHoverColor":"","themeColor":""},"_mhh_mcn_child_page_navigation":{"isActive":true,"isSticky":true},"hide_header":false,"show_top_bar":false,"hide_footer":false,"full_width_layout":false,"product_resource":[],"related_products":"","fact_sheet":null,"scientific_title":"","job_code":"","banner":null,"primary_logo":88114,"secondary_logo":null,"icon":null,"primary_tag":0,"editor_notices":[],"mconnectHideShareThis":true,"footnotes":"","mconnectIsArchiveTemplate":false,"mconnectArchiveFiltersDisabled":false,"mconnectArchiveLockAllPresetFilters":false,"mconnectArchiveHidePageSubmenu":false,"mconnectArchiveShowParentPageOnly":false,"mconnectArchiveDefaultOrder":"DESC","mconnectArchiveDefaultOrderBy":"date","mconnectArchivePostsPerPage":12,"mconnectArchivePostTypes":[],"mconnectArchiveAllowFilterBy":["category","tx-content-type","tx-product","tx-pathology","tx-active-ingredient","tx-therapeutic-area"],"mconnectArchiveFilterSorting":["is_keyword"],"mconnectArchiveContentItemStyle":{"showExcerpt":true,"showImage":true,"showIcon":false,"showPrimaryTag":true,"showBorder":false,"showDates":false,"showCta":true,"isCard":false,"hasBackground":false,"showMetadata":true},"mconnectArchiveLayout":{"type":"list","hasFeatured":false},"mconnectDynamicTaxonomyEntities":[],"mconnectArchiveTerms_category":[],"mconnectArchiveAllowTerms_category":[],"mconnectArchiveTerms_tx-content-type":[],"mconnectArchiveAllowTerms_tx-content-type":[],"mconnectArchiveTerms_tx-product":[],"mconnectArchiveAllowTerms_tx-product":[],"mconnectArchiveTerms_tx-pathology":[],"mconnectArchiveAllowTerms_tx-pathology":[],"mconnectArchiveTerms_tx-active-ingredient":[],"mconnectArchiveAllowTerms_tx-active-ingredient":[],"mconnectArchiveTerms_tx-therapeutic-area":[],"mconnectArchiveAllowTerms_tx-therapeutic-area":[],"mconnectArchiveAllowTerms_dynamic-taxonomy":[],"mconnectArchiveLegacyDefaultTermsApplied":false,"mconnectContentUpdatesPerPage":10,"mconnectContentUpdatesViewMoreUrl":"","mconnectContentUpdatesTerms_tx-content-type":[],"mconnectContentUpdatesTerms_tx-product":[],"mconnectContentUpdatesTerms_tx-pathology":[],"mconnectContentUpdatesTerms_tx-active-ingredient":[],"mconnectContentUpdatesTerms_tx-therapeutic-area":[],"sidebar_toogle":0,"sidebar_toogle_notification_warning":true,"sidebar_toogle_notification_alert":true,"content_expiration_sidebar_date":"","content_expiration_sidebar_expired_post_status":"","content_expiration_sidebar_redirection":""},"categories":[],"tags":[],"ga4_page_audience":[1187],"ga4_page_birn_id":[],"ga4_page_branding":[],"ga4_page_businessunit":[],"ga4_page_campaign":[],"ga4_page_content_purpose":[400],"ga4_page_customer_journey_stage":[447],"ga4_page_customer_specialty":[],"ga4_page_experience":[],"ga4_page_indication":[],"ga4_page_material_intent":[],"ga4_page_product":[770],"ga4_page_region":[921],"ga4_page_therapeuticarea":[],"tx-therapeutic-area":[],"tx-product":[],"tx-pathology":[],"tx-content-type":[],"tx-active-ingredient":[],"mhh-area-of-interest":[],"access":[],"user_status":[],"user_role":[],"class_list":["post-88365","product","type-product","status-publish","hentry"],"yoast_head":"<!-- This site is optimized with the Yoast SEO plugin v23.9 - https:\/\/yoast.com\/wordpress\/plugins\/seo\/ -->\n<title>Eficacia de la vacuna - MConnect Cenca Spanish<\/title>\n<meta name=\"robots\" content=\"index, follow, max-snippet:-1, max-image-preview:large, max-video-preview:-1\" \/>\n<link rel=\"canonical\" href=\"https:\/\/msdconecta.co.cr\/es\/products\/pneumovax\/eficacia-de-la-vacuna\/\" \/>\n<meta property=\"og:locale\" content=\"es_ES\" \/>\n<meta property=\"og:type\" content=\"article\" \/>\n<meta property=\"og:title\" content=\"Eficacia de la vacuna - MConnect Cenca Spanish\" \/>\n<meta property=\"og:description\" content=\"Conozca la eficacia de PNEUMOVAX 23 y proteja a sus pacientes contra la infecci\u00f3n neumoc\u00f3cica invasiva aESTUDIO BUTTLER, JC. Y [&hellip;]\" \/>\n<meta property=\"og:url\" content=\"https:\/\/msdconecta.co.cr\/es\/products\/pneumovax\/eficacia-de-la-vacuna\/\" \/>\n<meta property=\"og:site_name\" content=\"MConnect Cenca Spanish\" \/>\n<meta property=\"article:modified_time\" content=\"2024-03-13T11:50:06+00:00\" \/>\n<meta name=\"twitter:card\" content=\"summary_large_image\" \/>\n<meta name=\"twitter:label1\" content=\"Tiempo de lectura\" \/>\n\t<meta name=\"twitter:data1\" content=\"2 minutos\" \/>\n<script type=\"application\/ld+json\" class=\"yoast-schema-graph\">{\"@context\":\"https:\/\/schema.org\",\"@graph\":[{\"@type\":\"WebPage\",\"@id\":\"https:\/\/msdconecta.co.cr\/es\/products\/pneumovax\/eficacia-de-la-vacuna\/\",\"url\":\"https:\/\/msdconecta.co.cr\/es\/products\/pneumovax\/eficacia-de-la-vacuna\/\",\"name\":\"Eficacia de la vacuna - MConnect Cenca Spanish\",\"isPartOf\":{\"@id\":\"https:\/\/msdconecta.co.cr\/es\/#website\"},\"datePublished\":\"2024-03-12T12:47:22+00:00\",\"dateModified\":\"2024-03-13T11:50:06+00:00\",\"breadcrumb\":{\"@id\":\"https:\/\/msdconecta.co.cr\/es\/products\/pneumovax\/eficacia-de-la-vacuna\/#breadcrumb\"},\"inLanguage\":\"es-CO\",\"potentialAction\":[{\"@type\":\"ReadAction\",\"target\":[\"https:\/\/msdconecta.co.cr\/es\/products\/pneumovax\/eficacia-de-la-vacuna\/\"]}]},{\"@type\":\"BreadcrumbList\",\"@id\":\"https:\/\/msdconecta.co.cr\/es\/products\/pneumovax\/eficacia-de-la-vacuna\/#breadcrumb\",\"itemListElement\":[{\"@type\":\"ListItem\",\"position\":1,\"name\":\"Home\",\"item\":\"https:\/\/msdconecta.co.cr\/es\/\"},{\"@type\":\"ListItem\",\"position\":2,\"name\":\"Productos\",\"item\":\"https:\/\/msdconecta.co.cr\/es\/products\/\"},{\"@type\":\"ListItem\",\"position\":3,\"name\":\"\u00bfY el neumococo?\",\"item\":\"https:\/\/msdconecta.co.cr\/es\/products\/pneumovax\/\"},{\"@type\":\"ListItem\",\"position\":4,\"name\":\"Eficacia de la vacuna\"}]},{\"@type\":\"WebSite\",\"@id\":\"https:\/\/msdconecta.co.cr\/es\/#website\",\"url\":\"https:\/\/msdconecta.co.cr\/es\/\",\"name\":\"MConnect Cenca Spanish\",\"description\":\"\",\"publisher\":{\"@id\":\"https:\/\/msdconecta.co.cr\/es\/#organization\"},\"potentialAction\":[{\"@type\":\"SearchAction\",\"target\":{\"@type\":\"EntryPoint\",\"urlTemplate\":\"https:\/\/msdconecta.co.cr\/es\/?s={search_term_string}\"},\"query-input\":{\"@type\":\"PropertyValueSpecification\",\"valueRequired\":true,\"valueName\":\"search_term_string\"}}],\"inLanguage\":\"es-CO\"},{\"@type\":\"Organization\",\"@id\":\"https:\/\/msdconecta.co.cr\/es\/#organization\",\"name\":\"MConnect Cenca Spanish\",\"url\":\"https:\/\/msdconecta.co.cr\/es\/\",\"logo\":{\"@type\":\"ImageObject\",\"inLanguage\":\"es-CO\",\"@id\":\"https:\/\/msdconecta.co.cr\/es\/#\/schema\/logo\/image\/\",\"url\":\"https:\/\/msdconecta.co.cr\/es\/wp-content\/uploads\/sites\/77\/2022\/07\/logo_tcm2359-1256911.png\",\"contentUrl\":\"https:\/\/msdconecta.co.cr\/es\/wp-content\/uploads\/sites\/77\/2022\/07\/logo_tcm2359-1256911.png\",\"width\":152,\"height\":48,\"caption\":\"MConnect Cenca Spanish\"},\"image\":{\"@id\":\"https:\/\/msdconecta.co.cr\/es\/#\/schema\/logo\/image\/\"}}]}<\/script>\n<!-- \/ Yoast SEO plugin. -->","yoast_head_json":{"title":"Eficacia de la vacuna - MConnect Cenca Spanish","robots":{"index":"index","follow":"follow","max-snippet":"max-snippet:-1","max-image-preview":"max-image-preview:large","max-video-preview":"max-video-preview:-1"},"canonical":"https:\/\/msdconecta.co.cr\/es\/products\/pneumovax\/eficacia-de-la-vacuna\/","og_locale":"es_ES","og_type":"article","og_title":"Eficacia de la vacuna - MConnect Cenca Spanish","og_description":"Conozca la eficacia de PNEUMOVAX 23 y proteja a sus pacientes contra la infecci\u00f3n neumoc\u00f3cica invasiva aESTUDIO BUTTLER, JC. Y [&hellip;]","og_url":"https:\/\/msdconecta.co.cr\/es\/products\/pneumovax\/eficacia-de-la-vacuna\/","og_site_name":"MConnect Cenca Spanish","article_modified_time":"2024-03-13T11:50:06+00:00","twitter_card":"summary_large_image","twitter_misc":{"Tiempo de lectura":"2 minutos"},"schema":{"@context":"https:\/\/schema.org","@graph":[{"@type":"WebPage","@id":"https:\/\/msdconecta.co.cr\/es\/products\/pneumovax\/eficacia-de-la-vacuna\/","url":"https:\/\/msdconecta.co.cr\/es\/products\/pneumovax\/eficacia-de-la-vacuna\/","name":"Eficacia de la vacuna - MConnect Cenca Spanish","isPartOf":{"@id":"https:\/\/msdconecta.co.cr\/es\/#website"},"datePublished":"2024-03-12T12:47:22+00:00","dateModified":"2024-03-13T11:50:06+00:00","breadcrumb":{"@id":"https:\/\/msdconecta.co.cr\/es\/products\/pneumovax\/eficacia-de-la-vacuna\/#breadcrumb"},"inLanguage":"es-CO","potentialAction":[{"@type":"ReadAction","target":["https:\/\/msdconecta.co.cr\/es\/products\/pneumovax\/eficacia-de-la-vacuna\/"]}]},{"@type":"BreadcrumbList","@id":"https:\/\/msdconecta.co.cr\/es\/products\/pneumovax\/eficacia-de-la-vacuna\/#breadcrumb","itemListElement":[{"@type":"ListItem","position":1,"name":"Home","item":"https:\/\/msdconecta.co.cr\/es\/"},{"@type":"ListItem","position":2,"name":"Productos","item":"https:\/\/msdconecta.co.cr\/es\/products\/"},{"@type":"ListItem","position":3,"name":"\u00bfY el neumococo?","item":"https:\/\/msdconecta.co.cr\/es\/products\/pneumovax\/"},{"@type":"ListItem","position":4,"name":"Eficacia de la vacuna"}]},{"@type":"WebSite","@id":"https:\/\/msdconecta.co.cr\/es\/#website","url":"https:\/\/msdconecta.co.cr\/es\/","name":"MConnect Cenca Spanish","description":"","publisher":{"@id":"https:\/\/msdconecta.co.cr\/es\/#organization"},"potentialAction":[{"@type":"SearchAction","target":{"@type":"EntryPoint","urlTemplate":"https:\/\/msdconecta.co.cr\/es\/?s={search_term_string}"},"query-input":{"@type":"PropertyValueSpecification","valueRequired":true,"valueName":"search_term_string"}}],"inLanguage":"es-CO"},{"@type":"Organization","@id":"https:\/\/msdconecta.co.cr\/es\/#organization","name":"MConnect Cenca Spanish","url":"https:\/\/msdconecta.co.cr\/es\/","logo":{"@type":"ImageObject","inLanguage":"es-CO","@id":"https:\/\/msdconecta.co.cr\/es\/#\/schema\/logo\/image\/","url":"https:\/\/msdconecta.co.cr\/es\/wp-content\/uploads\/sites\/77\/2022\/07\/logo_tcm2359-1256911.png","contentUrl":"https:\/\/msdconecta.co.cr\/es\/wp-content\/uploads\/sites\/77\/2022\/07\/logo_tcm2359-1256911.png","width":152,"height":48,"caption":"MConnect Cenca Spanish"},"image":{"@id":"https:\/\/msdconecta.co.cr\/es\/#\/schema\/logo\/image\/"}}]}},"_links":{"self":[{"href":"https:\/\/msdconecta.co.cr\/es\/wp-json\/wp\/v2\/product\/88365","targetHints":{"allow":["GET"]}}],"collection":[{"href":"https:\/\/msdconecta.co.cr\/es\/wp-json\/wp\/v2\/product"}],"about":[{"href":"https:\/\/msdconecta.co.cr\/es\/wp-json\/wp\/v2\/types\/product"}],"author":[{"embeddable":true,"href":"https:\/\/msdconecta.co.cr\/es\/wp-json\/wp\/v2\/users\/61360"}],"version-history":[{"count":16,"href":"https:\/\/msdconecta.co.cr\/es\/wp-json\/wp\/v2\/product\/88365\/revisions"}],"predecessor-version":[{"id":88626,"href":"https:\/\/msdconecta.co.cr\/es\/wp-json\/wp\/v2\/product\/88365\/revisions\/88626"}],"up":[{"embeddable":true,"href":"https:\/\/msdconecta.co.cr\/es\/wp-json\/wp\/v2\/product\/88066"}],"wp:attachment":[{"href":"https:\/\/msdconecta.co.cr\/es\/wp-json\/wp\/v2\/media?parent=88365"}],"wp:term":[{"taxonomy":"category","embeddable":true,"href":"https:\/\/msdconecta.co.cr\/es\/wp-json\/wp\/v2\/categories?post=88365"},{"taxonomy":"post_tag","embeddable":true,"href":"https:\/\/msdconecta.co.cr\/es\/wp-json\/wp\/v2\/tags?post=88365"},{"taxonomy":"ga4_page_audience","embeddable":true,"href":"https:\/\/msdconecta.co.cr\/es\/wp-json\/wp\/v2\/ga4_page_audience?post=88365"},{"taxonomy":"ga4_page_birn_id","embeddable":true,"href":"https:\/\/msdconecta.co.cr\/es\/wp-json\/wp\/v2\/ga4_page_birn_id?post=88365"},{"taxonomy":"ga4_page_branding","embeddable":true,"href":"https:\/\/msdconecta.co.cr\/es\/wp-json\/wp\/v2\/ga4_page_branding?post=88365"},{"taxonomy":"ga4_page_businessunit","embeddable":true,"href":"https:\/\/msdconecta.co.cr\/es\/wp-json\/wp\/v2\/ga4_page_businessunit?post=88365"},{"taxonomy":"ga4_page_campaign","embeddable":true,"href":"https:\/\/msdconecta.co.cr\/es\/wp-json\/wp\/v2\/ga4_page_campaign?post=88365"},{"taxonomy":"ga4_page_content_purpose","embeddable":true,"href":"https:\/\/msdconecta.co.cr\/es\/wp-json\/wp\/v2\/ga4_page_content_purpose?post=88365"},{"taxonomy":"ga4_page_customer_journey_stage","embeddable":true,"href":"https:\/\/msdconecta.co.cr\/es\/wp-json\/wp\/v2\/ga4_page_customer_journey_stage?post=88365"},{"taxonomy":"ga4_page_customer_specialty","embeddable":true,"href":"https:\/\/msdconecta.co.cr\/es\/wp-json\/wp\/v2\/ga4_page_customer_specialty?post=88365"},{"taxonomy":"ga4_page_experience","embeddable":true,"href":"https:\/\/msdconecta.co.cr\/es\/wp-json\/wp\/v2\/ga4_page_experience?post=88365"},{"taxonomy":"ga4_page_indication","embeddable":true,"href":"https:\/\/msdconecta.co.cr\/es\/wp-json\/wp\/v2\/ga4_page_indication?post=88365"},{"taxonomy":"ga4_page_material_intent","embeddable":true,"href":"https:\/\/msdconecta.co.cr\/es\/wp-json\/wp\/v2\/ga4_page_material_intent?post=88365"},{"taxonomy":"ga4_page_product","embeddable":true,"href":"https:\/\/msdconecta.co.cr\/es\/wp-json\/wp\/v2\/ga4_page_product?post=88365"},{"taxonomy":"ga4_page_region","embeddable":true,"href":"https:\/\/msdconecta.co.cr\/es\/wp-json\/wp\/v2\/ga4_page_region?post=88365"},{"taxonomy":"ga4_page_therapeuticarea","embeddable":true,"href":"https:\/\/msdconecta.co.cr\/es\/wp-json\/wp\/v2\/ga4_page_therapeuticarea?post=88365"},{"taxonomy":"tx-therapeutic-area","embeddable":true,"href":"https:\/\/msdconecta.co.cr\/es\/wp-json\/wp\/v2\/tx-therapeutic-area?post=88365"},{"taxonomy":"tx-product","embeddable":true,"href":"https:\/\/msdconecta.co.cr\/es\/wp-json\/wp\/v2\/tx-product?post=88365"},{"taxonomy":"tx-pathology","embeddable":true,"href":"https:\/\/msdconecta.co.cr\/es\/wp-json\/wp\/v2\/tx-pathology?post=88365"},{"taxonomy":"tx-content-type","embeddable":true,"href":"https:\/\/msdconecta.co.cr\/es\/wp-json\/wp\/v2\/tx-content-type?post=88365"},{"taxonomy":"tx-active-ingredient","embeddable":true,"href":"https:\/\/msdconecta.co.cr\/es\/wp-json\/wp\/v2\/tx-active-ingredient?post=88365"},{"taxonomy":"mhh-area-of-interest","embeddable":true,"href":"https:\/\/msdconecta.co.cr\/es\/wp-json\/wp\/v2\/mhh-area-of-interest?post=88365"},{"taxonomy":"access","embeddable":true,"href":"https:\/\/msdconecta.co.cr\/es\/wp-json\/wp\/v2\/access?post=88365"},{"taxonomy":"user_status","embeddable":true,"href":"https:\/\/msdconecta.co.cr\/es\/wp-json\/wp\/v2\/user_status?post=88365"},{"taxonomy":"user_role","embeddable":true,"href":"https:\/\/msdconecta.co.cr\/es\/wp-json\/wp\/v2\/user_role?post=88365"}],"curies":[{"name":"wp","href":"https:\/\/api.w.org\/{rel}","templated":true}]}}