{"id":88458,"date":"2024-03-12T14:10:11","date_gmt":"2024-03-12T14:10:11","guid":{"rendered":"https:\/\/msdconecta.co.cr\/es\/?post_type=product&#038;p=88458"},"modified":"2024-03-13T11:48:41","modified_gmt":"2024-03-13T11:48:41","slug":"esquema-secuencial","status":"publish","type":"product","link":"https:\/\/msdconecta.co.cr\/es\/products\/pneumovax\/esquema-secuencial\/","title":{"rendered":"Esquema secuencial"},"content":{"rendered":"\n<h2 class=\"wp-block-heading  has-object-object-font-size mhh-mcn-v1-heading--center mhh-mcn-v1-heading mhh-mcn-v1-heading--5ac630da0e04a98751c3664c5b7d3cca\"><strong>Conozca el esquema secuencial de la vacuna y proteja a sus pacientes contra la infecci\u00f3n neumoc\u00f3cica invasiva.<\/strong><\/h2>\n\n\n\n<p class=\"   mhh-mcn-v1-paragraph mhh-mcn-v1-paragraph--1f0989ce9470ad8506053665fc4134ef\" dir=\"ltr\" lang=\"en-US\"><\/p>\n\n\n<div class=\"mhh-mcn-v1-content-items mhh-mcn-v1-content-items--9da114484c75f3fe2b9b73fc8a07adf9 wp-block-mconnect-theme-curated-content mhh-mcn-layout--columns mhh-mcn-columns mhh-mcn-v1-columns--c196cc1c92dc0581e03b18453602b0c2 mhh-mcn-v1-columns mhh-mcn-columns--gutter-m\">\n    <div class=\"mhh-mcn-columns-inner\">\n        <div\n    class=\"mhh-mcn-column mhh-mcn-column--12 mhh-mcn-column--m-6 mhh-mcn-column--l-6 mhh-mcn-v1-content-item mhh-mcn-v1-content-item--f4e58954350469ab96ef419b64887a97 mhh-mcn-v1-content-item--card-style mhh-mcn-v1-content-item--no-media\">\n    <article class=\"mhh-mcn-v1-content-item-content\">\n    <section class=\"mhh-mcn-v1-content-item-content-body\">\n                <header class=\"mhh-mcn-v1-content-item-header\">\n    \n    <span class=\"mhh-mcn-v1-content-item-icon-type\">\n    <span class=\"mhh-mcn-v1-content-item-icon-type__icon\">\n    \n<svg width=\"1em\" height=\"1em\" class=\"mh-icon mh-icon--kind-generic mh-icon--name-arrow-right mh-icon--arrow-right\" role=\"img\" aria-hidden=\"true\">\n    \n    \n    <use xlink:href=\"https:\/\/msdconecta.co.cr\/es\/wp-content\/themes\/cex-wpvip-mhh-mconnect-theme-new-3.0\/modules\/icons\/resources\/icons\/svg\/generic\/arrow-right.svg#arrow-right\"><\/use>\n<\/svg>\n    <\/span>\n    <\/span>\n    <h2 class=\"mhh-mcn-v1-content-item-title mhh-mcn-v1-content-item-title--c06ec76831703497d2b89abb588910eb\">\n    \n    <a class=\"mhh-mcn-v1-content-item-title__link\" href=\"https:\/\/msdconecta.co.cr\/es\/wp-content\/uploads\/sites\/77\/2024\/03\/Esquema-de-vacunacion.pdf\" target=\"_blank\" rel=\"noopener noreferrer\">\n        Esquema de \nvacunaci\u00f3n descargable    <\/a>\n    <\/h2>\n\n    <\/header>\n\n                \n<div class=\"mhh-mcn-v1-content-item-meta mhh-mcn-badge-container\">\n    \n    \n    <\/div>\n    <\/section>\n    <div class=\"mhh-mcn-v1-content-item-footer\">\n    \n    \n    <\/div>\n<\/article>\n<\/div>\n    <\/div>\n\n    <\/div>\n\n\n\n<p class=\"   mhh-mcn-v1-paragraph mhh-mcn-v1-paragraph--1f0989ce9470ad8506053665fc4134ef\" dir=\"ltr\" lang=\"en-US\"><\/p>\n\n\n<figure class=\"mhh-mcn-v1-image mhh-mcn-v1-image--align-center mhh-mcn-v1-image--45fc160018c578850bdbf03ed01df023\">\n                    <img loading=\"lazy\" decoding=\"async\"\n        class=\"mhh-mcn-image mhh-mcn-image--full wp-image-88617\"\n        src=\"https:\/\/msdconecta.co.cr\/es\/wp-content\/uploads\/sites\/77\/2024\/03\/esquema.jpg?quality=80&#038;lossy=1\"\n        width=\"865\"\n        height=\"2290\"\n                alt=\"\"\n            \/>\n            <\/figure>\n\n\n\n<p class=\"   mhh-mcn-v1-paragraph mhh-mcn-v1-paragraph--a14eec850047589caa81511e31375815\" dir=\"ltr\" lang=\"en-US\"><strong>Tipos de vacunas:<\/strong><\/p>\n\n\n\n<p dir=\"ltr\" lang=\"en-US\" class=\"has-object-object-font-size   mhh-mcn-v1-paragraph mhh-mcn-v1-paragraph--88ae9b3a2baaa18dbd3c670fabf8de2b\"><em><strong><mark style=\"color:#632340\" class=\"has-inline-color\"><sup>a<\/sup>Neumococo 13 Valente:<\/mark><\/strong><\/em> Vacuna neumoc\u00f3cica conjugada.**<br><mark style=\"color:#632340\" class=\"has-inline-color\"><em><strong><sup>b<\/sup>Neumococo 23 Valente:<\/strong><\/em> <\/mark>Vacunas neumoc\u00f3cica polisac\u00e1rida.**<\/p>\n\n\n\n<p class=\"has-object-object-font-size   mhh-mcn-v1-paragraph mhh-mcn-v1-paragraph--e90247e8bd949cbf7b1575ff5afa4d8b\">** Centros para el control y la prevenci\u00f3n de enfermedades. Vacunas antineumoc\u00f3cicas. Disponible en <a href=\"https:\/\/www.cdc.gov\/pneumococcal\/vaccination-sp.html\" target=\"_blank\" rel=\"noreferrer noopener\">https:\/\/www.cdc.gov\/pneumococcal\/vaccination-sp.html<\/a> Consultado en Enero de 2023.<\/p>\n\n\n\n<p class=\"   mhh-mcn-v1-paragraph mhh-mcn-v1-paragraph--1f0989ce9470ad8506053665fc4134ef\" dir=\"ltr\" lang=\"en-US\"><\/p>\n\n\n\n<div style=\"height:34px\" aria-hidden=\"true\" class=\"wp-block-spacer\"><\/div>\n\n\n\n<p class=\"wp-caption-text has-object-object-font-size   mhh-mcn-v1-paragraph mhh-mcn-v1-paragraph--508ff2e18a96fdb499fd4ad7b56e8ed7\">Referencia:<\/p>\n\n\n\n<ol class=\"wp-caption-text mhh-mcn-v1-clist mhh-mcn-v1-clist--8a85e68a089a34d4fb21da1e092c9f91 mhh-mcn-v1-clist--order-starts-2-digits mhh-mcn-list list-style-type-line\" start=\"1\">\n    <li>Ministerio de Salud de Panam\u00e1. Esquema nacional de vacunaci\u00f3n 2020. Disponible en <a href=\"https:\/\/hn.sld.pa\/wp-content\/uploads\/2020\/09\/esquema-de-vacunacio-2020.pdf\" target=\"_blank\" rel=\"noreferrer noopener\">https:\/\/hn.sld.pa\/wp-content\/uploads\/2020\/09\/esquema-de-vacunacio-2020.pdf<\/a> Consultado en enero de 2023.<\/li><li>Gobierno de El Salvador. Ministerio de Salud. Esquema Nacional de Vacunaci\u00f3n, El Salvador 2021. Disponible en <a href=\"https:\/\/www.salud.gob.sv\/servicios\/esquema-nacional-de-vacunacion-el-salvador-2021\/\" target=\"_blank\" rel=\"noreferrer noopener\">https:\/\/www.salud.gob.sv\/servicios\/esquema-nacional-de-vacunacion-el-salvador-2021\/<\/a>. Consultado en enero de 2023.<\/li><li>Instituto Guatemalteco de Seguridad Social. Esquema de vacunas. Disponible en: <a href=\"https:\/\/www.igssgt.org\/wp-content\/uploads\/2020\/09\/esquema-de-vacunas-IGSS.pdf\" target=\"_blank\" rel=\"noreferrer noopener\">https:\/\/www.igssgt.org\/wp-content\/uploads\/2020\/09\/esquema-de-vacunas-IGSS.pdf<\/a>. Consultado en enero del 2023.<\/li><li>Ministerio de Salud de Costa Rica. Esquema de vacunaci\u00f3n oficial en menores de edad en Costa Rica. Disponible en <a href=\"https:\/\/www.ministeriodesalud.go.cr\/index.php\/biblioteca\/material-educativo\/material-de-comunicacion\/vacunas\/4360-esquema-de-vacunacion-oficial-en-costa-rica-menores-de-edad\/file\" target=\"_blank\" rel=\"noreferrer noopener\">https:\/\/www.ministeriodesalud.go.cr\/index.php\/biblioteca\/material-educativo\/material-de-comunicacion\/vacunas\/4360-esquema-de-vacunacion-oficial-en-costa-rica-menores-de-edad\/file<\/a> \u00daltima revisi\u00f3n septiembre de 2021. Consultado en enero de 2023.<\/li><li>Ministerio de Salud de Costa Rica. Esquema de vacunaci\u00f3n oficial en adultos en Costa Rica. Disponible en <a href=\"https:\/\/www.ministeriodesalud.go.cr\/index.php\/biblioteca\/material-educativo\/material-de-comunicacion\/vacunas\/4359-esquema-de-vacunacion-oficial-en-costa-rica-adultos\/file\" target=\"_blank\" rel=\"noreferrer noopener\">https:\/\/www.ministeriodesalud.go.cr\/index.php\/biblioteca\/material-educativo\/material-de-comunicacion\/vacunas\/4359-esquema-de-vacunacion-oficial-en-costa-rica-adultos\/file<\/a> \u00daltima revisi\u00f3n septiembre de 2021. Consultado en enero de 2023.<\/li><li>Gobierno de la Rep\u00fablica Dominicana. (2021) Programa Ampliado de inmunizaci\u00f3n. Vacunas del Esquema de vacunaci\u00f3n programa ampliado de inmunizaci\u00f3n de Rep\u00fablica Dominicana. Disponible en: https:\/\/pai.msp.gob.do\/documentos.html. Consultado en enero de 2023.<\/li><li>Gobierno de la Rep\u00fablica Dominicana. (2021) Programa Ampliado de inmunizaci\u00f3n. Esquema B\u00e1sico de Inmunizaci\u00f3n. Disponible en: <a href=\"https:\/\/pai.msp.gob.do\/\" target=\"_blank\" rel=\"noreferrer noopener\">https:\/\/pai.msp.gob.do\/<\/a>. Consultado en febrero de 2023.<\/li><li>Gobierno de la Rep\u00fablica de Honduras. Salud. Esquema nacional de vacunaci\u00f3n, Honduras 2022. Disponible en <a href=\"https:\/\/www.salud.gob.hn\/site\/index.php\/component\/edocman\/esquema-de-vacunacion-pai-2022\" target=\"_blank\" rel=\"noreferrer noopener\">https:\/\/www.salud.gob.hn\/site\/index.php\/component\/edocman\/esquema-de-vacunacion-pai-2022<\/a>. Consultado en enero de 2023.<\/li><li>Ministerio de Salud de Nicaragua. Esquema de vacunaci\u00f3n de Nicaragua 2017. Disponible en <a href=\"https:\/\/www.minsa.gob.ni\/index.php\/repository\/Descargas-MINSA\/Direcci%C3%B3n-General-Vigilancia-de-la-Salud-P%C3%BAblica\/Esquema-de-Vacunaci%C3%B3n\/Esquema-Vacunaci%C3%B3n-2017\/\" target=\"_blank\" rel=\"noreferrer noopener\">https:\/\/www.minsa.gob.ni\/index.php\/repository\/Descargas-MINSA\/Direcci%C3%B3n-General-Vigilancia-de-la-Salud-P%C3%BAblica\/Esquema-de-Vacunaci%C3%B3n\/Esquema-Vacunaci%C3%B3n-2017\/<\/a>. Consultado en enero de 2023.<\/li><\/ol>\n","protected":false},"excerpt":{"rendered":"<p>Conozca el esquema secuencial de la vacuna y proteja a sus pacientes contra la infecci\u00f3n neumoc\u00f3cica invasiva. Tipos de vacunas: [&hellip;]<\/p>\n","protected":false},"author":61360,"featured_media":0,"parent":88066,"menu_order":13,"template":"","meta":{"_mhh_mcn_text_direction":"ltr","_mhh_mcn_language":"en_US","_mhh_mcn_left_sidebar_settings":{"entityId":0},"_mhh_mcn_sidebar_settings":{"entityId":0},"mhh_mcn_side_navigation_style":{"fontSize":{"l":"","m":"","s":""},"lineHeight":{"l":1.5,"m":1.5,"s":1.5},"itemColor":"","hoverItemColor":"","currentItemColor":"","borderItemColor":"","backgroundItemHoverColor":"","themeColor":""},"_mhh_mcn_child_page_navigation":{"isActive":true,"isSticky":true},"hide_header":false,"show_top_bar":false,"hide_footer":false,"full_width_layout":false,"product_resource":[],"related_products":"","fact_sheet":null,"scientific_title":"","job_code":"","banner":null,"primary_logo":88114,"secondary_logo":null,"icon":null,"primary_tag":0,"editor_notices":[],"mconnectHideShareThis":true,"footnotes":"","mconnectIsArchiveTemplate":false,"mconnectArchiveFiltersDisabled":false,"mconnectArchiveLockAllPresetFilters":false,"mconnectArchiveHidePageSubmenu":false,"mconnectArchiveShowParentPageOnly":false,"mconnectArchiveDefaultOrder":"DESC","mconnectArchiveDefaultOrderBy":"date","mconnectArchivePostsPerPage":12,"mconnectArchivePostTypes":[],"mconnectArchiveAllowFilterBy":["category","tx-content-type","tx-product","tx-pathology","tx-active-ingredient","tx-therapeutic-area"],"mconnectArchiveFilterSorting":["is_keyword"],"mconnectArchiveContentItemStyle":{"showExcerpt":true,"showImage":true,"showIcon":false,"showPrimaryTag":true,"showBorder":false,"showDates":false,"showCta":true,"isCard":false,"hasBackground":false,"showMetadata":true},"mconnectArchiveLayout":{"type":"list","hasFeatured":false},"mconnectDynamicTaxonomyEntities":[],"mconnectArchiveTerms_category":[],"mconnectArchiveAllowTerms_category":[],"mconnectArchiveTerms_tx-content-type":[],"mconnectArchiveAllowTerms_tx-content-type":[],"mconnectArchiveTerms_tx-product":[],"mconnectArchiveAllowTerms_tx-product":[],"mconnectArchiveTerms_tx-pathology":[],"mconnectArchiveAllowTerms_tx-pathology":[],"mconnectArchiveTerms_tx-active-ingredient":[],"mconnectArchiveAllowTerms_tx-active-ingredient":[],"mconnectArchiveTerms_tx-therapeutic-area":[],"mconnectArchiveAllowTerms_tx-therapeutic-area":[],"mconnectArchiveAllowTerms_dynamic-taxonomy":[],"mconnectArchiveLegacyDefaultTermsApplied":false,"mconnectContentUpdatesPerPage":10,"mconnectContentUpdatesViewMoreUrl":"","mconnectContentUpdatesTerms_tx-content-type":[],"mconnectContentUpdatesTerms_tx-product":[],"mconnectContentUpdatesTerms_tx-pathology":[],"mconnectContentUpdatesTerms_tx-active-ingredient":[],"mconnectContentUpdatesTerms_tx-therapeutic-area":[],"sidebar_toogle":0,"sidebar_toogle_notification_warning":true,"sidebar_toogle_notification_alert":true,"content_expiration_sidebar_date":"","content_expiration_sidebar_expired_post_status":"","content_expiration_sidebar_redirection":""},"categories":[],"tags":[],"ga4_page_audience":[1187],"ga4_page_birn_id":[],"ga4_page_branding":[],"ga4_page_businessunit":[],"ga4_page_campaign":[],"ga4_page_content_purpose":[],"ga4_page_customer_journey_stage":[],"ga4_page_customer_specialty":[],"ga4_page_experience":[],"ga4_page_indication":[],"ga4_page_material_intent":[],"ga4_page_product":[],"ga4_page_region":[921],"ga4_page_therapeuticarea":[],"tx-therapeutic-area":[],"tx-product":[],"tx-pathology":[],"tx-content-type":[],"tx-active-ingredient":[],"mhh-area-of-interest":[],"access":[],"user_status":[],"user_role":[],"class_list":["post-88458","product","type-product","status-publish","hentry"],"yoast_head":"<!-- This site is optimized with the Yoast SEO plugin v23.9 - https:\/\/yoast.com\/wordpress\/plugins\/seo\/ -->\n<title>Esquema secuencial - MConnect Cenca Spanish<\/title>\n<meta name=\"robots\" content=\"index, follow, max-snippet:-1, max-image-preview:large, max-video-preview:-1\" \/>\n<link rel=\"canonical\" href=\"https:\/\/msdconecta.co.cr\/es\/products\/pneumovax\/esquema-secuencial\/\" \/>\n<meta property=\"og:locale\" content=\"es_ES\" \/>\n<meta property=\"og:type\" content=\"article\" \/>\n<meta property=\"og:title\" content=\"Esquema secuencial - MConnect Cenca Spanish\" \/>\n<meta property=\"og:description\" content=\"Conozca el esquema secuencial de la vacuna y proteja a sus pacientes contra la infecci\u00f3n neumoc\u00f3cica invasiva. Tipos de vacunas: [&hellip;]\" \/>\n<meta property=\"og:url\" content=\"https:\/\/msdconecta.co.cr\/es\/products\/pneumovax\/esquema-secuencial\/\" \/>\n<meta property=\"og:site_name\" content=\"MConnect Cenca Spanish\" \/>\n<meta property=\"article:modified_time\" content=\"2024-03-13T11:48:41+00:00\" \/>\n<meta name=\"twitter:card\" content=\"summary_large_image\" \/>\n<script type=\"application\/ld+json\" class=\"yoast-schema-graph\">{\"@context\":\"https:\/\/schema.org\",\"@graph\":[{\"@type\":\"WebPage\",\"@id\":\"https:\/\/msdconecta.co.cr\/es\/products\/pneumovax\/esquema-secuencial\/\",\"url\":\"https:\/\/msdconecta.co.cr\/es\/products\/pneumovax\/esquema-secuencial\/\",\"name\":\"Esquema secuencial - MConnect Cenca Spanish\",\"isPartOf\":{\"@id\":\"https:\/\/msdconecta.co.cr\/es\/#website\"},\"datePublished\":\"2024-03-12T14:10:11+00:00\",\"dateModified\":\"2024-03-13T11:48:41+00:00\",\"breadcrumb\":{\"@id\":\"https:\/\/msdconecta.co.cr\/es\/products\/pneumovax\/esquema-secuencial\/#breadcrumb\"},\"inLanguage\":\"es-CO\",\"potentialAction\":[{\"@type\":\"ReadAction\",\"target\":[\"https:\/\/msdconecta.co.cr\/es\/products\/pneumovax\/esquema-secuencial\/\"]}]},{\"@type\":\"BreadcrumbList\",\"@id\":\"https:\/\/msdconecta.co.cr\/es\/products\/pneumovax\/esquema-secuencial\/#breadcrumb\",\"itemListElement\":[{\"@type\":\"ListItem\",\"position\":1,\"name\":\"Home\",\"item\":\"https:\/\/msdconecta.co.cr\/es\/\"},{\"@type\":\"ListItem\",\"position\":2,\"name\":\"Productos\",\"item\":\"https:\/\/msdconecta.co.cr\/es\/products\/\"},{\"@type\":\"ListItem\",\"position\":3,\"name\":\"\u00bfY el neumococo?\",\"item\":\"https:\/\/msdconecta.co.cr\/es\/products\/pneumovax\/\"},{\"@type\":\"ListItem\",\"position\":4,\"name\":\"Esquema secuencial\"}]},{\"@type\":\"WebSite\",\"@id\":\"https:\/\/msdconecta.co.cr\/es\/#website\",\"url\":\"https:\/\/msdconecta.co.cr\/es\/\",\"name\":\"MConnect Cenca Spanish\",\"description\":\"\",\"publisher\":{\"@id\":\"https:\/\/msdconecta.co.cr\/es\/#organization\"},\"potentialAction\":[{\"@type\":\"SearchAction\",\"target\":{\"@type\":\"EntryPoint\",\"urlTemplate\":\"https:\/\/msdconecta.co.cr\/es\/?s={search_term_string}\"},\"query-input\":{\"@type\":\"PropertyValueSpecification\",\"valueRequired\":true,\"valueName\":\"search_term_string\"}}],\"inLanguage\":\"es-CO\"},{\"@type\":\"Organization\",\"@id\":\"https:\/\/msdconecta.co.cr\/es\/#organization\",\"name\":\"MConnect Cenca Spanish\",\"url\":\"https:\/\/msdconecta.co.cr\/es\/\",\"logo\":{\"@type\":\"ImageObject\",\"inLanguage\":\"es-CO\",\"@id\":\"https:\/\/msdconecta.co.cr\/es\/#\/schema\/logo\/image\/\",\"url\":\"https:\/\/msdconecta.co.cr\/es\/wp-content\/uploads\/sites\/77\/2022\/07\/logo_tcm2359-1256911.png\",\"contentUrl\":\"https:\/\/msdconecta.co.cr\/es\/wp-content\/uploads\/sites\/77\/2022\/07\/logo_tcm2359-1256911.png\",\"width\":152,\"height\":48,\"caption\":\"MConnect Cenca Spanish\"},\"image\":{\"@id\":\"https:\/\/msdconecta.co.cr\/es\/#\/schema\/logo\/image\/\"}}]}<\/script>\n<!-- \/ Yoast SEO plugin. -->","yoast_head_json":{"title":"Esquema secuencial - MConnect Cenca Spanish","robots":{"index":"index","follow":"follow","max-snippet":"max-snippet:-1","max-image-preview":"max-image-preview:large","max-video-preview":"max-video-preview:-1"},"canonical":"https:\/\/msdconecta.co.cr\/es\/products\/pneumovax\/esquema-secuencial\/","og_locale":"es_ES","og_type":"article","og_title":"Esquema secuencial - MConnect Cenca Spanish","og_description":"Conozca el esquema secuencial de la vacuna y proteja a sus pacientes contra la infecci\u00f3n neumoc\u00f3cica invasiva. Tipos de vacunas: [&hellip;]","og_url":"https:\/\/msdconecta.co.cr\/es\/products\/pneumovax\/esquema-secuencial\/","og_site_name":"MConnect Cenca Spanish","article_modified_time":"2024-03-13T11:48:41+00:00","twitter_card":"summary_large_image","schema":{"@context":"https:\/\/schema.org","@graph":[{"@type":"WebPage","@id":"https:\/\/msdconecta.co.cr\/es\/products\/pneumovax\/esquema-secuencial\/","url":"https:\/\/msdconecta.co.cr\/es\/products\/pneumovax\/esquema-secuencial\/","name":"Esquema secuencial - MConnect Cenca Spanish","isPartOf":{"@id":"https:\/\/msdconecta.co.cr\/es\/#website"},"datePublished":"2024-03-12T14:10:11+00:00","dateModified":"2024-03-13T11:48:41+00:00","breadcrumb":{"@id":"https:\/\/msdconecta.co.cr\/es\/products\/pneumovax\/esquema-secuencial\/#breadcrumb"},"inLanguage":"es-CO","potentialAction":[{"@type":"ReadAction","target":["https:\/\/msdconecta.co.cr\/es\/products\/pneumovax\/esquema-secuencial\/"]}]},{"@type":"BreadcrumbList","@id":"https:\/\/msdconecta.co.cr\/es\/products\/pneumovax\/esquema-secuencial\/#breadcrumb","itemListElement":[{"@type":"ListItem","position":1,"name":"Home","item":"https:\/\/msdconecta.co.cr\/es\/"},{"@type":"ListItem","position":2,"name":"Productos","item":"https:\/\/msdconecta.co.cr\/es\/products\/"},{"@type":"ListItem","position":3,"name":"\u00bfY el neumococo?","item":"https:\/\/msdconecta.co.cr\/es\/products\/pneumovax\/"},{"@type":"ListItem","position":4,"name":"Esquema secuencial"}]},{"@type":"WebSite","@id":"https:\/\/msdconecta.co.cr\/es\/#website","url":"https:\/\/msdconecta.co.cr\/es\/","name":"MConnect Cenca Spanish","description":"","publisher":{"@id":"https:\/\/msdconecta.co.cr\/es\/#organization"},"potentialAction":[{"@type":"SearchAction","target":{"@type":"EntryPoint","urlTemplate":"https:\/\/msdconecta.co.cr\/es\/?s={search_term_string}"},"query-input":{"@type":"PropertyValueSpecification","valueRequired":true,"valueName":"search_term_string"}}],"inLanguage":"es-CO"},{"@type":"Organization","@id":"https:\/\/msdconecta.co.cr\/es\/#organization","name":"MConnect Cenca Spanish","url":"https:\/\/msdconecta.co.cr\/es\/","logo":{"@type":"ImageObject","inLanguage":"es-CO","@id":"https:\/\/msdconecta.co.cr\/es\/#\/schema\/logo\/image\/","url":"https:\/\/msdconecta.co.cr\/es\/wp-content\/uploads\/sites\/77\/2022\/07\/logo_tcm2359-1256911.png","contentUrl":"https:\/\/msdconecta.co.cr\/es\/wp-content\/uploads\/sites\/77\/2022\/07\/logo_tcm2359-1256911.png","width":152,"height":48,"caption":"MConnect Cenca Spanish"},"image":{"@id":"https:\/\/msdconecta.co.cr\/es\/#\/schema\/logo\/image\/"}}]}},"_links":{"self":[{"href":"https:\/\/msdconecta.co.cr\/es\/wp-json\/wp\/v2\/product\/88458","targetHints":{"allow":["GET"]}}],"collection":[{"href":"https:\/\/msdconecta.co.cr\/es\/wp-json\/wp\/v2\/product"}],"about":[{"href":"https:\/\/msdconecta.co.cr\/es\/wp-json\/wp\/v2\/types\/product"}],"author":[{"embeddable":true,"href":"https:\/\/msdconecta.co.cr\/es\/wp-json\/wp\/v2\/users\/61360"}],"version-history":[{"count":19,"href":"https:\/\/msdconecta.co.cr\/es\/wp-json\/wp\/v2\/product\/88458\/revisions"}],"predecessor-version":[{"id":88625,"href":"https:\/\/msdconecta.co.cr\/es\/wp-json\/wp\/v2\/product\/88458\/revisions\/88625"}],"up":[{"embeddable":true,"href":"https:\/\/msdconecta.co.cr\/es\/wp-json\/wp\/v2\/product\/88066"}],"wp:attachment":[{"href":"https:\/\/msdconecta.co.cr\/es\/wp-json\/wp\/v2\/media?parent=88458"}],"wp:term":[{"taxonomy":"category","embeddable":true,"href":"https:\/\/msdconecta.co.cr\/es\/wp-json\/wp\/v2\/categories?post=88458"},{"taxonomy":"post_tag","embeddable":true,"href":"https:\/\/msdconecta.co.cr\/es\/wp-json\/wp\/v2\/tags?post=88458"},{"taxonomy":"ga4_page_audience","embeddable":true,"href":"https:\/\/msdconecta.co.cr\/es\/wp-json\/wp\/v2\/ga4_page_audience?post=88458"},{"taxonomy":"ga4_page_birn_id","embeddable":true,"href":"https:\/\/msdconecta.co.cr\/es\/wp-json\/wp\/v2\/ga4_page_birn_id?post=88458"},{"taxonomy":"ga4_page_branding","embeddable":true,"href":"https:\/\/msdconecta.co.cr\/es\/wp-json\/wp\/v2\/ga4_page_branding?post=88458"},{"taxonomy":"ga4_page_businessunit","embeddable":true,"href":"https:\/\/msdconecta.co.cr\/es\/wp-json\/wp\/v2\/ga4_page_businessunit?post=88458"},{"taxonomy":"ga4_page_campaign","embeddable":true,"href":"https:\/\/msdconecta.co.cr\/es\/wp-json\/wp\/v2\/ga4_page_campaign?post=88458"},{"taxonomy":"ga4_page_content_purpose","embeddable":true,"href":"https:\/\/msdconecta.co.cr\/es\/wp-json\/wp\/v2\/ga4_page_content_purpose?post=88458"},{"taxonomy":"ga4_page_customer_journey_stage","embeddable":true,"href":"https:\/\/msdconecta.co.cr\/es\/wp-json\/wp\/v2\/ga4_page_customer_journey_stage?post=88458"},{"taxonomy":"ga4_page_customer_specialty","embeddable":true,"href":"https:\/\/msdconecta.co.cr\/es\/wp-json\/wp\/v2\/ga4_page_customer_specialty?post=88458"},{"taxonomy":"ga4_page_experience","embeddable":true,"href":"https:\/\/msdconecta.co.cr\/es\/wp-json\/wp\/v2\/ga4_page_experience?post=88458"},{"taxonomy":"ga4_page_indication","embeddable":true,"href":"https:\/\/msdconecta.co.cr\/es\/wp-json\/wp\/v2\/ga4_page_indication?post=88458"},{"taxonomy":"ga4_page_material_intent","embeddable":true,"href":"https:\/\/msdconecta.co.cr\/es\/wp-json\/wp\/v2\/ga4_page_material_intent?post=88458"},{"taxonomy":"ga4_page_product","embeddable":true,"href":"https:\/\/msdconecta.co.cr\/es\/wp-json\/wp\/v2\/ga4_page_product?post=88458"},{"taxonomy":"ga4_page_region","embeddable":true,"href":"https:\/\/msdconecta.co.cr\/es\/wp-json\/wp\/v2\/ga4_page_region?post=88458"},{"taxonomy":"ga4_page_therapeuticarea","embeddable":true,"href":"https:\/\/msdconecta.co.cr\/es\/wp-json\/wp\/v2\/ga4_page_therapeuticarea?post=88458"},{"taxonomy":"tx-therapeutic-area","embeddable":true,"href":"https:\/\/msdconecta.co.cr\/es\/wp-json\/wp\/v2\/tx-therapeutic-area?post=88458"},{"taxonomy":"tx-product","embeddable":true,"href":"https:\/\/msdconecta.co.cr\/es\/wp-json\/wp\/v2\/tx-product?post=88458"},{"taxonomy":"tx-pathology","embeddable":true,"href":"https:\/\/msdconecta.co.cr\/es\/wp-json\/wp\/v2\/tx-pathology?post=88458"},{"taxonomy":"tx-content-type","embeddable":true,"href":"https:\/\/msdconecta.co.cr\/es\/wp-json\/wp\/v2\/tx-content-type?post=88458"},{"taxonomy":"tx-active-ingredient","embeddable":true,"href":"https:\/\/msdconecta.co.cr\/es\/wp-json\/wp\/v2\/tx-active-ingredient?post=88458"},{"taxonomy":"mhh-area-of-interest","embeddable":true,"href":"https:\/\/msdconecta.co.cr\/es\/wp-json\/wp\/v2\/mhh-area-of-interest?post=88458"},{"taxonomy":"access","embeddable":true,"href":"https:\/\/msdconecta.co.cr\/es\/wp-json\/wp\/v2\/access?post=88458"},{"taxonomy":"user_status","embeddable":true,"href":"https:\/\/msdconecta.co.cr\/es\/wp-json\/wp\/v2\/user_status?post=88458"},{"taxonomy":"user_role","embeddable":true,"href":"https:\/\/msdconecta.co.cr\/es\/wp-json\/wp\/v2\/user_role?post=88458"}],"curies":[{"name":"wp","href":"https:\/\/api.w.org\/{rel}","templated":true}]}}