{"id":88483,"date":"2024-03-12T14:21:37","date_gmt":"2024-03-12T14:21:37","guid":{"rendered":"https:\/\/msdconecta.co.cr\/es\/?post_type=product&#038;p=88483"},"modified":"2024-03-13T11:46:28","modified_gmt":"2024-03-13T11:46:28","slug":"recomendaciones-actuales","status":"publish","type":"product","link":"https:\/\/msdconecta.co.cr\/es\/products\/pneumovax\/recomendaciones-actuales\/","title":{"rendered":"Recomendaciones actuales"},"content":{"rendered":"\n<h2 class=\"wp-block-heading  has-object-object-font-size mhh-mcn-v1-heading--center mhh-mcn-v1-heading mhh-mcn-v1-heading--12ae15c9204ec16fe941830a554c9458\"><strong>Recomendaciones de vacunaci\u00f3n neumoc\u00f3cica del ACIP de 2019 para adultos inmunocompetentes de \u226565 a\u00f1os en los Estados Unidos<\/strong><\/h2>\n\n\n\n<p class=\"   mhh-mcn-v1-paragraph mhh-mcn-v1-paragraph--0e8c5f92cf568ab8858b4edb0ee2f9c2\" dir=\"ltr\" lang=\"en-US\">Administraci\u00f3n secuencial e intervalos, cuando corresponda<sup>1,a,b<\/sup><\/p>\n\n\n\n<p class=\"   mhh-mcn-v1-paragraph mhh-mcn-v1-paragraph--1f0989ce9470ad8506053665fc4134ef\" dir=\"ltr\" lang=\"en-US\"><\/p>\n\n\n<div class=\"mhh-mcn-columns mhh-mcn-v1-columns--331bbc1b837fcd4aa0497caeadd3ee78 mhh-mcn-v1-columns mhh-mcn-columns--gutter-m\">\n    <div class=\"mhh-mcn-columns-inner\">\n        \n<div class=\"mhh-mcn-v1-column mhh-mcn-v1-column--edb6c2969d3284dde495f3947520fb47 mhh-mcn-column mhh-mcn-column--12 mhh-mcn-column--m-6 mhh-mcn-column--l-6\">\n    \n<figure class=\"mhh-mcn-v1-image mhh-mcn-v1-image--39f5a3070890694353eeb6d862d5e942\">\n                    <img loading=\"lazy\" decoding=\"async\"\n        class=\"mhh-mcn-image mhh-mcn-image--full wp-image-88487\"\n        src=\"https:\/\/msdconecta.co.cr\/es\/wp-content\/uploads\/sites\/77\/2024\/03\/recomendaciones.png?quality=80&#038;lossy=1\"\n        width=\"419\"\n        height=\"297\"\n                alt=\"\"\n            \/>\n            <\/figure>\n\n<\/div>\n\n\n<div class=\"mhh-mcn-v1-column mhh-mcn-v1-column--b7f0cc0fe8d5ed7ae14fe433ff5a551e mhh-mcn-column mhh-mcn-column--12 mhh-mcn-column--m-6 mhh-mcn-column--l-6\">\n    \n\n<p class=\"   mhh-mcn-v1-paragraph mhh-mcn-v1-paragraph--d5e80b68d6592a5cf7056e415d00a14f\" dir=\"ltr\" lang=\"en-US\">ACIP recomienda que todos los adultos mayores de 65 a\u00f1os reciban 1 dosis de PPSV23. Se recomienda una dosis \u00fanica de PPSV23 para uso rutinario entre todos los adultos mayores de 65 a\u00f1os. PPSV23 contiene 12 serotipos para los cuales no hay efectos indirectos por el uso de PCV13 en ni\u00f1os. Los 11 serotipos adicionales representan del 32 % al 37 % de la ENI entre adultos mayores de 65 a\u00f1os. Los adultos mayores de 65 a\u00f1os que recibieron \u22651 dosis de PPSV23 antes de los 65 a\u00f1os deben recibir 1 dosis adicional de PPSV23 a la edad de &gt;= 65 a\u00f1os, al menos 5 a\u00f1os despu\u00e9s de la dosis anterior de PPSV23.<\/p>\n\n<\/div>\n\n    <\/div>\n\n    <\/div>\n\n\n\n<p dir=\"ltr\" lang=\"en-US\" class=\"has-object-object-font-size   mhh-mcn-v1-paragraph mhh-mcn-v1-paragraph--c462a89d4b1303171942f5a9b4fe9b5a\">CDC=Centers for Disease Control and Prevention; LCR=l\u00edquido cefalorraqu\u00eddeo; HCP=health care professional; *PCV13 [prote\u00edna CRM197 de la difteria]= Vacuna antineumoc\u00f3cica conjugada 13-valente (prote\u00edna CRM197 de la difteria). Las marcas mencionadas son marcas comerciales de sus respectivos propietarios. aExcluyendo aquellos con fuga de LCR o implante coclear. Para pacientes adultos inmunocompetentes de \u226565 a\u00f1os con fuga de LCR o implante coclear, los CDC recomiendan una dosis de rutina de PCV13= (si no la recibieron previamente) seguida al menos 8 semanas despu\u00e9s de una dosis de rutina de PNEUMOVAX 23. bPNEUMOVAX\u00ae23 y PCV13no deben administrarse conjuntamente.<\/p>\n\n\n\n<p class=\"   mhh-mcn-v1-paragraph mhh-mcn-v1-paragraph--1f0989ce9470ad8506053665fc4134ef\" dir=\"ltr\" lang=\"en-US\"><\/p>\n\n\n\n<div style=\"height:43px\" aria-hidden=\"true\" class=\"wp-block-spacer\"><\/div>\n\n\n\n<p class=\"wp-caption-text has-object-object-font-size   mhh-mcn-v1-paragraph mhh-mcn-v1-paragraph--508ff2e18a96fdb499fd4ad7b56e8ed7\">Referencia:<\/p>\n\n\n\n<ol class=\"wp-caption-text mhh-mcn-v1-clist mhh-mcn-v1-clist--fa7e721a9276b7d088a76d346c0e215c mhh-mcn-v1-clist--order-starts-2-digits mhh-mcn-list list-style-type-line\" start=\"1\">\n    <li>Matanock A et al. MMWR Morb Mortal Wkly Rep. 2019;68(46):1069\u20131075.<\/li><\/ol>\n","protected":false},"excerpt":{"rendered":"<p>Recomendaciones de vacunaci\u00f3n neumoc\u00f3cica del ACIP de 2019 para adultos inmunocompetentes de \u226565 a\u00f1os en los Estados Unidos Administraci\u00f3n secuencial [&hellip;]<\/p>\n","protected":false},"author":61360,"featured_media":0,"parent":88066,"menu_order":14,"template":"","meta":{"_mhh_mcn_text_direction":"ltr","_mhh_mcn_language":"en_US","_mhh_mcn_left_sidebar_settings":{"entityId":0},"_mhh_mcn_sidebar_settings":{"entityId":0},"mhh_mcn_side_navigation_style":{"fontSize":{"l":"","m":"","s":""},"lineHeight":{"l":1.5,"m":1.5,"s":1.5},"itemColor":"","hoverItemColor":"","currentItemColor":"","borderItemColor":"","backgroundItemHoverColor":"","themeColor":""},"_mhh_mcn_child_page_navigation":{"isActive":true,"isSticky":true},"hide_header":false,"show_top_bar":false,"hide_footer":false,"full_width_layout":false,"product_resource":[],"related_products":"","fact_sheet":null,"scientific_title":"","job_code":"","banner":null,"primary_logo":88114,"secondary_logo":null,"icon":null,"primary_tag":0,"editor_notices":[],"mconnectHideShareThis":true,"footnotes":"","mconnectIsArchiveTemplate":false,"mconnectArchiveFiltersDisabled":false,"mconnectArchiveLockAllPresetFilters":false,"mconnectArchiveHidePageSubmenu":false,"mconnectArchiveShowParentPageOnly":false,"mconnectArchiveDefaultOrder":"DESC","mconnectArchiveDefaultOrderBy":"date","mconnectArchivePostsPerPage":12,"mconnectArchivePostTypes":[],"mconnectArchiveAllowFilterBy":["category","tx-content-type","tx-product","tx-pathology","tx-active-ingredient","tx-therapeutic-area"],"mconnectArchiveFilterSorting":["is_keyword"],"mconnectArchiveContentItemStyle":{"showExcerpt":true,"showImage":true,"showIcon":false,"showPrimaryTag":true,"showBorder":false,"showDates":false,"showCta":true,"isCard":false,"hasBackground":false,"showMetadata":true},"mconnectArchiveLayout":{"type":"list","hasFeatured":false},"mconnectDynamicTaxonomyEntities":[],"mconnectArchiveTerms_category":[],"mconnectArchiveAllowTerms_category":[],"mconnectArchiveTerms_tx-content-type":[],"mconnectArchiveAllowTerms_tx-content-type":[],"mconnectArchiveTerms_tx-product":[],"mconnectArchiveAllowTerms_tx-product":[],"mconnectArchiveTerms_tx-pathology":[],"mconnectArchiveAllowTerms_tx-pathology":[],"mconnectArchiveTerms_tx-active-ingredient":[],"mconnectArchiveAllowTerms_tx-active-ingredient":[],"mconnectArchiveTerms_tx-therapeutic-area":[],"mconnectArchiveAllowTerms_tx-therapeutic-area":[],"mconnectArchiveAllowTerms_dynamic-taxonomy":[],"mconnectArchiveLegacyDefaultTermsApplied":false,"mconnectContentUpdatesPerPage":10,"mconnectContentUpdatesViewMoreUrl":"","mconnectContentUpdatesTerms_tx-content-type":[],"mconnectContentUpdatesTerms_tx-product":[],"mconnectContentUpdatesTerms_tx-pathology":[],"mconnectContentUpdatesTerms_tx-active-ingredient":[],"mconnectContentUpdatesTerms_tx-therapeutic-area":[],"sidebar_toogle":0,"sidebar_toogle_notification_warning":true,"sidebar_toogle_notification_alert":true,"content_expiration_sidebar_date":"","content_expiration_sidebar_expired_post_status":"","content_expiration_sidebar_redirection":""},"categories":[],"tags":[],"ga4_page_audience":[1187],"ga4_page_birn_id":[],"ga4_page_branding":[],"ga4_page_businessunit":[],"ga4_page_campaign":[],"ga4_page_content_purpose":[],"ga4_page_customer_journey_stage":[],"ga4_page_customer_specialty":[],"ga4_page_experience":[],"ga4_page_indication":[],"ga4_page_material_intent":[],"ga4_page_product":[],"ga4_page_region":[921],"ga4_page_therapeuticarea":[],"tx-therapeutic-area":[],"tx-product":[],"tx-pathology":[],"tx-content-type":[],"tx-active-ingredient":[],"mhh-area-of-interest":[],"access":[],"user_status":[],"user_role":[],"class_list":["post-88483","product","type-product","status-publish","hentry"],"yoast_head":"<!-- This site is optimized with the Yoast SEO plugin v23.9 - https:\/\/yoast.com\/wordpress\/plugins\/seo\/ -->\n<title>Recomendaciones actuales - MConnect Cenca Spanish<\/title>\n<meta name=\"robots\" content=\"index, follow, max-snippet:-1, max-image-preview:large, max-video-preview:-1\" \/>\n<link rel=\"canonical\" href=\"https:\/\/msdconecta.co.cr\/es\/products\/pneumovax\/recomendaciones-actuales\/\" \/>\n<meta property=\"og:locale\" content=\"es_ES\" \/>\n<meta property=\"og:type\" content=\"article\" \/>\n<meta property=\"og:title\" content=\"Recomendaciones actuales - MConnect Cenca Spanish\" \/>\n<meta property=\"og:description\" content=\"Recomendaciones de vacunaci\u00f3n neumoc\u00f3cica del ACIP de 2019 para adultos inmunocompetentes de \u226565 a\u00f1os en los Estados Unidos Administraci\u00f3n secuencial [&hellip;]\" \/>\n<meta property=\"og:url\" content=\"https:\/\/msdconecta.co.cr\/es\/products\/pneumovax\/recomendaciones-actuales\/\" \/>\n<meta property=\"og:site_name\" content=\"MConnect Cenca Spanish\" \/>\n<meta property=\"article:modified_time\" content=\"2024-03-13T11:46:28+00:00\" \/>\n<meta name=\"twitter:card\" content=\"summary_large_image\" \/>\n<meta name=\"twitter:label1\" content=\"Tiempo de lectura\" \/>\n\t<meta name=\"twitter:data1\" content=\"1 minuto\" \/>\n<script type=\"application\/ld+json\" class=\"yoast-schema-graph\">{\"@context\":\"https:\/\/schema.org\",\"@graph\":[{\"@type\":\"WebPage\",\"@id\":\"https:\/\/msdconecta.co.cr\/es\/products\/pneumovax\/recomendaciones-actuales\/\",\"url\":\"https:\/\/msdconecta.co.cr\/es\/products\/pneumovax\/recomendaciones-actuales\/\",\"name\":\"Recomendaciones actuales - MConnect Cenca Spanish\",\"isPartOf\":{\"@id\":\"https:\/\/msdconecta.co.cr\/es\/#website\"},\"datePublished\":\"2024-03-12T14:21:37+00:00\",\"dateModified\":\"2024-03-13T11:46:28+00:00\",\"breadcrumb\":{\"@id\":\"https:\/\/msdconecta.co.cr\/es\/products\/pneumovax\/recomendaciones-actuales\/#breadcrumb\"},\"inLanguage\":\"es-CO\",\"potentialAction\":[{\"@type\":\"ReadAction\",\"target\":[\"https:\/\/msdconecta.co.cr\/es\/products\/pneumovax\/recomendaciones-actuales\/\"]}]},{\"@type\":\"BreadcrumbList\",\"@id\":\"https:\/\/msdconecta.co.cr\/es\/products\/pneumovax\/recomendaciones-actuales\/#breadcrumb\",\"itemListElement\":[{\"@type\":\"ListItem\",\"position\":1,\"name\":\"Home\",\"item\":\"https:\/\/msdconecta.co.cr\/es\/\"},{\"@type\":\"ListItem\",\"position\":2,\"name\":\"Productos\",\"item\":\"https:\/\/msdconecta.co.cr\/es\/products\/\"},{\"@type\":\"ListItem\",\"position\":3,\"name\":\"\u00bfY el neumococo?\",\"item\":\"https:\/\/msdconecta.co.cr\/es\/products\/pneumovax\/\"},{\"@type\":\"ListItem\",\"position\":4,\"name\":\"Recomendaciones actuales\"}]},{\"@type\":\"WebSite\",\"@id\":\"https:\/\/msdconecta.co.cr\/es\/#website\",\"url\":\"https:\/\/msdconecta.co.cr\/es\/\",\"name\":\"MConnect Cenca Spanish\",\"description\":\"\",\"publisher\":{\"@id\":\"https:\/\/msdconecta.co.cr\/es\/#organization\"},\"potentialAction\":[{\"@type\":\"SearchAction\",\"target\":{\"@type\":\"EntryPoint\",\"urlTemplate\":\"https:\/\/msdconecta.co.cr\/es\/?s={search_term_string}\"},\"query-input\":{\"@type\":\"PropertyValueSpecification\",\"valueRequired\":true,\"valueName\":\"search_term_string\"}}],\"inLanguage\":\"es-CO\"},{\"@type\":\"Organization\",\"@id\":\"https:\/\/msdconecta.co.cr\/es\/#organization\",\"name\":\"MConnect Cenca Spanish\",\"url\":\"https:\/\/msdconecta.co.cr\/es\/\",\"logo\":{\"@type\":\"ImageObject\",\"inLanguage\":\"es-CO\",\"@id\":\"https:\/\/msdconecta.co.cr\/es\/#\/schema\/logo\/image\/\",\"url\":\"https:\/\/msdconecta.co.cr\/es\/wp-content\/uploads\/sites\/77\/2022\/07\/logo_tcm2359-1256911.png\",\"contentUrl\":\"https:\/\/msdconecta.co.cr\/es\/wp-content\/uploads\/sites\/77\/2022\/07\/logo_tcm2359-1256911.png\",\"width\":152,\"height\":48,\"caption\":\"MConnect Cenca Spanish\"},\"image\":{\"@id\":\"https:\/\/msdconecta.co.cr\/es\/#\/schema\/logo\/image\/\"}}]}<\/script>\n<!-- \/ Yoast SEO plugin. -->","yoast_head_json":{"title":"Recomendaciones actuales - MConnect Cenca Spanish","robots":{"index":"index","follow":"follow","max-snippet":"max-snippet:-1","max-image-preview":"max-image-preview:large","max-video-preview":"max-video-preview:-1"},"canonical":"https:\/\/msdconecta.co.cr\/es\/products\/pneumovax\/recomendaciones-actuales\/","og_locale":"es_ES","og_type":"article","og_title":"Recomendaciones actuales - MConnect Cenca Spanish","og_description":"Recomendaciones de vacunaci\u00f3n neumoc\u00f3cica del ACIP de 2019 para adultos inmunocompetentes de \u226565 a\u00f1os en los Estados Unidos Administraci\u00f3n secuencial [&hellip;]","og_url":"https:\/\/msdconecta.co.cr\/es\/products\/pneumovax\/recomendaciones-actuales\/","og_site_name":"MConnect Cenca Spanish","article_modified_time":"2024-03-13T11:46:28+00:00","twitter_card":"summary_large_image","twitter_misc":{"Tiempo de lectura":"1 minuto"},"schema":{"@context":"https:\/\/schema.org","@graph":[{"@type":"WebPage","@id":"https:\/\/msdconecta.co.cr\/es\/products\/pneumovax\/recomendaciones-actuales\/","url":"https:\/\/msdconecta.co.cr\/es\/products\/pneumovax\/recomendaciones-actuales\/","name":"Recomendaciones actuales - MConnect Cenca Spanish","isPartOf":{"@id":"https:\/\/msdconecta.co.cr\/es\/#website"},"datePublished":"2024-03-12T14:21:37+00:00","dateModified":"2024-03-13T11:46:28+00:00","breadcrumb":{"@id":"https:\/\/msdconecta.co.cr\/es\/products\/pneumovax\/recomendaciones-actuales\/#breadcrumb"},"inLanguage":"es-CO","potentialAction":[{"@type":"ReadAction","target":["https:\/\/msdconecta.co.cr\/es\/products\/pneumovax\/recomendaciones-actuales\/"]}]},{"@type":"BreadcrumbList","@id":"https:\/\/msdconecta.co.cr\/es\/products\/pneumovax\/recomendaciones-actuales\/#breadcrumb","itemListElement":[{"@type":"ListItem","position":1,"name":"Home","item":"https:\/\/msdconecta.co.cr\/es\/"},{"@type":"ListItem","position":2,"name":"Productos","item":"https:\/\/msdconecta.co.cr\/es\/products\/"},{"@type":"ListItem","position":3,"name":"\u00bfY el neumococo?","item":"https:\/\/msdconecta.co.cr\/es\/products\/pneumovax\/"},{"@type":"ListItem","position":4,"name":"Recomendaciones actuales"}]},{"@type":"WebSite","@id":"https:\/\/msdconecta.co.cr\/es\/#website","url":"https:\/\/msdconecta.co.cr\/es\/","name":"MConnect Cenca Spanish","description":"","publisher":{"@id":"https:\/\/msdconecta.co.cr\/es\/#organization"},"potentialAction":[{"@type":"SearchAction","target":{"@type":"EntryPoint","urlTemplate":"https:\/\/msdconecta.co.cr\/es\/?s={search_term_string}"},"query-input":{"@type":"PropertyValueSpecification","valueRequired":true,"valueName":"search_term_string"}}],"inLanguage":"es-CO"},{"@type":"Organization","@id":"https:\/\/msdconecta.co.cr\/es\/#organization","name":"MConnect Cenca Spanish","url":"https:\/\/msdconecta.co.cr\/es\/","logo":{"@type":"ImageObject","inLanguage":"es-CO","@id":"https:\/\/msdconecta.co.cr\/es\/#\/schema\/logo\/image\/","url":"https:\/\/msdconecta.co.cr\/es\/wp-content\/uploads\/sites\/77\/2022\/07\/logo_tcm2359-1256911.png","contentUrl":"https:\/\/msdconecta.co.cr\/es\/wp-content\/uploads\/sites\/77\/2022\/07\/logo_tcm2359-1256911.png","width":152,"height":48,"caption":"MConnect Cenca Spanish"},"image":{"@id":"https:\/\/msdconecta.co.cr\/es\/#\/schema\/logo\/image\/"}}]}},"_links":{"self":[{"href":"https:\/\/msdconecta.co.cr\/es\/wp-json\/wp\/v2\/product\/88483","targetHints":{"allow":["GET"]}}],"collection":[{"href":"https:\/\/msdconecta.co.cr\/es\/wp-json\/wp\/v2\/product"}],"about":[{"href":"https:\/\/msdconecta.co.cr\/es\/wp-json\/wp\/v2\/types\/product"}],"author":[{"embeddable":true,"href":"https:\/\/msdconecta.co.cr\/es\/wp-json\/wp\/v2\/users\/61360"}],"version-history":[{"count":8,"href":"https:\/\/msdconecta.co.cr\/es\/wp-json\/wp\/v2\/product\/88483\/revisions"}],"predecessor-version":[{"id":88623,"href":"https:\/\/msdconecta.co.cr\/es\/wp-json\/wp\/v2\/product\/88483\/revisions\/88623"}],"up":[{"embeddable":true,"href":"https:\/\/msdconecta.co.cr\/es\/wp-json\/wp\/v2\/product\/88066"}],"wp:attachment":[{"href":"https:\/\/msdconecta.co.cr\/es\/wp-json\/wp\/v2\/media?parent=88483"}],"wp:term":[{"taxonomy":"category","embeddable":true,"href":"https:\/\/msdconecta.co.cr\/es\/wp-json\/wp\/v2\/categories?post=88483"},{"taxonomy":"post_tag","embeddable":true,"href":"https:\/\/msdconecta.co.cr\/es\/wp-json\/wp\/v2\/tags?post=88483"},{"taxonomy":"ga4_page_audience","embeddable":true,"href":"https:\/\/msdconecta.co.cr\/es\/wp-json\/wp\/v2\/ga4_page_audience?post=88483"},{"taxonomy":"ga4_page_birn_id","embeddable":true,"href":"https:\/\/msdconecta.co.cr\/es\/wp-json\/wp\/v2\/ga4_page_birn_id?post=88483"},{"taxonomy":"ga4_page_branding","embeddable":true,"href":"https:\/\/msdconecta.co.cr\/es\/wp-json\/wp\/v2\/ga4_page_branding?post=88483"},{"taxonomy":"ga4_page_businessunit","embeddable":true,"href":"https:\/\/msdconecta.co.cr\/es\/wp-json\/wp\/v2\/ga4_page_businessunit?post=88483"},{"taxonomy":"ga4_page_campaign","embeddable":true,"href":"https:\/\/msdconecta.co.cr\/es\/wp-json\/wp\/v2\/ga4_page_campaign?post=88483"},{"taxonomy":"ga4_page_content_purpose","embeddable":true,"href":"https:\/\/msdconecta.co.cr\/es\/wp-json\/wp\/v2\/ga4_page_content_purpose?post=88483"},{"taxonomy":"ga4_page_customer_journey_stage","embeddable":true,"href":"https:\/\/msdconecta.co.cr\/es\/wp-json\/wp\/v2\/ga4_page_customer_journey_stage?post=88483"},{"taxonomy":"ga4_page_customer_specialty","embeddable":true,"href":"https:\/\/msdconecta.co.cr\/es\/wp-json\/wp\/v2\/ga4_page_customer_specialty?post=88483"},{"taxonomy":"ga4_page_experience","embeddable":true,"href":"https:\/\/msdconecta.co.cr\/es\/wp-json\/wp\/v2\/ga4_page_experience?post=88483"},{"taxonomy":"ga4_page_indication","embeddable":true,"href":"https:\/\/msdconecta.co.cr\/es\/wp-json\/wp\/v2\/ga4_page_indication?post=88483"},{"taxonomy":"ga4_page_material_intent","embeddable":true,"href":"https:\/\/msdconecta.co.cr\/es\/wp-json\/wp\/v2\/ga4_page_material_intent?post=88483"},{"taxonomy":"ga4_page_product","embeddable":true,"href":"https:\/\/msdconecta.co.cr\/es\/wp-json\/wp\/v2\/ga4_page_product?post=88483"},{"taxonomy":"ga4_page_region","embeddable":true,"href":"https:\/\/msdconecta.co.cr\/es\/wp-json\/wp\/v2\/ga4_page_region?post=88483"},{"taxonomy":"ga4_page_therapeuticarea","embeddable":true,"href":"https:\/\/msdconecta.co.cr\/es\/wp-json\/wp\/v2\/ga4_page_therapeuticarea?post=88483"},{"taxonomy":"tx-therapeutic-area","embeddable":true,"href":"https:\/\/msdconecta.co.cr\/es\/wp-json\/wp\/v2\/tx-therapeutic-area?post=88483"},{"taxonomy":"tx-product","embeddable":true,"href":"https:\/\/msdconecta.co.cr\/es\/wp-json\/wp\/v2\/tx-product?post=88483"},{"taxonomy":"tx-pathology","embeddable":true,"href":"https:\/\/msdconecta.co.cr\/es\/wp-json\/wp\/v2\/tx-pathology?post=88483"},{"taxonomy":"tx-content-type","embeddable":true,"href":"https:\/\/msdconecta.co.cr\/es\/wp-json\/wp\/v2\/tx-content-type?post=88483"},{"taxonomy":"tx-active-ingredient","embeddable":true,"href":"https:\/\/msdconecta.co.cr\/es\/wp-json\/wp\/v2\/tx-active-ingredient?post=88483"},{"taxonomy":"mhh-area-of-interest","embeddable":true,"href":"https:\/\/msdconecta.co.cr\/es\/wp-json\/wp\/v2\/mhh-area-of-interest?post=88483"},{"taxonomy":"access","embeddable":true,"href":"https:\/\/msdconecta.co.cr\/es\/wp-json\/wp\/v2\/access?post=88483"},{"taxonomy":"user_status","embeddable":true,"href":"https:\/\/msdconecta.co.cr\/es\/wp-json\/wp\/v2\/user_status?post=88483"},{"taxonomy":"user_role","embeddable":true,"href":"https:\/\/msdconecta.co.cr\/es\/wp-json\/wp\/v2\/user_role?post=88483"}],"curies":[{"name":"wp","href":"https:\/\/api.w.org\/{rel}","templated":true}]}}