{"id":88493,"date":"2024-03-12T15:06:57","date_gmt":"2024-03-12T15:06:57","guid":{"rendered":"https:\/\/msdconecta.co.cr\/es\/?post_type=product&#038;p=88493"},"modified":"2024-03-13T11:47:03","modified_gmt":"2024-03-13T11:47:03","slug":"informacion-seleccionada-de-seguridad","status":"publish","type":"product","link":"https:\/\/msdconecta.co.cr\/es\/products\/pneumovax\/informacion-seleccionada-de-seguridad\/","title":{"rendered":"Informaci\u00f3n seleccionada de seguridad"},"content":{"rendered":"\n<p class=\"   mhh-mcn-v1-paragraph mhh-mcn-v1-paragraph--7c09c036251400fe491532d09bfb75b6\" dir=\"ltr\" lang=\"en-US\"><strong>Contraindicaciones<\/strong><\/p>\n\n\n\n<p class=\"   mhh-mcn-v1-paragraph mhh-mcn-v1-paragraph--885fc68aad640de0e55d761d83d1dbf1\" dir=\"ltr\" lang=\"en-US\">Hipersensibilidad a cualquiera de los componentes de la f\u00f3rmula. En caso de que ocurriera una reacci\u00f3n anafil\u00e1ctica aguda ocasionada por cualquier componente de la vacuna, debe aplicarse de inmediato una inyecci\u00f3n de epinefrina (1:1000).<\/p>\n\n\n\n<p class=\"   mhh-mcn-v1-paragraph mhh-mcn-v1-paragraph--502c823533cc6456453f5fe08b1b9026\" dir=\"ltr\" lang=\"en-US\"><strong>Precauciones<\/strong><\/p>\n\n\n\n<p class=\"   mhh-mcn-v1-paragraph mhh-mcn-v1-paragraph--f7fca65df9d98e367c583e99cd4d75a3\" dir=\"ltr\" lang=\"en-US\">Si se aplica la vacuna a personas que est\u00e1n recibiendo tratamiento inmunosupresor, es posible que no se obtenga la respuesta inmunol\u00f3gica esperada y pueden disminuir las respuestas futuras a los ant\u00edgenos neumoc\u00f3cicos. La administraci\u00f3n intrad\u00e9rmica puede causar reacciones locales intensas. Se debe tener precauci\u00f3n al administrar PNEUMOVAX 23 a personas con trastornos importantes de la funci\u00f3n cardiovascular y\/o pulmonar. Cualquier enfermedad respiratoria febril o infecci\u00f3n activa es raz\u00f3n suficiente para posponer la aplicaci\u00f3n de PNEUMOVAX 23, excepto cuando en opini\u00f3n del m\u00e9dico ese retardo implique un riesgo a\u00fan mayor. En los pacientes que necesitan profilaxis con penicilina u otro antibi\u00f3tico contra la infecci\u00f3n neumoc\u00f3cica, no se debe interrumpir la profilaxis tras la vacunaci\u00f3n con PNEUMOVAX 23.<br>Como ocurre con cualquier vacuna, la vacunaci\u00f3n con PNEUMOVAX 23 pudiera no conferir protecci\u00f3n completa.<\/p>\n\n\n\n<p class=\"   mhh-mcn-v1-paragraph mhh-mcn-v1-paragraph--12ff078b0bc59dfd1afb315933fd55c7\" dir=\"ltr\" lang=\"en-US\"><strong>Embarazo<\/strong><\/p>\n\n\n\n<p class=\"   mhh-mcn-v1-paragraph mhh-mcn-v1-paragraph--a3a598739e2335860f4dad0eed99aafa\" dir=\"ltr\" lang=\"en-US\">Se desconoce si PNEUMOVAX 23 pudiera causar da\u00f1o fetal cuando se administra a una mujer embarazada, o si la vacuna pudiera afectar la capacidad reproductiva. PNEUMOVAX 23 debe ser administrado a mujeres embarazadas s\u00f3lo si es claramente necesario.<\/p>\n\n\n\n<p class=\"   mhh-mcn-v1-paragraph mhh-mcn-v1-paragraph--493bd32c2e4f3ee3b7b80bac6d7fb022\" dir=\"ltr\" lang=\"en-US\"><strong>Reacciones adversas<\/strong><\/p>\n\n\n\n<p class=\"   mhh-mcn-v1-paragraph mhh-mcn-v1-paragraph--188e85be9679f7ec3627b957971558f3\" dir=\"ltr\" lang=\"en-US\">En los estudios cl\u00ednicos y\/o en la experiencia posterior a la comercializaci\u00f3n, se han reportado las siguientes experiencias adversas: reacciones en la zona de inyecci\u00f3n, las cuales consisten en dolor, irritaci\u00f3n, eritema, calor, hinchaz\u00f3n, endurecimiento local, movilidad reducida en las extremidades y edema perif\u00e9rico en la extremidad inyectada. Pocas veces se reportaron reacciones d\u00e9rmicas similares a la celulitis. Las reacciones locales pueden estar acompa\u00f1adas de signos y s\u00edntomas sist\u00e9micos, incluyendo fiebre, leucocitosis y un aumento en el valor de laboratorio para la prote\u00edna C reactiva del suero. Las experiencias adversas m\u00e1s comunes reportadas en los estudios cl\u00ednicos fueron fiebre (38.8 \u00baC\/102 \u00baF), reacciones en la zona de inyecci\u00f3n, incluyendo dolor, eritema, calor, hinchaz\u00f3n y endurecimiento local.<\/p>\n\n\n\n<p class=\"   mhh-mcn-v1-paragraph mhh-mcn-v1-paragraph--bbbe6cab92b1da2b5f6ef1dad9c77afa\" dir=\"ltr\" lang=\"en-US\"><strong>Antes de prescribir PNEUMOVAX 23, consulte la informaci\u00f3n para prescribir completa.<\/strong><\/p>\n\n\n<div class=\"mhh-mcn-v1-content-items mhh-mcn-v1-content-items--55b352228fd62142096a0551cdc2d34e wp-block-mconnect-theme-curated-content mhh-mcn-layout--columns mhh-mcn-columns mhh-mcn-v1-columns--9b6703ae97a7af4883f33de19cdb039b mhh-mcn-v1-columns mhh-mcn-columns--gutter-m\">\n    <div class=\"mhh-mcn-columns-inner\">\n        <div\n    class=\"mhh-mcn-column mhh-mcn-column--12 mhh-mcn-column--m-6 mhh-mcn-column--l-6 mhh-mcn-v1-content-item mhh-mcn-v1-content-item--5436c4c2e7de6066fc42a4790aa0a93c mhh-mcn-v1-content-item--card-style mhh-mcn-v1-content-item--no-media\">\n    <article class=\"mhh-mcn-v1-content-item-content\">\n    <section class=\"mhh-mcn-v1-content-item-content-body\">\n                <header class=\"mhh-mcn-v1-content-item-header\">\n    \n    <span class=\"mhh-mcn-v1-content-item-icon-type\">\n    <span class=\"mhh-mcn-v1-content-item-icon-type__icon\">\n    \n<svg width=\"1em\" height=\"1em\" class=\"mh-icon mh-icon--kind-generic mh-icon--name-arrow-right mh-icon--arrow-right\" role=\"img\" aria-hidden=\"true\">\n    \n    \n    <use xlink:href=\"https:\/\/msdconecta.co.cr\/es\/wp-content\/themes\/cex-wpvip-mhh-mconnect-theme-new-3.0\/modules\/icons\/resources\/icons\/svg\/generic\/arrow-right.svg#arrow-right\"><\/use>\n<\/svg>\n    <\/span>\n    <\/span>\n    <h2 class=\"mhh-mcn-v1-content-item-title mhh-mcn-v1-content-item-title--c06ec76831703497d2b89abb588910eb\">\n    \n    <a class=\"mhh-mcn-v1-content-item-title__link\" href=\"https:\/\/msdconecta.co.cr\/es\/wp-content\/uploads\/sites\/77\/2024\/03\/esquema-vacunacion.jpg\" target=\"_self\">\n        Informaci\u00f3n para prescribir completa    <\/a>\n    <\/h2>\n\n    <\/header>\n\n                \n<div class=\"mhh-mcn-v1-content-item-meta mhh-mcn-badge-container\">\n    \n    \n    <\/div>\n    <\/section>\n    <div class=\"mhh-mcn-v1-content-item-footer\">\n    \n    \n    <\/div>\n<\/article>\n<\/div>\n    <\/div>\n\n    <\/div>\n","protected":false},"excerpt":{"rendered":"<p>Contraindicaciones Hipersensibilidad a cualquiera de los componentes de la f\u00f3rmula. En caso de que ocurriera una reacci\u00f3n anafil\u00e1ctica aguda ocasionada [&hellip;]<\/p>\n","protected":false},"author":61360,"featured_media":0,"parent":88066,"menu_order":15,"template":"","meta":{"_mhh_mcn_text_direction":"ltr","_mhh_mcn_language":"en_US","_mhh_mcn_left_sidebar_settings":{"entityId":0},"_mhh_mcn_sidebar_settings":{"entityId":0},"mhh_mcn_side_navigation_style":{"fontSize":{"l":"","m":"","s":""},"lineHeight":{"l":1.5,"m":1.5,"s":1.5},"itemColor":"","hoverItemColor":"","currentItemColor":"","borderItemColor":"","backgroundItemHoverColor":"","themeColor":""},"_mhh_mcn_child_page_navigation":{"isActive":true,"isSticky":true},"hide_header":false,"show_top_bar":false,"hide_footer":false,"full_width_layout":false,"product_resource":[],"related_products":"","fact_sheet":null,"scientific_title":"","job_code":"","banner":null,"primary_logo":88114,"secondary_logo":null,"icon":null,"primary_tag":0,"editor_notices":[],"mconnectHideShareThis":true,"footnotes":"","mconnectIsArchiveTemplate":false,"mconnectArchiveFiltersDisabled":false,"mconnectArchiveLockAllPresetFilters":false,"mconnectArchiveHidePageSubmenu":false,"mconnectArchiveShowParentPageOnly":false,"mconnectArchiveDefaultOrder":"DESC","mconnectArchiveDefaultOrderBy":"date","mconnectArchivePostsPerPage":12,"mconnectArchivePostTypes":[],"mconnectArchiveAllowFilterBy":["category","tx-content-type","tx-product","tx-pathology","tx-active-ingredient","tx-therapeutic-area"],"mconnectArchiveFilterSorting":["is_keyword"],"mconnectArchiveContentItemStyle":{"showExcerpt":true,"showImage":true,"showIcon":false,"showPrimaryTag":true,"showBorder":false,"showDates":false,"showCta":true,"isCard":false,"hasBackground":false,"showMetadata":true},"mconnectArchiveLayout":{"type":"list","hasFeatured":false},"mconnectDynamicTaxonomyEntities":[],"mconnectArchiveTerms_category":[],"mconnectArchiveAllowTerms_category":[],"mconnectArchiveTerms_tx-content-type":[],"mconnectArchiveAllowTerms_tx-content-type":[],"mconnectArchiveTerms_tx-product":[],"mconnectArchiveAllowTerms_tx-product":[],"mconnectArchiveTerms_tx-pathology":[],"mconnectArchiveAllowTerms_tx-pathology":[],"mconnectArchiveTerms_tx-active-ingredient":[],"mconnectArchiveAllowTerms_tx-active-ingredient":[],"mconnectArchiveTerms_tx-therapeutic-area":[],"mconnectArchiveAllowTerms_tx-therapeutic-area":[],"mconnectArchiveAllowTerms_dynamic-taxonomy":[],"mconnectArchiveLegacyDefaultTermsApplied":false,"mconnectContentUpdatesPerPage":10,"mconnectContentUpdatesViewMoreUrl":"","mconnectContentUpdatesTerms_tx-content-type":[],"mconnectContentUpdatesTerms_tx-product":[],"mconnectContentUpdatesTerms_tx-pathology":[],"mconnectContentUpdatesTerms_tx-active-ingredient":[],"mconnectContentUpdatesTerms_tx-therapeutic-area":[],"sidebar_toogle":0,"sidebar_toogle_notification_warning":true,"sidebar_toogle_notification_alert":true,"content_expiration_sidebar_date":"","content_expiration_sidebar_expired_post_status":"","content_expiration_sidebar_redirection":""},"categories":[],"tags":[],"ga4_page_audience":[1187],"ga4_page_birn_id":[],"ga4_page_branding":[],"ga4_page_businessunit":[],"ga4_page_campaign":[],"ga4_page_content_purpose":[],"ga4_page_customer_journey_stage":[],"ga4_page_customer_specialty":[],"ga4_page_experience":[],"ga4_page_indication":[],"ga4_page_material_intent":[],"ga4_page_product":[],"ga4_page_region":[921],"ga4_page_therapeuticarea":[],"tx-therapeutic-area":[],"tx-product":[],"tx-pathology":[],"tx-content-type":[],"tx-active-ingredient":[],"mhh-area-of-interest":[],"access":[],"user_status":[],"user_role":[],"class_list":["post-88493","product","type-product","status-publish","hentry"],"yoast_head":"<!-- This site is optimized with the Yoast SEO plugin v23.9 - https:\/\/yoast.com\/wordpress\/plugins\/seo\/ -->\n<title>Informaci\u00f3n seleccionada de seguridad - MConnect Cenca Spanish<\/title>\n<meta name=\"robots\" content=\"index, follow, max-snippet:-1, max-image-preview:large, max-video-preview:-1\" \/>\n<link rel=\"canonical\" href=\"https:\/\/msdconecta.co.cr\/es\/products\/pneumovax\/informacion-seleccionada-de-seguridad\/\" \/>\n<meta property=\"og:locale\" content=\"es_ES\" \/>\n<meta property=\"og:type\" content=\"article\" \/>\n<meta property=\"og:title\" content=\"Informaci\u00f3n seleccionada de seguridad - MConnect Cenca Spanish\" \/>\n<meta property=\"og:description\" content=\"Contraindicaciones Hipersensibilidad a cualquiera de los componentes de la f\u00f3rmula. En caso de que ocurriera una reacci\u00f3n anafil\u00e1ctica aguda ocasionada [&hellip;]\" \/>\n<meta property=\"og:url\" content=\"https:\/\/msdconecta.co.cr\/es\/products\/pneumovax\/informacion-seleccionada-de-seguridad\/\" \/>\n<meta property=\"og:site_name\" content=\"MConnect Cenca Spanish\" \/>\n<meta property=\"article:modified_time\" content=\"2024-03-13T11:47:03+00:00\" \/>\n<meta name=\"twitter:card\" content=\"summary_large_image\" \/>\n<meta name=\"twitter:label1\" content=\"Tiempo de lectura\" \/>\n\t<meta name=\"twitter:data1\" content=\"2 minutos\" \/>\n<script type=\"application\/ld+json\" class=\"yoast-schema-graph\">{\"@context\":\"https:\/\/schema.org\",\"@graph\":[{\"@type\":\"WebPage\",\"@id\":\"https:\/\/msdconecta.co.cr\/es\/products\/pneumovax\/informacion-seleccionada-de-seguridad\/\",\"url\":\"https:\/\/msdconecta.co.cr\/es\/products\/pneumovax\/informacion-seleccionada-de-seguridad\/\",\"name\":\"Informaci\u00f3n seleccionada de seguridad - MConnect Cenca Spanish\",\"isPartOf\":{\"@id\":\"https:\/\/msdconecta.co.cr\/es\/#website\"},\"datePublished\":\"2024-03-12T15:06:57+00:00\",\"dateModified\":\"2024-03-13T11:47:03+00:00\",\"breadcrumb\":{\"@id\":\"https:\/\/msdconecta.co.cr\/es\/products\/pneumovax\/informacion-seleccionada-de-seguridad\/#breadcrumb\"},\"inLanguage\":\"es-CO\",\"potentialAction\":[{\"@type\":\"ReadAction\",\"target\":[\"https:\/\/msdconecta.co.cr\/es\/products\/pneumovax\/informacion-seleccionada-de-seguridad\/\"]}]},{\"@type\":\"BreadcrumbList\",\"@id\":\"https:\/\/msdconecta.co.cr\/es\/products\/pneumovax\/informacion-seleccionada-de-seguridad\/#breadcrumb\",\"itemListElement\":[{\"@type\":\"ListItem\",\"position\":1,\"name\":\"Home\",\"item\":\"https:\/\/msdconecta.co.cr\/es\/\"},{\"@type\":\"ListItem\",\"position\":2,\"name\":\"Productos\",\"item\":\"https:\/\/msdconecta.co.cr\/es\/products\/\"},{\"@type\":\"ListItem\",\"position\":3,\"name\":\"\u00bfY el neumococo?\",\"item\":\"https:\/\/msdconecta.co.cr\/es\/products\/pneumovax\/\"},{\"@type\":\"ListItem\",\"position\":4,\"name\":\"Informaci\u00f3n seleccionada de seguridad\"}]},{\"@type\":\"WebSite\",\"@id\":\"https:\/\/msdconecta.co.cr\/es\/#website\",\"url\":\"https:\/\/msdconecta.co.cr\/es\/\",\"name\":\"MConnect Cenca Spanish\",\"description\":\"\",\"publisher\":{\"@id\":\"https:\/\/msdconecta.co.cr\/es\/#organization\"},\"potentialAction\":[{\"@type\":\"SearchAction\",\"target\":{\"@type\":\"EntryPoint\",\"urlTemplate\":\"https:\/\/msdconecta.co.cr\/es\/?s={search_term_string}\"},\"query-input\":{\"@type\":\"PropertyValueSpecification\",\"valueRequired\":true,\"valueName\":\"search_term_string\"}}],\"inLanguage\":\"es-CO\"},{\"@type\":\"Organization\",\"@id\":\"https:\/\/msdconecta.co.cr\/es\/#organization\",\"name\":\"MConnect Cenca Spanish\",\"url\":\"https:\/\/msdconecta.co.cr\/es\/\",\"logo\":{\"@type\":\"ImageObject\",\"inLanguage\":\"es-CO\",\"@id\":\"https:\/\/msdconecta.co.cr\/es\/#\/schema\/logo\/image\/\",\"url\":\"https:\/\/msdconecta.co.cr\/es\/wp-content\/uploads\/sites\/77\/2022\/07\/logo_tcm2359-1256911.png\",\"contentUrl\":\"https:\/\/msdconecta.co.cr\/es\/wp-content\/uploads\/sites\/77\/2022\/07\/logo_tcm2359-1256911.png\",\"width\":152,\"height\":48,\"caption\":\"MConnect Cenca Spanish\"},\"image\":{\"@id\":\"https:\/\/msdconecta.co.cr\/es\/#\/schema\/logo\/image\/\"}}]}<\/script>\n<!-- \/ Yoast SEO plugin. -->","yoast_head_json":{"title":"Informaci\u00f3n seleccionada de seguridad - MConnect Cenca Spanish","robots":{"index":"index","follow":"follow","max-snippet":"max-snippet:-1","max-image-preview":"max-image-preview:large","max-video-preview":"max-video-preview:-1"},"canonical":"https:\/\/msdconecta.co.cr\/es\/products\/pneumovax\/informacion-seleccionada-de-seguridad\/","og_locale":"es_ES","og_type":"article","og_title":"Informaci\u00f3n seleccionada de seguridad - MConnect Cenca Spanish","og_description":"Contraindicaciones Hipersensibilidad a cualquiera de los componentes de la f\u00f3rmula. En caso de que ocurriera una reacci\u00f3n anafil\u00e1ctica aguda ocasionada [&hellip;]","og_url":"https:\/\/msdconecta.co.cr\/es\/products\/pneumovax\/informacion-seleccionada-de-seguridad\/","og_site_name":"MConnect Cenca Spanish","article_modified_time":"2024-03-13T11:47:03+00:00","twitter_card":"summary_large_image","twitter_misc":{"Tiempo de lectura":"2 minutos"},"schema":{"@context":"https:\/\/schema.org","@graph":[{"@type":"WebPage","@id":"https:\/\/msdconecta.co.cr\/es\/products\/pneumovax\/informacion-seleccionada-de-seguridad\/","url":"https:\/\/msdconecta.co.cr\/es\/products\/pneumovax\/informacion-seleccionada-de-seguridad\/","name":"Informaci\u00f3n seleccionada de seguridad - MConnect Cenca Spanish","isPartOf":{"@id":"https:\/\/msdconecta.co.cr\/es\/#website"},"datePublished":"2024-03-12T15:06:57+00:00","dateModified":"2024-03-13T11:47:03+00:00","breadcrumb":{"@id":"https:\/\/msdconecta.co.cr\/es\/products\/pneumovax\/informacion-seleccionada-de-seguridad\/#breadcrumb"},"inLanguage":"es-CO","potentialAction":[{"@type":"ReadAction","target":["https:\/\/msdconecta.co.cr\/es\/products\/pneumovax\/informacion-seleccionada-de-seguridad\/"]}]},{"@type":"BreadcrumbList","@id":"https:\/\/msdconecta.co.cr\/es\/products\/pneumovax\/informacion-seleccionada-de-seguridad\/#breadcrumb","itemListElement":[{"@type":"ListItem","position":1,"name":"Home","item":"https:\/\/msdconecta.co.cr\/es\/"},{"@type":"ListItem","position":2,"name":"Productos","item":"https:\/\/msdconecta.co.cr\/es\/products\/"},{"@type":"ListItem","position":3,"name":"\u00bfY el neumococo?","item":"https:\/\/msdconecta.co.cr\/es\/products\/pneumovax\/"},{"@type":"ListItem","position":4,"name":"Informaci\u00f3n seleccionada de seguridad"}]},{"@type":"WebSite","@id":"https:\/\/msdconecta.co.cr\/es\/#website","url":"https:\/\/msdconecta.co.cr\/es\/","name":"MConnect Cenca Spanish","description":"","publisher":{"@id":"https:\/\/msdconecta.co.cr\/es\/#organization"},"potentialAction":[{"@type":"SearchAction","target":{"@type":"EntryPoint","urlTemplate":"https:\/\/msdconecta.co.cr\/es\/?s={search_term_string}"},"query-input":{"@type":"PropertyValueSpecification","valueRequired":true,"valueName":"search_term_string"}}],"inLanguage":"es-CO"},{"@type":"Organization","@id":"https:\/\/msdconecta.co.cr\/es\/#organization","name":"MConnect Cenca Spanish","url":"https:\/\/msdconecta.co.cr\/es\/","logo":{"@type":"ImageObject","inLanguage":"es-CO","@id":"https:\/\/msdconecta.co.cr\/es\/#\/schema\/logo\/image\/","url":"https:\/\/msdconecta.co.cr\/es\/wp-content\/uploads\/sites\/77\/2022\/07\/logo_tcm2359-1256911.png","contentUrl":"https:\/\/msdconecta.co.cr\/es\/wp-content\/uploads\/sites\/77\/2022\/07\/logo_tcm2359-1256911.png","width":152,"height":48,"caption":"MConnect Cenca Spanish"},"image":{"@id":"https:\/\/msdconecta.co.cr\/es\/#\/schema\/logo\/image\/"}}]}},"_links":{"self":[{"href":"https:\/\/msdconecta.co.cr\/es\/wp-json\/wp\/v2\/product\/88493","targetHints":{"allow":["GET"]}}],"collection":[{"href":"https:\/\/msdconecta.co.cr\/es\/wp-json\/wp\/v2\/product"}],"about":[{"href":"https:\/\/msdconecta.co.cr\/es\/wp-json\/wp\/v2\/types\/product"}],"author":[{"embeddable":true,"href":"https:\/\/msdconecta.co.cr\/es\/wp-json\/wp\/v2\/users\/61360"}],"version-history":[{"count":3,"href":"https:\/\/msdconecta.co.cr\/es\/wp-json\/wp\/v2\/product\/88493\/revisions"}],"predecessor-version":[{"id":88501,"href":"https:\/\/msdconecta.co.cr\/es\/wp-json\/wp\/v2\/product\/88493\/revisions\/88501"}],"up":[{"embeddable":true,"href":"https:\/\/msdconecta.co.cr\/es\/wp-json\/wp\/v2\/product\/88066"}],"wp:attachment":[{"href":"https:\/\/msdconecta.co.cr\/es\/wp-json\/wp\/v2\/media?parent=88493"}],"wp:term":[{"taxonomy":"category","embeddable":true,"href":"https:\/\/msdconecta.co.cr\/es\/wp-json\/wp\/v2\/categories?post=88493"},{"taxonomy":"post_tag","embeddable":true,"href":"https:\/\/msdconecta.co.cr\/es\/wp-json\/wp\/v2\/tags?post=88493"},{"taxonomy":"ga4_page_audience","embeddable":true,"href":"https:\/\/msdconecta.co.cr\/es\/wp-json\/wp\/v2\/ga4_page_audience?post=88493"},{"taxonomy":"ga4_page_birn_id","embeddable":true,"href":"https:\/\/msdconecta.co.cr\/es\/wp-json\/wp\/v2\/ga4_page_birn_id?post=88493"},{"taxonomy":"ga4_page_branding","embeddable":true,"href":"https:\/\/msdconecta.co.cr\/es\/wp-json\/wp\/v2\/ga4_page_branding?post=88493"},{"taxonomy":"ga4_page_businessunit","embeddable":true,"href":"https:\/\/msdconecta.co.cr\/es\/wp-json\/wp\/v2\/ga4_page_businessunit?post=88493"},{"taxonomy":"ga4_page_campaign","embeddable":true,"href":"https:\/\/msdconecta.co.cr\/es\/wp-json\/wp\/v2\/ga4_page_campaign?post=88493"},{"taxonomy":"ga4_page_content_purpose","embeddable":true,"href":"https:\/\/msdconecta.co.cr\/es\/wp-json\/wp\/v2\/ga4_page_content_purpose?post=88493"},{"taxonomy":"ga4_page_customer_journey_stage","embeddable":true,"href":"https:\/\/msdconecta.co.cr\/es\/wp-json\/wp\/v2\/ga4_page_customer_journey_stage?post=88493"},{"taxonomy":"ga4_page_customer_specialty","embeddable":true,"href":"https:\/\/msdconecta.co.cr\/es\/wp-json\/wp\/v2\/ga4_page_customer_specialty?post=88493"},{"taxonomy":"ga4_page_experience","embeddable":true,"href":"https:\/\/msdconecta.co.cr\/es\/wp-json\/wp\/v2\/ga4_page_experience?post=88493"},{"taxonomy":"ga4_page_indication","embeddable":true,"href":"https:\/\/msdconecta.co.cr\/es\/wp-json\/wp\/v2\/ga4_page_indication?post=88493"},{"taxonomy":"ga4_page_material_intent","embeddable":true,"href":"https:\/\/msdconecta.co.cr\/es\/wp-json\/wp\/v2\/ga4_page_material_intent?post=88493"},{"taxonomy":"ga4_page_product","embeddable":true,"href":"https:\/\/msdconecta.co.cr\/es\/wp-json\/wp\/v2\/ga4_page_product?post=88493"},{"taxonomy":"ga4_page_region","embeddable":true,"href":"https:\/\/msdconecta.co.cr\/es\/wp-json\/wp\/v2\/ga4_page_region?post=88493"},{"taxonomy":"ga4_page_therapeuticarea","embeddable":true,"href":"https:\/\/msdconecta.co.cr\/es\/wp-json\/wp\/v2\/ga4_page_therapeuticarea?post=88493"},{"taxonomy":"tx-therapeutic-area","embeddable":true,"href":"https:\/\/msdconecta.co.cr\/es\/wp-json\/wp\/v2\/tx-therapeutic-area?post=88493"},{"taxonomy":"tx-product","embeddable":true,"href":"https:\/\/msdconecta.co.cr\/es\/wp-json\/wp\/v2\/tx-product?post=88493"},{"taxonomy":"tx-pathology","embeddable":true,"href":"https:\/\/msdconecta.co.cr\/es\/wp-json\/wp\/v2\/tx-pathology?post=88493"},{"taxonomy":"tx-content-type","embeddable":true,"href":"https:\/\/msdconecta.co.cr\/es\/wp-json\/wp\/v2\/tx-content-type?post=88493"},{"taxonomy":"tx-active-ingredient","embeddable":true,"href":"https:\/\/msdconecta.co.cr\/es\/wp-json\/wp\/v2\/tx-active-ingredient?post=88493"},{"taxonomy":"mhh-area-of-interest","embeddable":true,"href":"https:\/\/msdconecta.co.cr\/es\/wp-json\/wp\/v2\/mhh-area-of-interest?post=88493"},{"taxonomy":"access","embeddable":true,"href":"https:\/\/msdconecta.co.cr\/es\/wp-json\/wp\/v2\/access?post=88493"},{"taxonomy":"user_status","embeddable":true,"href":"https:\/\/msdconecta.co.cr\/es\/wp-json\/wp\/v2\/user_status?post=88493"},{"taxonomy":"user_role","embeddable":true,"href":"https:\/\/msdconecta.co.cr\/es\/wp-json\/wp\/v2\/user_role?post=88493"}],"curies":[{"name":"wp","href":"https:\/\/api.w.org\/{rel}","templated":true}]}}